{"id":1447,"date":"2024-09-24T00:36:05","date_gmt":"2024-09-24T00:36:05","guid":{"rendered":"https:\/\/captecprecision.com\/?post_type=product&#038;p=1447"},"modified":"2024-10-23T08:23:12","modified_gmt":"2024-10-23T08:23:12","slug":"5-axis-cnc-machining","status":"publish","type":"product","link":"https:\/\/captecprecision.com\/es\/productos\/mecanizado-cnc-de-5-ejes\/","title":{"rendered":"Mecanizado de engranajes"},"content":{"rendered":"<h2>Mecanizado de engranajes Detalles del servicio<\/h2>\n<div class=\"max-width-960 mx-auto fs-16\">\n<p>Experiencia t\u00e9cnica:<\/p>\n<p>Nuestros servicios de mecanizado de engranajes se basan en tecnolog\u00eda avanzada y artesan\u00eda exquisita. Controlamos estrictamente todos los procesos de fabricaci\u00f3n de engranajes para garantizar que cumplen los m\u00e1s altos est\u00e1ndares de precisi\u00f3n industrial.<\/p>\n<p>Soluciones a medida:<\/p>\n<p>Nuestro equipo de ingenier\u00eda trabaja en estrecha colaboraci\u00f3n con los clientes desde la fase de dise\u00f1o, ofreciendo servicios de consultor\u00eda personalizados para garantizar que las soluciones de mecanizado de engranajes satisfagan las necesidades de aplicaci\u00f3n espec\u00edficas de nuestros clientes.<\/p>\n<p>Entrega r\u00e1pida:<\/p>\n<p>Entendemos la importancia del tiempo en la producci\u00f3n y nos comprometemos a optimizar el proceso de producci\u00f3n para lograr una entrega r\u00e1pida, apoyando los calendarios de los proyectos de nuestros clientes y la velocidad de respuesta del mercado.<\/p>\n<h2 class=\"\">Por qu\u00e9 elegir nuestro servicio de mecanizado de engranajes<\/h2>\n<p>Respuesta r\u00e1pida y entrega eficaz<br \/>\nNuestro compromiso con una respuesta r\u00e1pida y una entrega eficaz es la piedra angular de nuestro servicio. Con nuestros propios procesos de fabricaci\u00f3n controlados, podemos reducir los tiempos de producci\u00f3n para garantizar que sus pedidos se completen r\u00e1pidamente.<\/p>\n<p>Soluciones integrales a medida<br \/>\nOfrecemos una gama completa de servicios personalizados, desde la consulta de dise\u00f1o hasta la selecci\u00f3n de materiales. Nuestro equipo de profesionales colaborar\u00e1 estrechamente con usted para garantizar que sus necesidades personalizadas se satisfagan a la perfecci\u00f3n.<\/p>\n<p>Tecnolog\u00eda de alta calidad<br \/>\nAprovechando los equipos CNC m\u00e1s avanzados, nuestros servicios de fresado CNC garantizan que todos los procesos de mecanizado cumplan altos niveles de precisi\u00f3n y calidad, satisfaciendo sus estrictos requisitos de finura del producto.<\/p>\n<p>Servicio profesional personalizado<br \/>\nCada cliente puede disfrutar de nuestro servicio profesional personalizado, desde el inicio del proyecto hasta el servicio posventa. Nuestro equipo le ofrecer\u00e1 un apoyo continuo para garantizar que sus necesidades y consultas sean atendidas con prontitud.<\/p>\n<h2 class=\"\"><\/h2>\n<\/div>","protected":false},"excerpt":{"rendered":"<p>Los servicios de mecanizado de engranajes integran tres puntos fuertes fundamentales: artesan\u00eda de precisi\u00f3n, servicios personalizados y capacidad de producci\u00f3n r\u00e1pida. Utilizamos equipos de vanguardia y un equipo profesional para garantizar la perfecta precisi\u00f3n de cada engranaje, al tiempo que ofrecemos soluciones a medida para satisfacer las necesidades personalizadas de nuestros clientes. Nuestra r\u00e1pida capacidad de producci\u00f3n garantiza que los proyectos puedan responder al mercado a tiempo, acelerando el desarrollo empresarial de nuestros clientes.<\/p>\n<ul>\n<li>Fabricaci\u00f3n de alta precisi\u00f3n<\/li>\n<li>Servicios personalizados<\/li>\n<li>Producci\u00f3n de respuesta r\u00e1pida<\/li>\n<\/ul>\n<p><a href=\"https:\/\/captecprecision.com\/es\/pongase-en-contacto-con\/\">Solicitar presupuesto<\/a><\/p>","protected":false},"featured_media":2142,"comment_status":"open","ping_status":"closed","template":"","meta":{"om_disable_all_campaigns":false,"_monsterinsights_skip_tracking":false,"_monsterinsights_sitenote_active":false,"_monsterinsights_sitenote_note":"","_monsterinsights_sitenote_category":0,"site-sidebar-layout":"default","site-content-layout":"","ast-site-content-layout":"default","site-content-style":"default","site-sidebar-style":"default","ast-global-header-display":"","ast-banner-title-visibility":"","ast-main-header-display":"","ast-hfb-above-header-display":"","ast-hfb-below-header-display":"","ast-hfb-mobile-header-display":"","site-post-title":"","ast-breadcrumbs-content":"","ast-featured-img":"","footer-sml-layout":"","theme-transparent-header-meta":"default","adv-header-id-meta":"","stick-header-meta":"","header-above-stick-meta":"","header-main-stick-meta":"","header-below-stick-meta":"","astra-migrate-meta-layouts":"set","ast-page-background-enabled":"default","ast-page-background-meta":{"desktop":{"background-color":"var(--ast-global-color-4)","background-image":"","background-repeat":"repeat","background-position":"center center","background-size":"auto","background-attachment":"scroll","background-type":"","background-media":"","overlay-type":"","overlay-color":"","overlay-opacity":"","overlay-gradient":""},"tablet":{"background-color":"","background-image":"","background-repeat":"repeat","background-position":"center center","background-size":"auto","background-attachment":"scroll","background-type":"","background-media":"","overlay-type":"","overlay-color":"","overlay-opacity":"","overlay-gradient":""},"mobile":{"background-color":"","background-image":"","background-repeat":"repeat","background-position":"center center","background-size":"auto","background-attachment":"scroll","background-type":"","background-media":"","overlay-type":"","overlay-color":"","overlay-opacity":"","overlay-gradient":""}},"ast-content-background-meta":{"desktop":{"background-color":"var(--ast-global-color-5)","background-image":"","background-repeat":"repeat","background-position":"center center","background-size":"auto","background-attachment":"scroll","background-type":"","background-media":"","overlay-type":"","overlay-color":"","overlay-opacity":"","overlay-gradient":""},"tablet":{"background-color":"var(--ast-global-color-5)","background-image":"","background-repeat":"repeat","background-position":"center center","background-size":"auto","background-attachment":"scroll","background-type":"","background-media":"","overlay-type":"","overlay-color":"","overlay-opacity":"","overlay-gradient":""},"mobile":{"background-color":"var(--ast-global-color-5)","background-image":"","background-repeat":"repeat","background-position":"center center","background-size":"auto","background-attachment":"scroll","background-type":"","background-media":"","overlay-type":"","overlay-color":"","overlay-opacity":"","overlay-gradient":""}}},"product_brand":[],"product_cat":[19,28],"product_tag":[],"class_list":{"0":"post-1447","1":"product","2":"type-product","3":"status-publish","4":"has-post-thumbnail","6":"product_cat-cnc-machining","7":"product_cat-gear-machining","8":"desktop-align-left","9":"tablet-align-left","10":"mobile-align-left","12":"first","13":"instock","14":"shipping-taxable","15":"product-type-simple"},"aioseo_notices":[],"_links":{"self":[{"href":"https:\/\/captecprecision.com\/es\/wp-json\/wp\/v2\/product\/1447","targetHints":{"allow":["GET"]}}],"collection":[{"href":"https:\/\/captecprecision.com\/es\/wp-json\/wp\/v2\/product"}],"about":[{"href":"https:\/\/captecprecision.com\/es\/wp-json\/wp\/v2\/types\/product"}],"replies":[{"embeddable":true,"href":"https:\/\/captecprecision.com\/es\/wp-json\/wp\/v2\/comments?post=1447"}],"wp:featuredmedia":[{"embeddable":true,"href":"https:\/\/captecprecision.com\/es\/wp-json\/wp\/v2\/media\/2142"}],"wp:attachment":[{"href":"https:\/\/captecprecision.com\/es\/wp-json\/wp\/v2\/media?parent=1447"}],"wp:term":[{"taxonomy":"product_brand","embeddable":true,"href":"https:\/\/captecprecision.com\/es\/wp-json\/wp\/v2\/product_brand?post=1447"},{"taxonomy":"product_cat","embeddable":true,"href":"https:\/\/captecprecision.com\/es\/wp-json\/wp\/v2\/product_cat?post=1447"},{"taxonomy":"product_tag","embeddable":true,"href":"https:\/\/captecprecision.com\/es\/wp-json\/wp\/v2\/product_tag?post=1447"}],"curies":[{"name":"wp","href":"https:\/\/api.w.org\/{rel}","templated":true}]}}