{"id":2127,"date":"2024-10-23T07:25:58","date_gmt":"2024-10-23T07:25:58","guid":{"rendered":"https:\/\/captecprecision.com\/?post_type=product&#038;p=2127"},"modified":"2024-10-23T08:12:59","modified_gmt":"2024-10-23T08:12:59","slug":"cnc-milling-2","status":"publish","type":"product","link":"https:\/\/captecprecision.com\/es\/productos\/fresado-cnc-2\/","title":{"rendered":"Fresado CNC"},"content":{"rendered":"<h2>Detalles del servicio de fresado CNC<\/h2>\n<div class=\"max-width-960 mx-auto fs-16\">\n<p>Comprometidos a satisfacer las necesidades de los clientes con precisi\u00f3n y excelencia, estamos equipados con una amplia gama de equipos de fresado CNC, incluyendo tecnolog\u00eda de 3 ejes, 3+2 ejes, 4 ejes y hasta 5 ejes. A diferencia de la producci\u00f3n subcontratada, disponemos de nuestro propio centro de fresado CNC, lo que nos permite controlar todo el proceso, desde el dise\u00f1o del prototipo hasta la fabricaci\u00f3n del producto acabado. Este control garantiza que podamos ofrecer productos de mayor calidad y acortar los plazos de entrega. El\u00edjanos y deje que sus conceptos de dise\u00f1o se hagan realidad con la m\u00e1xima eficacia y la mejor calidad.<\/p>\n<figure id=\"attachment_2131\" aria-describedby=\"caption-attachment-2131\" style=\"width: 1024px\" class=\"wp-caption alignnone\"><img fetchpriority=\"high\" decoding=\"async\" class=\"size-full wp-image-2131\" src=\"https:\/\/captecprecision.com\/wp-content\/uploads\/2024\/09\/1-240G2143S0V4.jpg\" alt=\"\" width=\"1024\" height=\"684\" srcset=\"https:\/\/captecprecision.com\/wp-content\/uploads\/2024\/09\/1-240G2143S0V4.jpg 1024w, https:\/\/captecprecision.com\/wp-content\/uploads\/2024\/09\/1-240G2143S0V4-300x200.jpg 300w, https:\/\/captecprecision.com\/wp-content\/uploads\/2024\/09\/1-240G2143S0V4-768x513.jpg 768w, https:\/\/captecprecision.com\/wp-content\/uploads\/2024\/09\/1-240G2143S0V4-600x401.jpg 600w\" sizes=\"(max-width: 1024px) 100vw, 1024px\" \/><figcaption id=\"caption-attachment-2131\" class=\"wp-caption-text\">La salpicadura de refrigerante de aceite en la fresadora CNC. El proceso de fabricaci\u00f3n de moldes y matrices mediante centro de mecanizado CNC con m\u00e9todo de refrigerante de aceite.<\/figcaption><\/figure>\n<\/div>","protected":false},"excerpt":{"rendered":"<p>Servicios de fresado CNC flexibles y eficaces, especializados en la creaci\u00f3n r\u00e1pida de prototipos y la producci\u00f3n por lotes de piezas. Proporcionar piezas fresadas CNC personalizadas de alta calidad a un precio razonable, r\u00e1pidamente.<\/p>\n<ul>\n<li>Tecnolog\u00eda de fresado de alta precisi\u00f3n<\/li>\n<li>Capacidad de mecanizado multieje<\/li>\n<li>Producci\u00f3n de respuesta r\u00e1pida<\/li>\n<\/ul>\n<p>Solicitar presupuesto<\/p>","protected":false},"featured_media":2128,"comment_status":"open","ping_status":"closed","template":"","meta":{"om_disable_all_campaigns":false,"_monsterinsights_skip_tracking":false,"_monsterinsights_sitenote_active":false,"_monsterinsights_sitenote_note":"","_monsterinsights_sitenote_category":0,"site-sidebar-layout":"default","site-content-layout":"","ast-site-content-layout":"default","site-content-style":"default","site-sidebar-style":"default","ast-global-header-display":"","ast-banner-title-visibility":"","ast-main-header-display":"","ast-hfb-above-header-display":"","ast-hfb-below-header-display":"","ast-hfb-mobile-header-display":"","site-post-title":"","ast-breadcrumbs-content":"","ast-featured-img":"","footer-sml-layout":"","theme-transparent-header-meta":"default","adv-header-id-meta":"","stick-header-meta":"","header-above-stick-meta":"","header-main-stick-meta":"","header-below-stick-meta":"","astra-migrate-meta-layouts":"set","ast-page-background-enabled":"default","ast-page-background-meta":{"desktop":{"background-color":"var(--ast-global-color-4)","background-image":"","background-repeat":"repeat","background-position":"center center","background-size":"auto","background-attachment":"scroll","background-type":"","background-media":"","overlay-type":"","overlay-color":"","overlay-opacity":"","overlay-gradient":""},"tablet":{"background-color":"","background-image":"","background-repeat":"repeat","background-position":"center center","background-size":"auto","background-attachment":"scroll","background-type":"","background-media":"","overlay-type":"","overlay-color":"","overlay-opacity":"","overlay-gradient":""},"mobile":{"background-color":"","background-image":"","background-repeat":"repeat","background-position":"center center","background-size":"auto","background-attachment":"scroll","background-type":"","background-media":"","overlay-type":"","overlay-color":"","overlay-opacity":"","overlay-gradient":""}},"ast-content-background-meta":{"desktop":{"background-color":"var(--ast-global-color-5)","background-image":"","background-repeat":"repeat","background-position":"center center","background-size":"auto","background-attachment":"scroll","background-type":"","background-media":"","overlay-type":"","overlay-color":"","overlay-opacity":"","overlay-gradient":""},"tablet":{"background-color":"var(--ast-global-color-5)","background-image":"","background-repeat":"repeat","background-position":"center center","background-size":"auto","background-attachment":"scroll","background-type":"","background-media":"","overlay-type":"","overlay-color":"","overlay-opacity":"","overlay-gradient":""},"mobile":{"background-color":"var(--ast-global-color-5)","background-image":"","background-repeat":"repeat","background-position":"center center","background-size":"auto","background-attachment":"scroll","background-type":"","background-media":"","overlay-type":"","overlay-color":"","overlay-opacity":"","overlay-gradient":""}}},"product_brand":[],"product_cat":[19,26],"product_tag":[],"class_list":{"0":"post-2127","1":"product","2":"type-product","3":"status-publish","4":"has-post-thumbnail","6":"product_cat-cnc-machining","7":"product_cat-cnc-milling","8":"desktop-align-left","9":"tablet-align-left","10":"mobile-align-left","12":"first","13":"instock","14":"shipping-taxable","15":"product-type-simple"},"aioseo_notices":[],"_links":{"self":[{"href":"https:\/\/captecprecision.com\/es\/wp-json\/wp\/v2\/product\/2127","targetHints":{"allow":["GET"]}}],"collection":[{"href":"https:\/\/captecprecision.com\/es\/wp-json\/wp\/v2\/product"}],"about":[{"href":"https:\/\/captecprecision.com\/es\/wp-json\/wp\/v2\/types\/product"}],"replies":[{"embeddable":true,"href":"https:\/\/captecprecision.com\/es\/wp-json\/wp\/v2\/comments?post=2127"}],"wp:featuredmedia":[{"embeddable":true,"href":"https:\/\/captecprecision.com\/es\/wp-json\/wp\/v2\/media\/2128"}],"wp:attachment":[{"href":"https:\/\/captecprecision.com\/es\/wp-json\/wp\/v2\/media?parent=2127"}],"wp:term":[{"taxonomy":"product_brand","embeddable":true,"href":"https:\/\/captecprecision.com\/es\/wp-json\/wp\/v2\/product_brand?post=2127"},{"taxonomy":"product_cat","embeddable":true,"href":"https:\/\/captecprecision.com\/es\/wp-json\/wp\/v2\/product_cat?post=2127"},{"taxonomy":"product_tag","embeddable":true,"href":"https:\/\/captecprecision.com\/es\/wp-json\/wp\/v2\/product_tag?post=2127"}],"curies":[{"name":"wp","href":"https:\/\/api.w.org\/{rel}","templated":true}]}}