{"id":2129,"date":"2024-10-23T07:27:17","date_gmt":"2024-10-23T07:27:17","guid":{"rendered":"https:\/\/captecprecision.com\/?post_type=product&#038;p=2129"},"modified":"2024-10-29T07:38:50","modified_gmt":"2024-10-29T07:38:50","slug":"cnc-turning-2","status":"publish","type":"product","link":"https:\/\/captecprecision.com\/es\/productos\/torneado-cnc-2\/","title":{"rendered":"Torneado CNC"},"content":{"rendered":"<h2>Detalles del servicio de torneado CNC<\/h2>\n<div class=\"max-width-960 mx-auto fs-16\">\n<p>Comunicaci\u00f3n en profundidad de los requisitos y evaluaci\u00f3n del dise\u00f1o:<\/p>\n<p>Nuestros servicios de torneado CNC comienzan con una comunicaci\u00f3n personalizada para comprender en profundidad las necesidades y expectativas de su proyecto. Nuestro equipo t\u00e9cnico trabaja estrechamente con usted, desde la evaluaci\u00f3n de los planos CAD hasta la determinaci\u00f3n de las soluciones de mecanizado, garantizando que cada paso sea transparente y est\u00e9 alineado con su visi\u00f3n.<\/p>\n<p>Mecanizado preciso y estricto control de calidad:<\/p>\n<p>Durante la fase de mecanizado, utilizamos avanzados tornos CNC y programas cuidadosamente elaborados para mecanizar con precisi\u00f3n sus piezas. Aplicamos un riguroso proceso de control de calidad para garantizar que cada detalle cumpla los est\u00e1ndares m\u00e1s exigentes, y compartimos con usted en tiempo real los avances y los resultados de las inspecciones, lo que le permite participar en la supervisi\u00f3n de la calidad durante todo el proceso.<\/p>\n<p>Entrega flexible y asistencia permanente al cliente:<\/p>\n<p>Nos comprometemos a realizar entregas flexibles para garantizar que sus piezas lleguen a tiempo. Despu\u00e9s de la entrega, proporcionamos un servicio de atenci\u00f3n al cliente continuo para garantizar que cualquier pregunta o necesidad que tenga durante el uso se responda con prontitud. Valoramos sus comentarios como un recurso valioso para mejorar nuestros servicios y profundizar nuestra relaci\u00f3n de cooperaci\u00f3n.<\/p>\n<\/div>\n<div class=\"max-width-960 mx-auto fs-16\">\n<p>&nbsp;<\/p>\n<\/div>","protected":false},"excerpt":{"rendered":"<p>Explore nuestros servicios de torneado CNC para el mecanizado de precisi\u00f3n rentable de una gran variedad de piezas axisim\u00e9tricas, como alojamientos de cojinetes, casquillos de eje, componentes de v\u00e1lvulas y engranajes. Le garantizamos un presupuesto instant\u00e1neo en 24 horas.<\/p>\n<ul>\n<li>Diversas fresadoras CNC<\/li>\n<li>Ingenieros cualificados y con experiencia<\/li>\n<li>Entrega r\u00e1pida en s\u00f3lo 3 d\u00edas<\/li>\n<\/ul>\n<p><a href=\"https:\/\/captecprecision.com\/es\/pongase-en-contacto-con\/\">Obtener un Queote<\/a><\/p>","protected":false},"featured_media":2363,"comment_status":"open","ping_status":"closed","template":"","meta":{"om_disable_all_campaigns":false,"_monsterinsights_skip_tracking":false,"_monsterinsights_sitenote_active":false,"_monsterinsights_sitenote_note":"","_monsterinsights_sitenote_category":0,"site-sidebar-layout":"default","site-content-layout":"","ast-site-content-layout":"default","site-content-style":"default","site-sidebar-style":"default","ast-global-header-display":"","ast-banner-title-visibility":"","ast-main-header-display":"","ast-hfb-above-header-display":"","ast-hfb-below-header-display":"","ast-hfb-mobile-header-display":"","site-post-title":"","ast-breadcrumbs-content":"","ast-featured-img":"","footer-sml-layout":"","theme-transparent-header-meta":"default","adv-header-id-meta":"","stick-header-meta":"","header-above-stick-meta":"","header-main-stick-meta":"","header-below-stick-meta":"","astra-migrate-meta-layouts":"set","ast-page-background-enabled":"default","ast-page-background-meta":{"desktop":{"background-color":"var(--ast-global-color-4)","background-image":"","background-repeat":"repeat","background-position":"center center","background-size":"auto","background-attachment":"scroll","background-type":"","background-media":"","overlay-type":"","overlay-color":"","overlay-opacity":"","overlay-gradient":""},"tablet":{"background-color":"","background-image":"","background-repeat":"repeat","background-position":"center center","background-size":"auto","background-attachment":"scroll","background-type":"","background-media":"","overlay-type":"","overlay-color":"","overlay-opacity":"","overlay-gradient":""},"mobile":{"background-color":"","background-image":"","background-repeat":"repeat","background-position":"center center","background-size":"auto","background-attachment":"scroll","background-type":"","background-media":"","overlay-type":"","overlay-color":"","overlay-opacity":"","overlay-gradient":""}},"ast-content-background-meta":{"desktop":{"background-color":"var(--ast-global-color-5)","background-image":"","background-repeat":"repeat","background-position":"center center","background-size":"auto","background-attachment":"scroll","background-type":"","background-media":"","overlay-type":"","overlay-color":"","overlay-opacity":"","overlay-gradient":""},"tablet":{"background-color":"var(--ast-global-color-5)","background-image":"","background-repeat":"repeat","background-position":"center center","background-size":"auto","background-attachment":"scroll","background-type":"","background-media":"","overlay-type":"","overlay-color":"","overlay-opacity":"","overlay-gradient":""},"mobile":{"background-color":"var(--ast-global-color-5)","background-image":"","background-repeat":"repeat","background-position":"center center","background-size":"auto","background-attachment":"scroll","background-type":"","background-media":"","overlay-type":"","overlay-color":"","overlay-opacity":"","overlay-gradient":""}}},"product_brand":[],"product_cat":[19,27],"product_tag":[],"class_list":{"0":"post-2129","1":"product","2":"type-product","3":"status-publish","4":"has-post-thumbnail","6":"product_cat-cnc-machining","7":"product_cat-cnc-turning","8":"desktop-align-left","9":"tablet-align-left","10":"mobile-align-left","12":"first","13":"instock","14":"shipping-taxable","15":"product-type-simple"},"aioseo_notices":[],"_links":{"self":[{"href":"https:\/\/captecprecision.com\/es\/wp-json\/wp\/v2\/product\/2129","targetHints":{"allow":["GET"]}}],"collection":[{"href":"https:\/\/captecprecision.com\/es\/wp-json\/wp\/v2\/product"}],"about":[{"href":"https:\/\/captecprecision.com\/es\/wp-json\/wp\/v2\/types\/product"}],"replies":[{"embeddable":true,"href":"https:\/\/captecprecision.com\/es\/wp-json\/wp\/v2\/comments?post=2129"}],"wp:featuredmedia":[{"embeddable":true,"href":"https:\/\/captecprecision.com\/es\/wp-json\/wp\/v2\/media\/2363"}],"wp:attachment":[{"href":"https:\/\/captecprecision.com\/es\/wp-json\/wp\/v2\/media?parent=2129"}],"wp:term":[{"taxonomy":"product_brand","embeddable":true,"href":"https:\/\/captecprecision.com\/es\/wp-json\/wp\/v2\/product_brand?post=2129"},{"taxonomy":"product_cat","embeddable":true,"href":"https:\/\/captecprecision.com\/es\/wp-json\/wp\/v2\/product_cat?post=2129"},{"taxonomy":"product_tag","embeddable":true,"href":"https:\/\/captecprecision.com\/es\/wp-json\/wp\/v2\/product_tag?post=2129"}],"curies":[{"name":"wp","href":"https:\/\/api.w.org\/{rel}","templated":true}]}}