{"id":2143,"date":"2024-10-23T08:26:14","date_gmt":"2024-10-23T08:26:14","guid":{"rendered":"https:\/\/captecprecision.com\/?post_type=product&#038;p=2143"},"modified":"2024-10-23T08:27:05","modified_gmt":"2024-10-23T08:27:05","slug":"3d-resin-printing","status":"publish","type":"product","link":"https:\/\/captecprecision.com\/es\/productos\/impresion-3d-en-resina\/","title":{"rendered":"Impresi\u00f3n 3D en resina"},"content":{"rendered":"<h2>Detalles del servicio de impresi\u00f3n 3D en resina<\/h2>\n<div class=\"max-width-960 mx-auto fs-16\">\n<p>Presentaci\u00f3n detallada y precisa:<\/p>\n<p>Nuestro servicio de impresi\u00f3n 3D en resina se centra en capturar cada detalle del dise\u00f1o con alta resoluci\u00f3n, garantizando que los modelos impresos sean impecables en precisi\u00f3n y claridad.<\/p>\n<p>Amplia gama de aplicaciones:<\/p>\n<p>Ya se trate del dise\u00f1o de prototipos, la creaci\u00f3n art\u00edstica o la producci\u00f3n de piezas complejas, nuestra tecnolog\u00eda de impresi\u00f3n en resina puede satisfacer una gran variedad de necesidades de aplicaci\u00f3n.<\/p>\n<p>Iteraci\u00f3n y entrega r\u00e1pidas:<\/p>\n<p>Nuestro servicio permite una r\u00e1pida iteraci\u00f3n del dise\u00f1o, reduciendo el tiempo que se tarda en convertir los productos del concepto a la forma f\u00edsica, consiguiendo una entrega r\u00e1pida y acelerando su proceso de desarrollo de productos.<\/p>\n<div class=\"col-lg-6 mt-3 mt-40\">\n<div class=\"h-100 px-2\">\n<div class=\"row\">\n<div class=\"col-md-12\">\n<h2 class=\"\">Por qu\u00e9 elegir nuestro servicio de impresi\u00f3n 3D en resina<\/h2>\n<\/div>\n<\/div>\n<div class=\"row mt-3\">\n<div class=\"col-lg-6 mt-3 mt-40\">\n<div class=\"h-100 px-2\">\n<div class=\"wh-56\"><img decoding=\"async\" class=\"lazy w-100\" src=\"https:\/\/www.captec-machining.com\/uploads\/allimg\/20240710\/1-240G0112ULE.png\" alt=\" Respuesta r\u00e1pida y entrega eficaz\" \/><\/div>\n<h3 class=\"fs-20 fw-500 mt-4\">Respuesta r\u00e1pida y entrega eficaz<\/h3>\n<p class=\"mt-2 opacity-8\">Nuestro compromiso con una respuesta r\u00e1pida y una entrega eficaz es la piedra angular de nuestro servicio. Con nuestros propios procesos de fabricaci\u00f3n controlados, podemos reducir los tiempos de producci\u00f3n para garantizar que sus pedidos se completen r\u00e1pidamente.<\/p>\n<\/div>\n<\/div>\n<div class=\"col-lg-6 mt-3 mt-40\">\n<div class=\"h-100 px-2\">\n<div class=\"wh-56\"><img decoding=\"async\" class=\"lazy w-100\" src=\"https:\/\/www.captec-machining.com\/uploads\/allimg\/20240710\/1-240G0112ULE.png\" alt=\" Soluciones integrales a medida \" \/><\/div>\n<h3 class=\"fs-20 fw-500 mt-4\">Soluciones integrales a medida<\/h3>\n<p class=\"mt-2 opacity-8\">Ofrecemos una gama completa de servicios personalizados, desde la consulta de dise\u00f1o hasta la selecci\u00f3n de materiales. Nuestro equipo de profesionales colaborar\u00e1 estrechamente con usted para garantizar que sus necesidades personalizadas se satisfagan a la perfecci\u00f3n.<\/p>\n<\/div>\n<\/div>\n<div class=\"col-lg-6 mt-3 mt-40\">\n<div class=\"h-100 px-2\">\n<div class=\"wh-56\"><img decoding=\"async\" class=\"lazy w-100\" src=\"https:\/\/www.captec-machining.com\/uploads\/allimg\/20240710\/1-240G0112ULE.png\" alt=\" Tecnolog\u00eda de alta calidad\" \/><\/div>\n<h3 class=\"fs-20 fw-500 mt-4\">Tecnolog\u00eda de alta calidad<\/h3>\n<p class=\"mt-2 opacity-8\">Aprovechando los equipos CNC m\u00e1s avanzados, nuestros servicios de fresado CNC garantizan que todos los procesos de mecanizado cumplan altos niveles de precisi\u00f3n y calidad, satisfaciendo sus estrictos requisitos de finura del producto.<\/p>\n<\/div>\n<\/div>\n<div class=\"col-lg-6 mt-3 mt-40\">\n<div class=\"h-100 px-2\">\n<div class=\"wh-56\"><img decoding=\"async\" class=\"lazy w-100\" src=\"https:\/\/www.captec-machining.com\/uploads\/allimg\/20240710\/1-240G0112ULE.png\" alt=\" Servicio profesional personalizado\" \/><\/div>\n<h3 class=\"fs-20 fw-500 mt-4\">Servicio profesional personalizado<\/h3>\n<p class=\"mt-2 opacity-8\">Cada cliente puede disfrutar de nuestro servicio profesional personalizado, desde el inicio del proyecto hasta el servicio posventa. Nuestro equipo le ofrecer\u00e1 un apoyo continuo para garantizar que sus necesidades y consultas sean atendidas con prontitud.<\/p>\n<\/div>\n<\/div>\n<\/div>\n<\/div>\n<\/div>\n<\/div>","protected":false},"excerpt":{"rendered":"<p>Los servicios de impresi\u00f3n 3D en resina ofrecen una soluci\u00f3n integral para la creaci\u00f3n r\u00e1pida de prototipos, combinando una tecnolog\u00eda innovadora con una selecci\u00f3n flexible de materiales para satisfacer las diversas necesidades de los clientes.<\/p>\n<ul>\n<li>Materiales diversos<\/li>\n<li>Amplias aplicaciones<\/li>\n<li>Entrega r\u00e1pida<\/li>\n<\/ul>\n<p><a href=\"https:\/\/captecprecision.com\/es\/pongase-en-contacto-con\/\">Solicitar presupuesto<\/a><\/p>","protected":false},"featured_media":1483,"comment_status":"open","ping_status":"closed","template":"","meta":{"om_disable_all_campaigns":false,"_monsterinsights_skip_tracking":false,"_monsterinsights_sitenote_active":false,"_monsterinsights_sitenote_note":"","_monsterinsights_sitenote_category":0,"site-sidebar-layout":"default","site-content-layout":"","ast-site-content-layout":"default","site-content-style":"default","site-sidebar-style":"default","ast-global-header-display":"","ast-banner-title-visibility":"","ast-main-header-display":"","ast-hfb-above-header-display":"","ast-hfb-below-header-display":"","ast-hfb-mobile-header-display":"","site-post-title":"","ast-breadcrumbs-content":"","ast-featured-img":"","footer-sml-layout":"","theme-transparent-header-meta":"default","adv-header-id-meta":"","stick-header-meta":"","header-above-stick-meta":"","header-main-stick-meta":"","header-below-stick-meta":"","astra-migrate-meta-layouts":"set","ast-page-background-enabled":"default","ast-page-background-meta":{"desktop":{"background-color":"var(--ast-global-color-4)","background-image":"","background-repeat":"repeat","background-position":"center center","background-size":"auto","background-attachment":"scroll","background-type":"","background-media":"","overlay-type":"","overlay-color":"","overlay-opacity":"","overlay-gradient":""},"tablet":{"background-color":"","background-image":"","background-repeat":"repeat","background-position":"center center","background-size":"auto","background-attachment":"scroll","background-type":"","background-media":"","overlay-type":"","overlay-color":"","overlay-opacity":"","overlay-gradient":""},"mobile":{"background-color":"","background-image":"","background-repeat":"repeat","background-position":"center center","background-size":"auto","background-attachment":"scroll","background-type":"","background-media":"","overlay-type":"","overlay-color":"","overlay-opacity":"","overlay-gradient":""}},"ast-content-background-meta":{"desktop":{"background-color":"var(--ast-global-color-5)","background-image":"","background-repeat":"repeat","background-position":"center center","background-size":"auto","background-attachment":"scroll","background-type":"","background-media":"","overlay-type":"","overlay-color":"","overlay-opacity":"","overlay-gradient":""},"tablet":{"background-color":"var(--ast-global-color-5)","background-image":"","background-repeat":"repeat","background-position":"center center","background-size":"auto","background-attachment":"scroll","background-type":"","background-media":"","overlay-type":"","overlay-color":"","overlay-opacity":"","overlay-gradient":""},"mobile":{"background-color":"var(--ast-global-color-5)","background-image":"","background-repeat":"repeat","background-position":"center center","background-size":"auto","background-attachment":"scroll","background-type":"","background-media":"","overlay-type":"","overlay-color":"","overlay-opacity":"","overlay-gradient":""}}},"product_brand":[],"product_cat":[20,36],"product_tag":[],"class_list":{"0":"post-2143","1":"product","2":"type-product","3":"status-publish","4":"has-post-thumbnail","6":"product_cat-3d-printing","7":"product_cat-3d-resin-printing","8":"desktop-align-left","9":"tablet-align-left","10":"mobile-align-left","12":"first","13":"instock","14":"shipping-taxable","15":"product-type-simple"},"aioseo_notices":[],"_links":{"self":[{"href":"https:\/\/captecprecision.com\/es\/wp-json\/wp\/v2\/product\/2143","targetHints":{"allow":["GET"]}}],"collection":[{"href":"https:\/\/captecprecision.com\/es\/wp-json\/wp\/v2\/product"}],"about":[{"href":"https:\/\/captecprecision.com\/es\/wp-json\/wp\/v2\/types\/product"}],"replies":[{"embeddable":true,"href":"https:\/\/captecprecision.com\/es\/wp-json\/wp\/v2\/comments?post=2143"}],"wp:featuredmedia":[{"embeddable":true,"href":"https:\/\/captecprecision.com\/es\/wp-json\/wp\/v2\/media\/1483"}],"wp:attachment":[{"href":"https:\/\/captecprecision.com\/es\/wp-json\/wp\/v2\/media?parent=2143"}],"wp:term":[{"taxonomy":"product_brand","embeddable":true,"href":"https:\/\/captecprecision.com\/es\/wp-json\/wp\/v2\/product_brand?post=2143"},{"taxonomy":"product_cat","embeddable":true,"href":"https:\/\/captecprecision.com\/es\/wp-json\/wp\/v2\/product_cat?post=2143"},{"taxonomy":"product_tag","embeddable":true,"href":"https:\/\/captecprecision.com\/es\/wp-json\/wp\/v2\/product_tag?post=2143"}],"curies":[{"name":"wp","href":"https:\/\/api.w.org\/{rel}","templated":true}]}}