{"id":2145,"date":"2024-10-23T08:32:15","date_gmt":"2024-10-23T08:32:15","guid":{"rendered":"https:\/\/captecprecision.com\/?post_type=product&#038;p=2145"},"modified":"2025-11-27T07:55:57","modified_gmt":"2025-11-27T07:55:57","slug":"laser-cutting","status":"publish","type":"product","link":"https:\/\/captecprecision.com\/es\/productos\/corte-por-laser\/","title":{"rendered":"Corte por l\u00e1ser"},"content":{"rendered":"<h2>Detalles del servicio de corte por l\u00e1ser<\/h2>\n<div class=\"max-width-960 mx-auto fs-16\">\n<ul class=\"list-paddingleft-2\">\n<li><strong>Tecnolog\u00eda de corte de alta precisi\u00f3n:<\/strong>El servicio de corte por l\u00e1ser de Captec utiliza equipos l\u00e1ser de alta precisi\u00f3n para lograr un procesamiento fino de las chapas met\u00e1licas. Tanto si se trata de patrones complejos como de textos intrincados, todo puede cortarse a medida de una sola vez.<\/li>\n<li><strong>Adaptabilidad de materiales diversos:<\/strong>Nuestra tecnolog\u00eda de corte por l\u00e1ser es adecuada para diversos materiales met\u00e1licos como acero inoxidable, acero al carbono y aleaciones de aluminio, satisfaciendo las necesidades espec\u00edficas de diferentes industrias para el procesamiento de chapas met\u00e1licas.<\/li>\n<li>\n<p class=\"last-node\"><strong>Capacidad de producci\u00f3n eficiente:<\/strong>El proceso de corte por l\u00e1ser es r\u00e1pido y tiene p\u00e9rdidas m\u00ednimas, lo que mejora notablemente la eficacia de la producci\u00f3n, acorta el ciclo de procesamiento y permite una entrega r\u00e1pida. Esto ayuda a los clientes a responder r\u00e1pidamente a los cambios del mercado.<\/p>\n<\/li>\n<\/ul>\n<\/div>","protected":false},"excerpt":{"rendered":"<p>Los servicios de corte por l\u00e1ser de chapas met\u00e1licas ofrecen una soluci\u00f3n ideal para el procesamiento de chapas met\u00e1licas gracias a su gran precisi\u00f3n y eficacia. Nuestros servicios no solo son capaces de manejar diversos dise\u00f1os complejos, sino que tambi\u00e9n se adaptan a las caracter\u00edsticas de los distintos materiales met\u00e1licos, garantizando que cada corte sea preciso y eficiente.<\/p>\n<ul>\n<li>Corte de alta precisi\u00f3n<\/li>\n<li>Diversidad material<\/li>\n<li>Entrega r\u00e1pida<\/li>\n<\/ul>\n<p><a href=\"https:\/\/captecprecision.com\/es\/pongase-en-contacto-con\/\">Solicitar presupuesto<\/a><\/p>","protected":false},"featured_media":1976,"comment_status":"open","ping_status":"closed","template":"","meta":{"om_disable_all_campaigns":false,"_monsterinsights_skip_tracking":false,"_monsterinsights_sitenote_active":false,"_monsterinsights_sitenote_note":"","_monsterinsights_sitenote_category":0,"site-sidebar-layout":"default","site-content-layout":"","ast-site-content-layout":"default","site-content-style":"default","site-sidebar-style":"default","ast-global-header-display":"","ast-banner-title-visibility":"","ast-main-header-display":"","ast-hfb-above-header-display":"","ast-hfb-below-header-display":"","ast-hfb-mobile-header-display":"","site-post-title":"","ast-breadcrumbs-content":"","ast-featured-img":"","footer-sml-layout":"","theme-transparent-header-meta":"default","adv-header-id-meta":"","stick-header-meta":"","header-above-stick-meta":"","header-main-stick-meta":"","header-below-stick-meta":"","astra-migrate-meta-layouts":"set","ast-page-background-enabled":"default","ast-page-background-meta":{"desktop":{"background-color":"var(--ast-global-color-4)","background-image":"","background-repeat":"repeat","background-position":"center center","background-size":"auto","background-attachment":"scroll","background-type":"","background-media":"","overlay-type":"","overlay-color":"","overlay-opacity":"","overlay-gradient":""},"tablet":{"background-color":"","background-image":"","background-repeat":"repeat","background-position":"center center","background-size":"auto","background-attachment":"scroll","background-type":"","background-media":"","overlay-type":"","overlay-color":"","overlay-opacity":"","overlay-gradient":""},"mobile":{"background-color":"","background-image":"","background-repeat":"repeat","background-position":"center center","background-size":"auto","background-attachment":"scroll","background-type":"","background-media":"","overlay-type":"","overlay-color":"","overlay-opacity":"","overlay-gradient":""}},"ast-content-background-meta":{"desktop":{"background-color":"var(--ast-global-color-5)","background-image":"","background-repeat":"repeat","background-position":"center center","background-size":"auto","background-attachment":"scroll","background-type":"","background-media":"","overlay-type":"","overlay-color":"","overlay-opacity":"","overlay-gradient":""},"tablet":{"background-color":"var(--ast-global-color-5)","background-image":"","background-repeat":"repeat","background-position":"center center","background-size":"auto","background-attachment":"scroll","background-type":"","background-media":"","overlay-type":"","overlay-color":"","overlay-opacity":"","overlay-gradient":""},"mobile":{"background-color":"var(--ast-global-color-5)","background-image":"","background-repeat":"repeat","background-position":"center center","background-size":"auto","background-attachment":"scroll","background-type":"","background-media":"","overlay-type":"","overlay-color":"","overlay-opacity":"","overlay-gradient":""}}},"product_brand":[],"product_cat":[38,21],"product_tag":[],"class_list":{"0":"post-2145","1":"product","2":"type-product","3":"status-publish","4":"has-post-thumbnail","6":"product_cat-laser-cutting","7":"product_cat-sheet-metal-fabrication","8":"desktop-align-left","9":"tablet-align-left","10":"mobile-align-left","12":"first","13":"instock","14":"shipping-taxable","15":"product-type-simple"},"aioseo_notices":[],"_links":{"self":[{"href":"https:\/\/captecprecision.com\/es\/wp-json\/wp\/v2\/product\/2145","targetHints":{"allow":["GET"]}}],"collection":[{"href":"https:\/\/captecprecision.com\/es\/wp-json\/wp\/v2\/product"}],"about":[{"href":"https:\/\/captecprecision.com\/es\/wp-json\/wp\/v2\/types\/product"}],"replies":[{"embeddable":true,"href":"https:\/\/captecprecision.com\/es\/wp-json\/wp\/v2\/comments?post=2145"}],"wp:featuredmedia":[{"embeddable":true,"href":"https:\/\/captecprecision.com\/es\/wp-json\/wp\/v2\/media\/1976"}],"wp:attachment":[{"href":"https:\/\/captecprecision.com\/es\/wp-json\/wp\/v2\/media?parent=2145"}],"wp:term":[{"taxonomy":"product_brand","embeddable":true,"href":"https:\/\/captecprecision.com\/es\/wp-json\/wp\/v2\/product_brand?post=2145"},{"taxonomy":"product_cat","embeddable":true,"href":"https:\/\/captecprecision.com\/es\/wp-json\/wp\/v2\/product_cat?post=2145"},{"taxonomy":"product_tag","embeddable":true,"href":"https:\/\/captecprecision.com\/es\/wp-json\/wp\/v2\/product_tag?post=2145"}],"curies":[{"name":"wp","href":"https:\/\/api.w.org\/{rel}","templated":true}]}}