{"id":2147,"date":"2024-10-23T08:37:26","date_gmt":"2024-10-23T08:37:26","guid":{"rendered":"https:\/\/captecprecision.com\/?post_type=product&#038;p=2147"},"modified":"2024-10-23T08:38:19","modified_gmt":"2024-10-23T08:38:19","slug":"sheet-metal-welding","status":"publish","type":"product","link":"https:\/\/captecprecision.com\/es\/productos\/soldadura-de-chapa\/","title":{"rendered":"Soldadura de chapas"},"content":{"rendered":"<h2>Soldadura de chapa Detalles del servicio<\/h2>\n<div class=\"max-width-960 mx-auto fs-16\">\n<p>T\u00e9cnicas profesionales de soldadura:<\/p>\n<p>Los servicios de soldadura de chapas met\u00e1licas de Captec emplean t\u00e9cnicas de soldadura especializadas para garantizar conexiones s\u00f3lidas y sin juntas entre chapas met\u00e1licas, cumpliendo los requisitos de resistencia estructural y estanqueidad al aire.<\/p>\n<p>Diversos m\u00e9todos de soldadura:<\/p>\n<p>Ofrecemos una amplia gama de m\u00e9todos de soldadura, incluida la soldadura TIG, MIG y l\u00e1ser, seleccionando el proceso de soldadura adecuado en funci\u00f3n de las necesidades espec\u00edficas de nuestros clientes y de las caracter\u00edsticas de las chapas met\u00e1licas.<\/p>\n<p>Control de calidad e inspecci\u00f3n:<\/p>\n<p>Una vez finalizada cada tarea de soldadura, se lleva a cabo una rigurosa inspecci\u00f3n de calidad, que incluye el examen visual de la soldadura y pruebas no destructivas, para garantizar que la calidad de la soldadura cumple las normas del sector.<\/p>\n<\/div>","protected":false},"excerpt":{"rendered":"<p>Los servicios de soldadura de chapas met\u00e1licas se centran en ofrecer soluciones de conexi\u00f3n de chapas met\u00e1licas de alta calidad. Utilizamos t\u00e9cnicas de soldadura profesionales, combinadas con una variedad de m\u00e9todos de soldadura, para garantizar la resistencia y la est\u00e9tica de las uniones soldadas.<\/p>\n<ul>\n<li>T\u00e9cnicas profesionales de soldadura<\/li>\n<li>Diversos m\u00e9todos de soldadura<\/li>\n<li>Control de calidad e inspecci\u00f3n<\/li>\n<\/ul>\n<p><a href=\"https:\/\/captecprecision.com\/es\/pongase-en-contacto-con\/\">Solicitar presupuesto<\/a><\/p>","protected":false},"featured_media":1479,"comment_status":"open","ping_status":"closed","template":"","meta":{"om_disable_all_campaigns":false,"_monsterinsights_skip_tracking":false,"_monsterinsights_sitenote_active":false,"_monsterinsights_sitenote_note":"","_monsterinsights_sitenote_category":0,"site-sidebar-layout":"default","site-content-layout":"","ast-site-content-layout":"default","site-content-style":"default","site-sidebar-style":"default","ast-global-header-display":"","ast-banner-title-visibility":"","ast-main-header-display":"","ast-hfb-above-header-display":"","ast-hfb-below-header-display":"","ast-hfb-mobile-header-display":"","site-post-title":"","ast-breadcrumbs-content":"","ast-featured-img":"","footer-sml-layout":"","theme-transparent-header-meta":"default","adv-header-id-meta":"","stick-header-meta":"","header-above-stick-meta":"","header-main-stick-meta":"","header-below-stick-meta":"","astra-migrate-meta-layouts":"set","ast-page-background-enabled":"default","ast-page-background-meta":{"desktop":{"background-color":"var(--ast-global-color-4)","background-image":"","background-repeat":"repeat","background-position":"center center","background-size":"auto","background-attachment":"scroll","background-type":"","background-media":"","overlay-type":"","overlay-color":"","overlay-opacity":"","overlay-gradient":""},"tablet":{"background-color":"","background-image":"","background-repeat":"repeat","background-position":"center center","background-size":"auto","background-attachment":"scroll","background-type":"","background-media":"","overlay-type":"","overlay-color":"","overlay-opacity":"","overlay-gradient":""},"mobile":{"background-color":"","background-image":"","background-repeat":"repeat","background-position":"center center","background-size":"auto","background-attachment":"scroll","background-type":"","background-media":"","overlay-type":"","overlay-color":"","overlay-opacity":"","overlay-gradient":""}},"ast-content-background-meta":{"desktop":{"background-color":"var(--ast-global-color-5)","background-image":"","background-repeat":"repeat","background-position":"center center","background-size":"auto","background-attachment":"scroll","background-type":"","background-media":"","overlay-type":"","overlay-color":"","overlay-opacity":"","overlay-gradient":""},"tablet":{"background-color":"var(--ast-global-color-5)","background-image":"","background-repeat":"repeat","background-position":"center center","background-size":"auto","background-attachment":"scroll","background-type":"","background-media":"","overlay-type":"","overlay-color":"","overlay-opacity":"","overlay-gradient":""},"mobile":{"background-color":"var(--ast-global-color-5)","background-image":"","background-repeat":"repeat","background-position":"center center","background-size":"auto","background-attachment":"scroll","background-type":"","background-media":"","overlay-type":"","overlay-color":"","overlay-opacity":"","overlay-gradient":""}}},"product_brand":[],"product_cat":[40,21],"product_tag":[],"class_list":{"0":"post-2147","1":"product","2":"type-product","3":"status-publish","4":"has-post-thumbnail","6":"product_cat-metal-welding","7":"product_cat-sheet-metal-fabrication","8":"desktop-align-left","9":"tablet-align-left","10":"mobile-align-left","12":"first","13":"instock","14":"shipping-taxable","15":"product-type-simple"},"aioseo_notices":[],"_links":{"self":[{"href":"https:\/\/captecprecision.com\/es\/wp-json\/wp\/v2\/product\/2147","targetHints":{"allow":["GET"]}}],"collection":[{"href":"https:\/\/captecprecision.com\/es\/wp-json\/wp\/v2\/product"}],"about":[{"href":"https:\/\/captecprecision.com\/es\/wp-json\/wp\/v2\/types\/product"}],"replies":[{"embeddable":true,"href":"https:\/\/captecprecision.com\/es\/wp-json\/wp\/v2\/comments?post=2147"}],"wp:featuredmedia":[{"embeddable":true,"href":"https:\/\/captecprecision.com\/es\/wp-json\/wp\/v2\/media\/1479"}],"wp:attachment":[{"href":"https:\/\/captecprecision.com\/es\/wp-json\/wp\/v2\/media?parent=2147"}],"wp:term":[{"taxonomy":"product_brand","embeddable":true,"href":"https:\/\/captecprecision.com\/es\/wp-json\/wp\/v2\/product_brand?post=2147"},{"taxonomy":"product_cat","embeddable":true,"href":"https:\/\/captecprecision.com\/es\/wp-json\/wp\/v2\/product_cat?post=2147"},{"taxonomy":"product_tag","embeddable":true,"href":"https:\/\/captecprecision.com\/es\/wp-json\/wp\/v2\/product_tag?post=2147"}],"curies":[{"name":"wp","href":"https:\/\/api.w.org\/{rel}","templated":true}]}}