{"id":2149,"date":"2024-10-23T08:44:31","date_gmt":"2024-10-23T08:44:31","guid":{"rendered":"https:\/\/captecprecision.com\/?post_type=product&#038;p=2149"},"modified":"2024-10-23T08:44:31","modified_gmt":"2024-10-23T08:44:31","slug":"mold-manufacturing","status":"publish","type":"product","link":"https:\/\/captecprecision.com\/es\/productos\/fabricacion-de-moldes\/","title":{"rendered":"Fabricaci\u00f3n de moldes"},"content":{"rendered":"<h2>Detalles del servicio de fabricaci\u00f3n de moldes<\/h2>\n<div class=\"max-width-960 mx-auto fs-16\">\n<p>Dise\u00f1o de moldes de alta precisi\u00f3n:<\/p>\n<p>Los servicios de fabricaci\u00f3n de moldes de Captec se centran en el dise\u00f1o y la producci\u00f3n de moldes de alta precisi\u00f3n, utilizando software de dise\u00f1o y t\u00e9cnicas de fabricaci\u00f3n avanzadas para garantizar la precisi\u00f3n de los moldes y la capacidad de dar forma a productos complejos.<\/p>\n<p>Optimizaci\u00f3n de materiales y procesos:<\/p>\n<p>Seleccionamos cuidadosamente materiales de alta calidad y empleamos las \u00faltimas tecnolog\u00edas de fabricaci\u00f3n de moldes, como mecanizado CNC, mecanizado por descarga el\u00e9ctrica (EDM) y rectificado de precisi\u00f3n, para mejorar la durabilidad y el rendimiento de los moldes.<\/p>\n<p>Creaci\u00f3n r\u00e1pida de prototipos y producci\u00f3n por lotes:<\/p>\n<p>Captec ofrece prototipos r\u00e1pidos de moldes para ayudar a sus clientes a acortar los ciclos de desarrollo de productos. Adem\u00e1s, nuestras capacidades de producci\u00f3n por lotes garantizan la coherencia y la eficiencia durante la fabricaci\u00f3n a gran escala.<\/p>\n<\/div>","protected":false},"excerpt":{"rendered":"<p>Los servicios de fabricaci\u00f3n de moldes abarcan todo el proceso, desde el dise\u00f1o hasta los productos acabados, satisfaciendo las intrincadas demandas de productos complejos con un dise\u00f1o de moldes de alta precisi\u00f3n. Los materiales cuidadosamente seleccionados, combinados con t\u00e9cnicas avanzadas, garantizan una gran durabilidad y un rendimiento \u00f3ptimo de los moldes.<\/p>\n<ul>\n<li>Dise\u00f1o de moldes de alta precisi\u00f3n<\/li>\n<li>Materiales y t\u00e9cnicas avanzadas<\/li>\n<li>Creaci\u00f3n r\u00e1pida de prototipos y producci\u00f3n en serie eficiente<\/li>\n<\/ul>\n<p><a href=\"https:\/\/captecprecision.com\/es\/pongase-en-contacto-con\/\">Solicitar presupuesto<\/a><\/p>","protected":false},"featured_media":2111,"comment_status":"open","ping_status":"closed","template":"","meta":{"om_disable_all_campaigns":false,"_monsterinsights_skip_tracking":false,"_monsterinsights_sitenote_active":false,"_monsterinsights_sitenote_note":"","_monsterinsights_sitenote_category":0,"site-sidebar-layout":"default","site-content-layout":"","ast-site-content-layout":"default","site-content-style":"default","site-sidebar-style":"default","ast-global-header-display":"","ast-banner-title-visibility":"","ast-main-header-display":"","ast-hfb-above-header-display":"","ast-hfb-below-header-display":"","ast-hfb-mobile-header-display":"","site-post-title":"","ast-breadcrumbs-content":"","ast-featured-img":"","footer-sml-layout":"","theme-transparent-header-meta":"default","adv-header-id-meta":"","stick-header-meta":"","header-above-stick-meta":"","header-main-stick-meta":"","header-below-stick-meta":"","astra-migrate-meta-layouts":"set","ast-page-background-enabled":"default","ast-page-background-meta":{"desktop":{"background-color":"var(--ast-global-color-4)","background-image":"","background-repeat":"repeat","background-position":"center center","background-size":"auto","background-attachment":"scroll","background-type":"","background-media":"","overlay-type":"","overlay-color":"","overlay-opacity":"","overlay-gradient":""},"tablet":{"background-color":"","background-image":"","background-repeat":"repeat","background-position":"center center","background-size":"auto","background-attachment":"scroll","background-type":"","background-media":"","overlay-type":"","overlay-color":"","overlay-opacity":"","overlay-gradient":""},"mobile":{"background-color":"","background-image":"","background-repeat":"repeat","background-position":"center center","background-size":"auto","background-attachment":"scroll","background-type":"","background-media":"","overlay-type":"","overlay-color":"","overlay-opacity":"","overlay-gradient":""}},"ast-content-background-meta":{"desktop":{"background-color":"var(--ast-global-color-5)","background-image":"","background-repeat":"repeat","background-position":"center center","background-size":"auto","background-attachment":"scroll","background-type":"","background-media":"","overlay-type":"","overlay-color":"","overlay-opacity":"","overlay-gradient":""},"tablet":{"background-color":"var(--ast-global-color-5)","background-image":"","background-repeat":"repeat","background-position":"center center","background-size":"auto","background-attachment":"scroll","background-type":"","background-media":"","overlay-type":"","overlay-color":"","overlay-opacity":"","overlay-gradient":""},"mobile":{"background-color":"var(--ast-global-color-5)","background-image":"","background-repeat":"repeat","background-position":"center center","background-size":"auto","background-attachment":"scroll","background-type":"","background-media":"","overlay-type":"","overlay-color":"","overlay-opacity":"","overlay-gradient":""}}},"product_brand":[],"product_cat":[22,41],"product_tag":[],"class_list":{"0":"post-2149","1":"product","2":"type-product","3":"status-publish","4":"has-post-thumbnail","6":"product_cat-mold-injection-molding","7":"product_cat-mold-manufacturing","8":"desktop-align-left","9":"tablet-align-left","10":"mobile-align-left","12":"first","13":"instock","14":"shipping-taxable","15":"product-type-simple"},"aioseo_notices":[],"_links":{"self":[{"href":"https:\/\/captecprecision.com\/es\/wp-json\/wp\/v2\/product\/2149","targetHints":{"allow":["GET"]}}],"collection":[{"href":"https:\/\/captecprecision.com\/es\/wp-json\/wp\/v2\/product"}],"about":[{"href":"https:\/\/captecprecision.com\/es\/wp-json\/wp\/v2\/types\/product"}],"replies":[{"embeddable":true,"href":"https:\/\/captecprecision.com\/es\/wp-json\/wp\/v2\/comments?post=2149"}],"wp:featuredmedia":[{"embeddable":true,"href":"https:\/\/captecprecision.com\/es\/wp-json\/wp\/v2\/media\/2111"}],"wp:attachment":[{"href":"https:\/\/captecprecision.com\/es\/wp-json\/wp\/v2\/media?parent=2149"}],"wp:term":[{"taxonomy":"product_brand","embeddable":true,"href":"https:\/\/captecprecision.com\/es\/wp-json\/wp\/v2\/product_brand?post=2149"},{"taxonomy":"product_cat","embeddable":true,"href":"https:\/\/captecprecision.com\/es\/wp-json\/wp\/v2\/product_cat?post=2149"},{"taxonomy":"product_tag","embeddable":true,"href":"https:\/\/captecprecision.com\/es\/wp-json\/wp\/v2\/product_tag?post=2149"}],"curies":[{"name":"wp","href":"https:\/\/api.w.org\/{rel}","templated":true}]}}