{"id":2157,"date":"2024-10-23T09:24:06","date_gmt":"2024-10-23T09:24:06","guid":{"rendered":"https:\/\/captecprecision.com\/?post_type=product&#038;p=2157"},"modified":"2024-10-23T09:24:17","modified_gmt":"2024-10-23T09:24:17","slug":"powder-coating","status":"publish","type":"product","link":"https:\/\/captecprecision.com\/es\/productos\/recubrimiento-en-polvo\/","title":{"rendered":"Recubrimiento en polvo"},"content":{"rendered":"<h2>Detalles del servicio de recubrimiento en polvo<\/h2>\n<div class=\"max-width-960 mx-auto fs-16\">\n<p>En CAPtec, estamos especializados en la prestaci\u00f3n de servicios de recubrimiento en polvo de primer nivel que combinan la responsabilidad medioambiental con una calidad excepcional. Nuestros servicios est\u00e1n dise\u00f1ados para satisfacer las necesidades espec\u00edficas de nuestros clientes, ofreciendo una soluci\u00f3n sostenible y eficiente para aplicaciones de recubrimiento.<\/p>\n<p>Proceso respetuoso con el medio ambiente: Nuestro proceso de recubrimiento en polvo no contiene disolventes y produce un m\u00ednimo de residuos, en l\u00ednea con nuestro compromiso con la sostenibilidad medioambiental.<\/p>\n<p>Cobertura uniforme: Garantizamos una aplicaci\u00f3n uniforme del polvo, lo que da como resultado un acabado liso y uniforme que mejora el aspecto y la durabilidad de sus productos.<\/p>\n<p>Acabados personalizables: Con un amplio espectro de colores y texturas disponibles, podemos conseguir el aspecto exacto que desee manteniendo las cualidades protectoras del revestimiento.<\/p>\n<p>CAPtec se dedica a ofrecer servicios de revestimiento en polvo que combinan las ventajas de la conciencia medioambiental con las exigencias del rendimiento industrial, garantizando que sus productos no s\u00f3lo sean est\u00e9ticamente agradables, sino que tambi\u00e9n est\u00e9n protegidos a largo plazo.<\/p>\n<\/div>","protected":false},"excerpt":{"rendered":"<p>El revestimiento en polvo es un m\u00e9todo avanzado de aplicaci\u00f3n de un acabado en polvo seco a un sustrato, que luego se cura con calor para formar una capa protectora uniforme y duradera. Este proceso respetuoso con el medio ambiente elimina la necesidad de disolventes y genera un m\u00ednimo de residuos, lo que lo convierte en una opci\u00f3n cada vez m\u00e1s popular para diversas industrias. El proceso consiste en cargar electrost\u00e1ticamente las part\u00edculas de polvo y aplicarlas a la superficie del sustrato. Las part\u00edculas cargadas se adhieren a la superficie y luego se funden cuando se exponen al calor, formando una capa protectora continua y robusta. El revestimiento en polvo se valora por su capacidad para proporcionar un acabado uniforme, una excelente resistencia a la corrosi\u00f3n y el desgaste, y una amplia gama de opciones de color.<\/p>\n<ul>\n<li>Revestimiento ecol\u00f3gico<\/li>\n<li>Duradero y protector<\/li>\n<li>Amplia gama de colores<\/li>\n<\/ul>\n<p><a href=\"https:\/\/captecprecision.com\/es\/pongase-en-contacto-con\/\">Solicitar presupuesto<\/a><\/p>","protected":false},"featured_media":1471,"comment_status":"open","ping_status":"closed","template":"","meta":{"om_disable_all_campaigns":false,"_monsterinsights_skip_tracking":false,"_monsterinsights_sitenote_active":false,"_monsterinsights_sitenote_note":"","_monsterinsights_sitenote_category":0,"site-sidebar-layout":"default","site-content-layout":"","ast-site-content-layout":"default","site-content-style":"default","site-sidebar-style":"default","ast-global-header-display":"","ast-banner-title-visibility":"","ast-main-header-display":"","ast-hfb-above-header-display":"","ast-hfb-below-header-display":"","ast-hfb-mobile-header-display":"","site-post-title":"","ast-breadcrumbs-content":"","ast-featured-img":"","footer-sml-layout":"","theme-transparent-header-meta":"default","adv-header-id-meta":"","stick-header-meta":"","header-above-stick-meta":"","header-main-stick-meta":"","header-below-stick-meta":"","astra-migrate-meta-layouts":"set","ast-page-background-enabled":"default","ast-page-background-meta":{"desktop":{"background-color":"var(--ast-global-color-4)","background-image":"","background-repeat":"repeat","background-position":"center center","background-size":"auto","background-attachment":"scroll","background-type":"","background-media":"","overlay-type":"","overlay-color":"","overlay-opacity":"","overlay-gradient":""},"tablet":{"background-color":"","background-image":"","background-repeat":"repeat","background-position":"center center","background-size":"auto","background-attachment":"scroll","background-type":"","background-media":"","overlay-type":"","overlay-color":"","overlay-opacity":"","overlay-gradient":""},"mobile":{"background-color":"","background-image":"","background-repeat":"repeat","background-position":"center center","background-size":"auto","background-attachment":"scroll","background-type":"","background-media":"","overlay-type":"","overlay-color":"","overlay-opacity":"","overlay-gradient":""}},"ast-content-background-meta":{"desktop":{"background-color":"var(--ast-global-color-5)","background-image":"","background-repeat":"repeat","background-position":"center center","background-size":"auto","background-attachment":"scroll","background-type":"","background-media":"","overlay-type":"","overlay-color":"","overlay-opacity":"","overlay-gradient":""},"tablet":{"background-color":"var(--ast-global-color-5)","background-image":"","background-repeat":"repeat","background-position":"center center","background-size":"auto","background-attachment":"scroll","background-type":"","background-media":"","overlay-type":"","overlay-color":"","overlay-opacity":"","overlay-gradient":""},"mobile":{"background-color":"var(--ast-global-color-5)","background-image":"","background-repeat":"repeat","background-position":"center center","background-size":"auto","background-attachment":"scroll","background-type":"","background-media":"","overlay-type":"","overlay-color":"","overlay-opacity":"","overlay-gradient":""}}},"product_brand":[],"product_cat":[47,24],"product_tag":[],"class_list":{"0":"post-2157","1":"product","2":"type-product","3":"status-publish","4":"has-post-thumbnail","6":"product_cat-powder-coating","7":"product_cat-surface-finishing","8":"desktop-align-left","9":"tablet-align-left","10":"mobile-align-left","12":"first","13":"instock","14":"shipping-taxable","15":"product-type-simple"},"aioseo_notices":[],"_links":{"self":[{"href":"https:\/\/captecprecision.com\/es\/wp-json\/wp\/v2\/product\/2157","targetHints":{"allow":["GET"]}}],"collection":[{"href":"https:\/\/captecprecision.com\/es\/wp-json\/wp\/v2\/product"}],"about":[{"href":"https:\/\/captecprecision.com\/es\/wp-json\/wp\/v2\/types\/product"}],"replies":[{"embeddable":true,"href":"https:\/\/captecprecision.com\/es\/wp-json\/wp\/v2\/comments?post=2157"}],"wp:featuredmedia":[{"embeddable":true,"href":"https:\/\/captecprecision.com\/es\/wp-json\/wp\/v2\/media\/1471"}],"wp:attachment":[{"href":"https:\/\/captecprecision.com\/es\/wp-json\/wp\/v2\/media?parent=2157"}],"wp:term":[{"taxonomy":"product_brand","embeddable":true,"href":"https:\/\/captecprecision.com\/es\/wp-json\/wp\/v2\/product_brand?post=2157"},{"taxonomy":"product_cat","embeddable":true,"href":"https:\/\/captecprecision.com\/es\/wp-json\/wp\/v2\/product_cat?post=2157"},{"taxonomy":"product_tag","embeddable":true,"href":"https:\/\/captecprecision.com\/es\/wp-json\/wp\/v2\/product_tag?post=2157"}],"curies":[{"name":"wp","href":"https:\/\/api.w.org\/{rel}","templated":true}]}}