{"id":2171,"date":"2024-10-24T02:55:08","date_gmt":"2024-10-24T02:55:08","guid":{"rendered":"https:\/\/captecprecision.com\/?post_type=product&#038;p=2171"},"modified":"2024-10-24T02:55:08","modified_gmt":"2024-10-24T02:55:08","slug":"spray-painting","status":"publish","type":"product","link":"https:\/\/captecprecision.com\/es\/productos\/pintura-en-aerosol\/","title":{"rendered":"Pintura en aerosol"},"content":{"rendered":"<h2>Detalles del servicio de pintura en spray<\/h2>\n<div class=\"max-width-960 mx-auto fs-16\">\n<p>En CAPtec, nuestro compromiso con la excelencia es evidente en nuestros servicios de pintura en aerosol. Combinamos la \u00faltima tecnolog\u00eda con la artesan\u00eda experta para ofrecer un acabado superior que mejore tanto la durabilidad como la apariencia de sus productos. Nuestros servicios est\u00e1n dise\u00f1ados para ofrecer personalizaci\u00f3n, garantizar la calidad y priorizar la eficiencia.<\/p>\n<p>Personalizaci\u00f3n: Ofrecemos una amplia gama de opciones de color y acabado para satisfacer sus requisitos est\u00e9ticos y de marca espec\u00edficos.<\/p>\n<p>Calidad: Nuestros t\u00e9cnicos cualificados aplican los revestimientos con precisi\u00f3n, garantizando un acabado impecable y protector que resiste el paso del tiempo.<\/p>\n<p>Eficacia: Con un enfoque en tiempos de entrega r\u00e1pidos, entregamos sus proyectos con prontitud, asegurando que pueda satisfacer sus demandas del mercado sin demora.<\/p>\n<p>CAPtec es su socio de confianza para servicios de pintura por pulverizaci\u00f3n, garantizando que sus productos no s\u00f3lo tengan un aspecto excepcional, sino que tambi\u00e9n se beneficien de las cualidades protectoras de nuestros revestimientos avanzados.<\/p>\n<\/div>","protected":false},"excerpt":{"rendered":"<p>La pintura por pulverizaci\u00f3n es una t\u00e9cnica vers\u00e1til de acabado de superficies que aplica un revestimiento a un sustrato de forma controlada y precisa. Este m\u00e9todo garantiza una distribuci\u00f3n uniforme de la pintura, lo que da como resultado un acabado uniforme y profesional. Ideal para una amplia gama de aplicaciones, la pintura en spray ofrece protecci\u00f3n contra los factores ambientales y mejora el atractivo visual del producto.<\/p>\n<ul>\n<li>Entrega r\u00e1pida<\/li>\n<li>Artesan\u00eda exquisita<\/li>\n<li>Protecci\u00f3n duradera<\/li>\n<\/ul>\n<p><a href=\"https:\/\/captecprecision.com\/es\/pongase-en-contacto-con\/\">Solicitar presupuesto<\/a><\/p>","protected":false},"featured_media":2172,"comment_status":"open","ping_status":"closed","template":"","meta":{"om_disable_all_campaigns":false,"_monsterinsights_skip_tracking":false,"_monsterinsights_sitenote_active":false,"_monsterinsights_sitenote_note":"","_monsterinsights_sitenote_category":0,"site-sidebar-layout":"default","site-content-layout":"","ast-site-content-layout":"default","site-content-style":"default","site-sidebar-style":"default","ast-global-header-display":"","ast-banner-title-visibility":"","ast-main-header-display":"","ast-hfb-above-header-display":"","ast-hfb-below-header-display":"","ast-hfb-mobile-header-display":"","site-post-title":"","ast-breadcrumbs-content":"","ast-featured-img":"","footer-sml-layout":"","theme-transparent-header-meta":"default","adv-header-id-meta":"","stick-header-meta":"","header-above-stick-meta":"","header-main-stick-meta":"","header-below-stick-meta":"","astra-migrate-meta-layouts":"set","ast-page-background-enabled":"default","ast-page-background-meta":{"desktop":{"background-color":"var(--ast-global-color-4)","background-image":"","background-repeat":"repeat","background-position":"center center","background-size":"auto","background-attachment":"scroll","background-type":"","background-media":"","overlay-type":"","overlay-color":"","overlay-opacity":"","overlay-gradient":""},"tablet":{"background-color":"","background-image":"","background-repeat":"repeat","background-position":"center center","background-size":"auto","background-attachment":"scroll","background-type":"","background-media":"","overlay-type":"","overlay-color":"","overlay-opacity":"","overlay-gradient":""},"mobile":{"background-color":"","background-image":"","background-repeat":"repeat","background-position":"center center","background-size":"auto","background-attachment":"scroll","background-type":"","background-media":"","overlay-type":"","overlay-color":"","overlay-opacity":"","overlay-gradient":""}},"ast-content-background-meta":{"desktop":{"background-color":"var(--ast-global-color-5)","background-image":"","background-repeat":"repeat","background-position":"center center","background-size":"auto","background-attachment":"scroll","background-type":"","background-media":"","overlay-type":"","overlay-color":"","overlay-opacity":"","overlay-gradient":""},"tablet":{"background-color":"var(--ast-global-color-5)","background-image":"","background-repeat":"repeat","background-position":"center center","background-size":"auto","background-attachment":"scroll","background-type":"","background-media":"","overlay-type":"","overlay-color":"","overlay-opacity":"","overlay-gradient":""},"mobile":{"background-color":"var(--ast-global-color-5)","background-image":"","background-repeat":"repeat","background-position":"center center","background-size":"auto","background-attachment":"scroll","background-type":"","background-media":"","overlay-type":"","overlay-color":"","overlay-opacity":"","overlay-gradient":""}}},"product_brand":[],"product_cat":[43,24],"product_tag":[],"class_list":{"0":"post-2171","1":"product","2":"type-product","3":"status-publish","4":"has-post-thumbnail","6":"product_cat-spray-painting","7":"product_cat-surface-finishing","8":"desktop-align-left","9":"tablet-align-left","10":"mobile-align-left","12":"first","13":"instock","14":"shipping-taxable","15":"product-type-simple"},"aioseo_notices":[],"_links":{"self":[{"href":"https:\/\/captecprecision.com\/es\/wp-json\/wp\/v2\/product\/2171","targetHints":{"allow":["GET"]}}],"collection":[{"href":"https:\/\/captecprecision.com\/es\/wp-json\/wp\/v2\/product"}],"about":[{"href":"https:\/\/captecprecision.com\/es\/wp-json\/wp\/v2\/types\/product"}],"replies":[{"embeddable":true,"href":"https:\/\/captecprecision.com\/es\/wp-json\/wp\/v2\/comments?post=2171"}],"wp:featuredmedia":[{"embeddable":true,"href":"https:\/\/captecprecision.com\/es\/wp-json\/wp\/v2\/media\/2172"}],"wp:attachment":[{"href":"https:\/\/captecprecision.com\/es\/wp-json\/wp\/v2\/media?parent=2171"}],"wp:term":[{"taxonomy":"product_brand","embeddable":true,"href":"https:\/\/captecprecision.com\/es\/wp-json\/wp\/v2\/product_brand?post=2171"},{"taxonomy":"product_cat","embeddable":true,"href":"https:\/\/captecprecision.com\/es\/wp-json\/wp\/v2\/product_cat?post=2171"},{"taxonomy":"product_tag","embeddable":true,"href":"https:\/\/captecprecision.com\/es\/wp-json\/wp\/v2\/product_tag?post=2171"}],"curies":[{"name":"wp","href":"https:\/\/api.w.org\/{rel}","templated":true}]}}