{"id":2174,"date":"2024-10-24T02:59:17","date_gmt":"2024-10-24T02:59:17","guid":{"rendered":"https:\/\/captecprecision.com\/?post_type=product&#038;p=2174"},"modified":"2024-10-24T02:59:17","modified_gmt":"2024-10-24T02:59:17","slug":"low-volume-manufacturing-introduction","status":"publish","type":"product","link":"https:\/\/captecprecision.com\/es\/productos\/introduccion-a-la-fabricacion-de-bajo-volumen\/","title":{"rendered":"Introducci\u00f3n a la fabricaci\u00f3n de bajo volumen"},"content":{"rendered":"<h2>Detalles del servicio de introducci\u00f3n a la fabricaci\u00f3n de bajo volumen<\/h2>\n<div class=\"max-width-960 mx-auto fs-16\">\n<p>Personalizaci\u00f3n: Ofrecemos soluciones de fabricaci\u00f3n a medida para satisfacer los requisitos espec\u00edficos de su producto, garantizando que cada unidad se produzca con los m\u00e1s altos est\u00e1ndares de calidad.<\/p>\n<p>Entrega r\u00e1pida: Nuestros \u00e1giles procesos de producci\u00f3n permiten la entrega r\u00e1pida de lotes peque\u00f1os, lo que garantiza que pueda responder r\u00e1pidamente a las demandas del mercado.<\/p>\n<p>Garant\u00eda de calidad: En todas las fases del proceso de fabricaci\u00f3n se aplican rigurosas medidas de control de calidad que garantizan un producto uniforme y fiable.<\/p>\n<p>CAPtec se compromete a ofrecer servicios de fabricaci\u00f3n de bajo volumen que combinan flexibilidad, rapidez y calidad, proporcion\u00e1ndole la ventaja competitiva que necesita en el mercado.<\/p>\n<\/div>","protected":false},"excerpt":{"rendered":"<p>La fabricaci\u00f3n de bajo volumen es el proceso de producci\u00f3n de un n\u00famero limitado de unidades, utilizado normalmente para probar el mercado, validar dise\u00f1os de productos o satisfacer los pedidos iniciales de los clientes. En CAPtec, nos especializamos en ofrecer soluciones de fabricaci\u00f3n de bajo volumen flexibles y eficientes que satisfagan las necesidades \u00fanicas de las nuevas empresas y las empresas establecidas por igual.<\/p>\n<ul>\n<li>Soluciones a medida<\/li>\n<li>Ciclo de producci\u00f3n r\u00e1pido<\/li>\n<li>Control de calidad s\u00f3lido<\/li>\n<\/ul>\n<p><a href=\"https:\/\/captecprecision.com\/es\/pongase-en-contacto-con\/\">Solicitar presupuesto<\/a><\/p>","protected":false},"featured_media":2108,"comment_status":"open","ping_status":"closed","template":"","meta":{"om_disable_all_campaigns":false,"_monsterinsights_skip_tracking":false,"_monsterinsights_sitenote_active":false,"_monsterinsights_sitenote_note":"","_monsterinsights_sitenote_category":0,"site-sidebar-layout":"default","site-content-layout":"","ast-site-content-layout":"default","site-content-style":"default","site-sidebar-style":"default","ast-global-header-display":"","ast-banner-title-visibility":"","ast-main-header-display":"","ast-hfb-above-header-display":"","ast-hfb-below-header-display":"","ast-hfb-mobile-header-display":"","site-post-title":"","ast-breadcrumbs-content":"","ast-featured-img":"","footer-sml-layout":"","theme-transparent-header-meta":"default","adv-header-id-meta":"","stick-header-meta":"","header-above-stick-meta":"","header-main-stick-meta":"","header-below-stick-meta":"","astra-migrate-meta-layouts":"set","ast-page-background-enabled":"default","ast-page-background-meta":{"desktop":{"background-color":"var(--ast-global-color-4)","background-image":"","background-repeat":"repeat","background-position":"center center","background-size":"auto","background-attachment":"scroll","background-type":"","background-media":"","overlay-type":"","overlay-color":"","overlay-opacity":"","overlay-gradient":""},"tablet":{"background-color":"","background-image":"","background-repeat":"repeat","background-position":"center center","background-size":"auto","background-attachment":"scroll","background-type":"","background-media":"","overlay-type":"","overlay-color":"","overlay-opacity":"","overlay-gradient":""},"mobile":{"background-color":"","background-image":"","background-repeat":"repeat","background-position":"center center","background-size":"auto","background-attachment":"scroll","background-type":"","background-media":"","overlay-type":"","overlay-color":"","overlay-opacity":"","overlay-gradient":""}},"ast-content-background-meta":{"desktop":{"background-color":"var(--ast-global-color-5)","background-image":"","background-repeat":"repeat","background-position":"center center","background-size":"auto","background-attachment":"scroll","background-type":"","background-media":"","overlay-type":"","overlay-color":"","overlay-opacity":"","overlay-gradient":""},"tablet":{"background-color":"var(--ast-global-color-5)","background-image":"","background-repeat":"repeat","background-position":"center center","background-size":"auto","background-attachment":"scroll","background-type":"","background-media":"","overlay-type":"","overlay-color":"","overlay-opacity":"","overlay-gradient":""},"mobile":{"background-color":"var(--ast-global-color-5)","background-image":"","background-repeat":"repeat","background-position":"center center","background-size":"auto","background-attachment":"scroll","background-type":"","background-media":"","overlay-type":"","overlay-color":"","overlay-opacity":"","overlay-gradient":""}}},"product_brand":[],"product_cat":[48,25],"product_tag":[],"class_list":{"0":"post-2174","1":"product","2":"type-product","3":"status-publish","4":"has-post-thumbnail","6":"product_cat-flexible-and-faster-low-volume-production","7":"product_cat-solutions-and-services","8":"desktop-align-left","9":"tablet-align-left","10":"mobile-align-left","12":"first","13":"instock","14":"shipping-taxable","15":"product-type-simple"},"aioseo_notices":[],"_links":{"self":[{"href":"https:\/\/captecprecision.com\/es\/wp-json\/wp\/v2\/product\/2174","targetHints":{"allow":["GET"]}}],"collection":[{"href":"https:\/\/captecprecision.com\/es\/wp-json\/wp\/v2\/product"}],"about":[{"href":"https:\/\/captecprecision.com\/es\/wp-json\/wp\/v2\/types\/product"}],"replies":[{"embeddable":true,"href":"https:\/\/captecprecision.com\/es\/wp-json\/wp\/v2\/comments?post=2174"}],"wp:featuredmedia":[{"embeddable":true,"href":"https:\/\/captecprecision.com\/es\/wp-json\/wp\/v2\/media\/2108"}],"wp:attachment":[{"href":"https:\/\/captecprecision.com\/es\/wp-json\/wp\/v2\/media?parent=2174"}],"wp:term":[{"taxonomy":"product_brand","embeddable":true,"href":"https:\/\/captecprecision.com\/es\/wp-json\/wp\/v2\/product_brand?post=2174"},{"taxonomy":"product_cat","embeddable":true,"href":"https:\/\/captecprecision.com\/es\/wp-json\/wp\/v2\/product_cat?post=2174"},{"taxonomy":"product_tag","embeddable":true,"href":"https:\/\/captecprecision.com\/es\/wp-json\/wp\/v2\/product_tag?post=2174"}],"curies":[{"name":"wp","href":"https:\/\/api.w.org\/{rel}","templated":true}]}}