{"id":2175,"date":"2024-10-24T03:00:35","date_gmt":"2024-10-24T03:00:35","guid":{"rendered":"https:\/\/captecprecision.com\/?post_type=product&#038;p=2175"},"modified":"2024-10-24T03:00:35","modified_gmt":"2024-10-24T03:00:35","slug":"high-volume-manufacturing-introduction","status":"publish","type":"product","link":"https:\/\/captecprecision.com\/es\/productos\/introduccion-a-la-fabricacion-de-gran-volumen\/","title":{"rendered":"Introducci\u00f3n a la fabricaci\u00f3n a gran escala"},"content":{"rendered":"<h2>Detalles del servicio de introducci\u00f3n a la fabricaci\u00f3n de grandes vol\u00famenes<\/h2>\n<div class=\"max-width-960 mx-auto fs-16\">\n<p>Escalabilidad: Nuestras capacidades de fabricaci\u00f3n est\u00e1n dise\u00f1adas para ampliarse o reducirse en funci\u00f3n de sus necesidades de producci\u00f3n, lo que proporciona flexibilidad en la gesti\u00f3n de grandes pedidos.<\/p>\n<p>Rentabilidad: Optimizamos los procesos de producci\u00f3n para minimizar los costes sin comprometer la calidad, asegur\u00e1ndonos de que recibe el mejor valor por su inversi\u00f3n.<\/p>\n<p>Gesti\u00f3n de la cadena de suministro: Gestionamos una s\u00f3lida cadena de suministro para garantizar la adquisici\u00f3n puntual de materias primas y componentes, apoyando un flujo de producci\u00f3n sin fisuras.<\/p>\n<p>CAPtec se compromete a ofrecer servicios de fabricaci\u00f3n de grandes vol\u00famenes que no s\u00f3lo sean escalables y rentables, sino que tambi\u00e9n mantengan los m\u00e1s altos niveles de calidad y fiabilidad.<\/p>\n<\/div>","protected":false},"excerpt":{"rendered":"<p>La fabricaci\u00f3n de grandes vol\u00famenes es el proceso de producir grandes cantidades de productos, normalmente para productos establecidos en el mercado. En CAPtec, estamos especializados en ofrecer soluciones de fabricaci\u00f3n de grandes vol\u00famenes eficientes y rentables que garanticen una calidad constante y una entrega puntual.<\/p>\n<ul>\n<li>Producci\u00f3n escalable<\/li>\n<li>Soluciones rentables<\/li>\n<li>Excelencia en la cadena de suministro<\/li>\n<\/ul>\n<p><a href=\"https:\/\/captecprecision.com\/es\/pongase-en-contacto-con\/\">Solicitar presupuesto<\/a><\/p>","protected":false},"featured_media":2176,"comment_status":"open","ping_status":"closed","template":"","meta":{"om_disable_all_campaigns":false,"_monsterinsights_skip_tracking":false,"_monsterinsights_sitenote_active":false,"_monsterinsights_sitenote_note":"","_monsterinsights_sitenote_category":0,"site-sidebar-layout":"default","site-content-layout":"","ast-site-content-layout":"default","site-content-style":"default","site-sidebar-style":"default","ast-global-header-display":"","ast-banner-title-visibility":"","ast-main-header-display":"","ast-hfb-above-header-display":"","ast-hfb-below-header-display":"","ast-hfb-mobile-header-display":"","site-post-title":"","ast-breadcrumbs-content":"","ast-featured-img":"","footer-sml-layout":"","theme-transparent-header-meta":"default","adv-header-id-meta":"","stick-header-meta":"","header-above-stick-meta":"","header-main-stick-meta":"","header-below-stick-meta":"","astra-migrate-meta-layouts":"set","ast-page-background-enabled":"default","ast-page-background-meta":{"desktop":{"background-color":"var(--ast-global-color-4)","background-image":"","background-repeat":"repeat","background-position":"center center","background-size":"auto","background-attachment":"scroll","background-type":"","background-media":"","overlay-type":"","overlay-color":"","overlay-opacity":"","overlay-gradient":""},"tablet":{"background-color":"","background-image":"","background-repeat":"repeat","background-position":"center center","background-size":"auto","background-attachment":"scroll","background-type":"","background-media":"","overlay-type":"","overlay-color":"","overlay-opacity":"","overlay-gradient":""},"mobile":{"background-color":"","background-image":"","background-repeat":"repeat","background-position":"center center","background-size":"auto","background-attachment":"scroll","background-type":"","background-media":"","overlay-type":"","overlay-color":"","overlay-opacity":"","overlay-gradient":""}},"ast-content-background-meta":{"desktop":{"background-color":"var(--ast-global-color-5)","background-image":"","background-repeat":"repeat","background-position":"center center","background-size":"auto","background-attachment":"scroll","background-type":"","background-media":"","overlay-type":"","overlay-color":"","overlay-opacity":"","overlay-gradient":""},"tablet":{"background-color":"var(--ast-global-color-5)","background-image":"","background-repeat":"repeat","background-position":"center center","background-size":"auto","background-attachment":"scroll","background-type":"","background-media":"","overlay-type":"","overlay-color":"","overlay-opacity":"","overlay-gradient":""},"mobile":{"background-color":"var(--ast-global-color-5)","background-image":"","background-repeat":"repeat","background-position":"center center","background-size":"auto","background-attachment":"scroll","background-type":"","background-media":"","overlay-type":"","overlay-color":"","overlay-opacity":"","overlay-gradient":""}}},"product_brand":[],"product_cat":[51,25],"product_tag":[],"class_list":{"0":"post-2175","1":"product","2":"type-product","3":"status-publish","4":"has-post-thumbnail","6":"product_cat-high-volume-manufacturing-introduction","7":"product_cat-solutions-and-services","8":"desktop-align-left","9":"tablet-align-left","10":"mobile-align-left","12":"first","13":"instock","14":"shipping-taxable","15":"product-type-simple"},"aioseo_notices":[],"_links":{"self":[{"href":"https:\/\/captecprecision.com\/es\/wp-json\/wp\/v2\/product\/2175","targetHints":{"allow":["GET"]}}],"collection":[{"href":"https:\/\/captecprecision.com\/es\/wp-json\/wp\/v2\/product"}],"about":[{"href":"https:\/\/captecprecision.com\/es\/wp-json\/wp\/v2\/types\/product"}],"replies":[{"embeddable":true,"href":"https:\/\/captecprecision.com\/es\/wp-json\/wp\/v2\/comments?post=2175"}],"wp:featuredmedia":[{"embeddable":true,"href":"https:\/\/captecprecision.com\/es\/wp-json\/wp\/v2\/media\/2176"}],"wp:attachment":[{"href":"https:\/\/captecprecision.com\/es\/wp-json\/wp\/v2\/media?parent=2175"}],"wp:term":[{"taxonomy":"product_brand","embeddable":true,"href":"https:\/\/captecprecision.com\/es\/wp-json\/wp\/v2\/product_brand?post=2175"},{"taxonomy":"product_cat","embeddable":true,"href":"https:\/\/captecprecision.com\/es\/wp-json\/wp\/v2\/product_cat?post=2175"},{"taxonomy":"product_tag","embeddable":true,"href":"https:\/\/captecprecision.com\/es\/wp-json\/wp\/v2\/product_tag?post=2175"}],"curies":[{"name":"wp","href":"https:\/\/api.w.org\/{rel}","templated":true}]}}