{"id":1653,"date":"2024-10-07T17:41:26","date_gmt":"2024-10-07T17:41:26","guid":{"rendered":"https:\/\/captecprecision.com\/?page_id=1653"},"modified":"2024-10-07T17:42:56","modified_gmt":"2024-10-07T17:42:56","slug":"privacy-policy-2","status":"publish","type":"page","link":"https:\/\/captecprecision.com\/fr\/politique-de-confidentialite-2\/","title":{"rendered":"Politique de confidentialit\u00e9"},"content":{"rendered":"<div data-elementor-type=\"wp-page\" data-elementor-id=\"1653\" class=\"elementor elementor-1653\" data-elementor-post-type=\"page\">\n\t\t\t\t<div class=\"elementor-element elementor-element-d65c45d e-flex e-con-boxed e-con e-parent\" data-id=\"d65c45d\" data-element_type=\"container\">\n\t\t\t\t\t<div class=\"e-con-inner\">\n\t\t\t\t<div class=\"elementor-element elementor-element-977f590 elementor-widget elementor-widget-heading\" data-id=\"977f590\" data-element_type=\"widget\" data-widget_type=\"heading.default\">\n\t\t\t\t<div class=\"elementor-widget-container\">\n\t\t\t\t\t<h2 class=\"elementor-heading-title elementor-size-default\">Politique de confidentialit\u00e9<\/h2>\t\t\t\t<\/div>\n\t\t\t\t<\/div>\n\t\t\t\t\t<\/div>\n\t\t\t\t<\/div>\n\t\t<div class=\"elementor-element elementor-element-e227e57 e-flex e-con-boxed e-con e-parent\" data-id=\"e227e57\" data-element_type=\"container\">\n\t\t\t\t\t<div class=\"e-con-inner\">\n\t\t\t\t<div class=\"elementor-element elementor-element-5ff957b elementor-widget elementor-widget-text-editor\" data-id=\"5ff957b\" data-element_type=\"widget\" data-widget_type=\"text-editor.default\">\n\t\t\t\t<div class=\"elementor-widget-container\">\n\t\t\t\t\t\t\t\t\t<p>La pr\u00e9sente politique de protection de la vie priv\u00e9e a pour but d'expliquer les principes et les pratiques que nous suivons dans le cadre du traitement de vos informations personnelles. Veuillez lire attentivement cette politique pour comprendre comment nous collectons, utilisons, stockons et prot\u00e9geons vos informations personnelles.<\/p><p>1. Collecte d'informations<br \/>Nous pouvons recueillir vos informations personnelles lorsque vous utilisez notre site web, communiquez avec nous ou participez \u00e0 nos activit\u00e9s commerciales, telles que votre nom, vos coordonn\u00e9es, votre adresse \u00e9lectronique, le nom de votre entreprise, etc. En outre, nous pouvons \u00e9galement recueillir des informations relatives \u00e0 vos commandes, transactions ou demandes de service.<\/p><p>2. Utilisation de l'information<br \/>Les informations personnelles que nous recueillons seront utilis\u00e9es aux fins suivantes :<br \/>- Fournir les produits ou services que vous demandez ;<br \/>- Pour traiter vos commandes et vos transactions ;<br \/>- Pour communiquer avec vous et r\u00e9pondre \u00e0 vos demandes et commentaires ;<br \/>- Am\u00e9liorer nos produits et services ;<br \/>- R\u00e9aliser des \u00e9tudes et des analyses de march\u00e9 ;<br \/>- Se conformer aux exigences des lois et des r\u00e8glements.<\/p><p>3. Partage de l'information<br \/>Nous ne vendrons pas, ne louerons pas et ne partagerons pas vos informations personnelles avec des tiers, sauf dans les circonstances suivantes :<br \/>- Avec votre consentement explicite ;<br \/>- pour remplir nos obligations contractuelles \u00e0 votre \u00e9gard ;<br \/>- Se conformer aux exigences des lois et des r\u00e8glements ;<br \/>- Coop\u00e9rer avec nos partenaires pour fournir de meilleurs services, mais nous veillerons \u00e0 ce que ces partenaires respectent les politiques de confidentialit\u00e9 pertinentes.<\/p><p>4. Stockage de l'information<br \/>Nous prendrons des mesures de s\u00e9curit\u00e9 raisonnables pour prot\u00e9ger vos informations personnelles contre la perte, l'utilisation abusive, l'acc\u00e8s non autoris\u00e9, la divulgation ou l'alt\u00e9ration. Nous conserverons vos informations personnelles pour une dur\u00e9e n'exc\u00e9dant pas celle n\u00e9cessaire au respect des exigences l\u00e9gales et r\u00e9glementaires.<\/p><p>5. Vos droits<br \/>Vous avez le droit d'acc\u00e9der \u00e0 vos informations personnelles, de les corriger, de les supprimer et de limiter le traitement de vos informations personnelles ou de vous y opposer. Vous pouvez \u00e9galement retirer votre consentement \u00e0 l'utilisation de vos informations personnelles \u00e0 tout moment. Si vous avez des questions ou des demandes concernant vos informations personnelles, veuillez contacter notre service client\u00e8le.<\/p><p>6. Liens avec des tiers<br \/>Notre site web peut contenir des liens vers des sites web de tiers qui ne sont pas sous notre contr\u00f4le. Nous ne sommes pas responsables des politiques ou pratiques de ces sites tiers en mati\u00e8re de protection de la vie priv\u00e9e. Veuillez lire attentivement les politiques de confidentialit\u00e9 de ces sites tiers lorsque vous les visitez.<\/p><p>7. Mises \u00e0 jour de la politique de confidentialit\u00e9<br \/>Nous pouvons mettre \u00e0 jour cette politique de confidentialit\u00e9 de temps \u00e0 autre pour refl\u00e9ter les changements dans nos activit\u00e9s ou les exigences des lois et r\u00e8glements. Nous publierons la politique de confidentialit\u00e9 mise \u00e0 jour sur notre site web et vous en informerons si n\u00e9cessaire.<\/p><p>8. Nous contacter<br \/>Si vous avez des questions ou des commentaires sur cette politique de confidentialit\u00e9, veuillez nous contacter en utilisant les coordonn\u00e9es suivantes :<br \/>Courriel : Pei@captec-machining.com<br \/>T\u00e9l\u00e9phone:+86 021-68916566<\/p><p>CAPtec Precision Modeling Shanghai Co, Ltd.<\/p>\t\t\t\t\t\t\t\t<\/div>\n\t\t\t\t<\/div>\n\t\t\t\t\t<\/div>\n\t\t\t\t<\/div>\n\t\t\t\t<\/div>","protected":false},"excerpt":{"rendered":"<p>Privacy Policy This Privacy Policy is designed to explain the principles and practices we follow when handling your personal information. Please read this policy carefully to understand how we collect, use, store, and protect your personal information. 1. Information CollectionWe may collect your personal information when you use our website, communicate with us, or participate [&hellip;]<\/p>","protected":false},"author":1,"featured_media":0,"parent":0,"menu_order":0,"comment_status":"closed","ping_status":"closed","template":"","meta":{"om_disable_all_campaigns":false,"_monsterinsights_skip_tracking":false,"_monsterinsights_sitenote_active":false,"_monsterinsights_sitenote_note":"","_monsterinsights_sitenote_category":0,"site-sidebar-layout":"no-sidebar","site-content-layout":"page-builder","ast-site-content-layout":"full-width-container","site-content-style":"default","site-sidebar-style":"default","ast-global-header-display":"","ast-banner-title-visibility":"","ast-main-header-display":"","ast-hfb-above-header-display":"","ast-hfb-below-header-display":"","ast-hfb-mobile-header-display":"","site-post-title":"disabled","ast-breadcrumbs-content":"","ast-featured-img":"disabled","footer-sml-layout":"","theme-transparent-header-meta":"","adv-header-id-meta":"","stick-header-meta":"","header-above-stick-meta":"","header-main-stick-meta":"","header-below-stick-meta":"","astra-migrate-meta-layouts":"set","ast-page-background-enabled":"default","ast-page-background-meta":{"desktop":{"background-color":"var(--ast-global-color-4)","background-image":"","background-repeat":"repeat","background-position":"center center","background-size":"auto","background-attachment":"scroll","background-type":"","background-media":"","overlay-type":"","overlay-color":"","overlay-opacity":"","overlay-gradient":""},"tablet":{"background-color":"","background-image":"","background-repeat":"repeat","background-position":"center center","background-size":"auto","background-attachment":"scroll","background-type":"","background-media":"","overlay-type":"","overlay-color":"","overlay-opacity":"","overlay-gradient":""},"mobile":{"background-color":"","background-image":"","background-repeat":"repeat","background-position":"center center","background-size":"auto","background-attachment":"scroll","background-type":"","background-media":"","overlay-type":"","overlay-color":"","overlay-opacity":"","overlay-gradient":""}},"ast-content-background-meta":{"desktop":{"background-color":"var(--ast-global-color-5)","background-image":"","background-repeat":"repeat","background-position":"center center","background-size":"auto","background-attachment":"scroll","background-type":"","background-media":"","overlay-type":"","overlay-color":"","overlay-opacity":"","overlay-gradient":""},"tablet":{"background-color":"var(--ast-global-color-5)","background-image":"","background-repeat":"repeat","background-position":"center center","background-size":"auto","background-attachment":"scroll","background-type":"","background-media":"","overlay-type":"","overlay-color":"","overlay-opacity":"","overlay-gradient":""},"mobile":{"background-color":"var(--ast-global-color-5)","background-image":"","background-repeat":"repeat","background-position":"center center","background-size":"auto","background-attachment":"scroll","background-type":"","background-media":"","overlay-type":"","overlay-color":"","overlay-opacity":"","overlay-gradient":""}},"footnotes":""},"class_list":["post-1653","page","type-page","status-publish","hentry"],"aioseo_notices":[],"_links":{"self":[{"href":"https:\/\/captecprecision.com\/fr\/wp-json\/wp\/v2\/pages\/1653","targetHints":{"allow":["GET"]}}],"collection":[{"href":"https:\/\/captecprecision.com\/fr\/wp-json\/wp\/v2\/pages"}],"about":[{"href":"https:\/\/captecprecision.com\/fr\/wp-json\/wp\/v2\/types\/page"}],"author":[{"embeddable":true,"href":"https:\/\/captecprecision.com\/fr\/wp-json\/wp\/v2\/users\/1"}],"replies":[{"embeddable":true,"href":"https:\/\/captecprecision.com\/fr\/wp-json\/wp\/v2\/comments?post=1653"}],"version-history":[{"count":10,"href":"https:\/\/captecprecision.com\/fr\/wp-json\/wp\/v2\/pages\/1653\/revisions"}],"predecessor-version":[{"id":1663,"href":"https:\/\/captecprecision.com\/fr\/wp-json\/wp\/v2\/pages\/1653\/revisions\/1663"}],"wp:attachment":[{"href":"https:\/\/captecprecision.com\/fr\/wp-json\/wp\/v2\/media?parent=1653"}],"curies":[{"name":"wp","href":"https:\/\/api.w.org\/{rel}","templated":true}]}}