{"id":1447,"date":"2024-09-24T00:36:05","date_gmt":"2024-09-24T00:36:05","guid":{"rendered":"https:\/\/captecprecision.com\/?post_type=product&#038;p=1447"},"modified":"2024-10-23T08:23:12","modified_gmt":"2024-10-23T08:23:12","slug":"5-axis-cnc-machining","status":"publish","type":"product","link":"https:\/\/captecprecision.com\/fr\/produits\/usinage-cnc-5-axes\/","title":{"rendered":"Usinage d'engrenages"},"content":{"rendered":"<h2>Usinage d'engrenages D\u00e9tails du service<\/h2>\n<div class=\"max-width-960 mx-auto fs-16\">\n<p>Expertise technique :<\/p>\n<p>Nos services d'usinage d'engrenages s'appuient sur une technologie de pointe et un savoir-faire exquis. Nous contr\u00f4lons rigoureusement chaque processus de fabrication des engrenages afin de nous assurer qu'ils r\u00e9pondent aux normes de pr\u00e9cision industrielle les plus strictes.<\/p>\n<p>Solutions personnalis\u00e9es :<\/p>\n<p>Notre \u00e9quipe d'ing\u00e9nieurs travaille en \u00e9troite collaboration avec nos clients d\u00e8s la phase de conception, offrant des services de conseil personnalis\u00e9s pour s'assurer que les solutions d'usinage d'engrenages r\u00e9pondent aux besoins d'application sp\u00e9cifiques de nos clients.<\/p>\n<p>Livraison rapide :<\/p>\n<p>Nous comprenons l'importance des d\u00e9lais de production et nous nous engageons \u00e0 optimiser le processus de production afin d'assurer une livraison rapide, en respectant les calendriers des projets de nos clients et la rapidit\u00e9 de r\u00e9action du march\u00e9.<\/p>\n<h2 class=\"\">Pourquoi choisir notre service d'usinage des engrenages<\/h2>\n<p>R\u00e9ponse rapide et livraison efficace<br \/>\nNotre engagement en faveur d'une r\u00e9ponse rapide et d'une livraison efficace est la pierre angulaire de notre service. Gr\u00e2ce \u00e0 nos propres processus de fabrication contr\u00f4l\u00e9s, nous pouvons r\u00e9duire les d\u00e9lais de production afin de garantir que vos commandes soient ex\u00e9cut\u00e9es rapidement.<\/p>\n<p>Des solutions compl\u00e8tes et personnalis\u00e9es<br \/>\nNous offrons une gamme compl\u00e8te de services personnalis\u00e9s, de la consultation en mati\u00e8re de conception \u00e0 la s\u00e9lection des mat\u00e9riaux. Notre \u00e9quipe de professionnels travaillera en \u00e9troite collaboration avec vous pour s'assurer que vos besoins personnalis\u00e9s sont parfaitement satisfaits.<\/p>\n<p>Technologie de haute qualit\u00e9<br \/>\nS'appuyant sur des \u00e9quipements CNC de pointe, nos services de fraisage CNC garantissent que chaque processus d'usinage r\u00e9pond \u00e0 des normes \u00e9lev\u00e9es de pr\u00e9cision et de qualit\u00e9, satisfaisant ainsi vos exigences rigoureuses en mati\u00e8re de finesse des produits.<\/p>\n<p>Service professionnel personnalis\u00e9<br \/>\nChaque client peut b\u00e9n\u00e9ficier d'un service professionnel personnalis\u00e9, depuis le lancement du projet jusqu'au service apr\u00e8s-vente. Notre \u00e9quipe vous apportera un soutien continu afin de r\u00e9pondre rapidement \u00e0 vos besoins et \u00e0 vos demandes.<\/p>\n<h2 class=\"\"><\/h2>\n<\/div>","protected":false},"excerpt":{"rendered":"<p>Les services d'usinage d'engrenages int\u00e8grent trois points forts : un savoir-faire de pr\u00e9cision, des services personnalis\u00e9s et des capacit\u00e9s de production rapide. Nous utilisons des \u00e9quipements de pointe et une \u00e9quipe professionnelle pour garantir la pr\u00e9cision parfaite de chaque engrenage, tout en fournissant des solutions sur mesure pour r\u00e9pondre aux besoins personnalis\u00e9s de nos clients. Notre capacit\u00e9 de production rapide garantit que les projets peuvent r\u00e9pondre au march\u00e9 en temps voulu, acc\u00e9l\u00e9rant ainsi le d\u00e9veloppement commercial de nos clients.<\/p>\n<ul>\n<li>Fabrication de haute pr\u00e9cision<\/li>\n<li>Services personnalis\u00e9s<\/li>\n<li>Production \u00e0 r\u00e9ponse rapide<\/li>\n<\/ul>\n<p><a href=\"https:\/\/captecprecision.com\/fr\/contact\/\">Obtenir un devis<\/a><\/p>","protected":false},"featured_media":2142,"comment_status":"open","ping_status":"closed","template":"","meta":{"om_disable_all_campaigns":false,"_monsterinsights_skip_tracking":false,"_monsterinsights_sitenote_active":false,"_monsterinsights_sitenote_note":"","_monsterinsights_sitenote_category":0,"site-sidebar-layout":"default","site-content-layout":"","ast-site-content-layout":"default","site-content-style":"default","site-sidebar-style":"default","ast-global-header-display":"","ast-banner-title-visibility":"","ast-main-header-display":"","ast-hfb-above-header-display":"","ast-hfb-below-header-display":"","ast-hfb-mobile-header-display":"","site-post-title":"","ast-breadcrumbs-content":"","ast-featured-img":"","footer-sml-layout":"","theme-transparent-header-meta":"default","adv-header-id-meta":"","stick-header-meta":"","header-above-stick-meta":"","header-main-stick-meta":"","header-below-stick-meta":"","astra-migrate-meta-layouts":"set","ast-page-background-enabled":"default","ast-page-background-meta":{"desktop":{"background-color":"var(--ast-global-color-4)","background-image":"","background-repeat":"repeat","background-position":"center center","background-size":"auto","background-attachment":"scroll","background-type":"","background-media":"","overlay-type":"","overlay-color":"","overlay-opacity":"","overlay-gradient":""},"tablet":{"background-color":"","background-image":"","background-repeat":"repeat","background-position":"center center","background-size":"auto","background-attachment":"scroll","background-type":"","background-media":"","overlay-type":"","overlay-color":"","overlay-opacity":"","overlay-gradient":""},"mobile":{"background-color":"","background-image":"","background-repeat":"repeat","background-position":"center center","background-size":"auto","background-attachment":"scroll","background-type":"","background-media":"","overlay-type":"","overlay-color":"","overlay-opacity":"","overlay-gradient":""}},"ast-content-background-meta":{"desktop":{"background-color":"var(--ast-global-color-5)","background-image":"","background-repeat":"repeat","background-position":"center center","background-size":"auto","background-attachment":"scroll","background-type":"","background-media":"","overlay-type":"","overlay-color":"","overlay-opacity":"","overlay-gradient":""},"tablet":{"background-color":"var(--ast-global-color-5)","background-image":"","background-repeat":"repeat","background-position":"center center","background-size":"auto","background-attachment":"scroll","background-type":"","background-media":"","overlay-type":"","overlay-color":"","overlay-opacity":"","overlay-gradient":""},"mobile":{"background-color":"var(--ast-global-color-5)","background-image":"","background-repeat":"repeat","background-position":"center center","background-size":"auto","background-attachment":"scroll","background-type":"","background-media":"","overlay-type":"","overlay-color":"","overlay-opacity":"","overlay-gradient":""}}},"product_brand":[],"product_cat":[19,28],"product_tag":[],"class_list":{"0":"post-1447","1":"product","2":"type-product","3":"status-publish","4":"has-post-thumbnail","6":"product_cat-cnc-machining","7":"product_cat-gear-machining","8":"desktop-align-left","9":"tablet-align-left","10":"mobile-align-left","12":"first","13":"instock","14":"shipping-taxable","15":"product-type-simple"},"aioseo_notices":[],"_links":{"self":[{"href":"https:\/\/captecprecision.com\/fr\/wp-json\/wp\/v2\/product\/1447","targetHints":{"allow":["GET"]}}],"collection":[{"href":"https:\/\/captecprecision.com\/fr\/wp-json\/wp\/v2\/product"}],"about":[{"href":"https:\/\/captecprecision.com\/fr\/wp-json\/wp\/v2\/types\/product"}],"replies":[{"embeddable":true,"href":"https:\/\/captecprecision.com\/fr\/wp-json\/wp\/v2\/comments?post=1447"}],"wp:featuredmedia":[{"embeddable":true,"href":"https:\/\/captecprecision.com\/fr\/wp-json\/wp\/v2\/media\/2142"}],"wp:attachment":[{"href":"https:\/\/captecprecision.com\/fr\/wp-json\/wp\/v2\/media?parent=1447"}],"wp:term":[{"taxonomy":"product_brand","embeddable":true,"href":"https:\/\/captecprecision.com\/fr\/wp-json\/wp\/v2\/product_brand?post=1447"},{"taxonomy":"product_cat","embeddable":true,"href":"https:\/\/captecprecision.com\/fr\/wp-json\/wp\/v2\/product_cat?post=1447"},{"taxonomy":"product_tag","embeddable":true,"href":"https:\/\/captecprecision.com\/fr\/wp-json\/wp\/v2\/product_tag?post=1447"}],"curies":[{"name":"wp","href":"https:\/\/api.w.org\/{rel}","templated":true}]}}