{"id":2127,"date":"2024-10-23T07:25:58","date_gmt":"2024-10-23T07:25:58","guid":{"rendered":"https:\/\/captecprecision.com\/?post_type=product&#038;p=2127"},"modified":"2024-10-23T08:12:59","modified_gmt":"2024-10-23T08:12:59","slug":"cnc-milling-2","status":"publish","type":"product","link":"https:\/\/captecprecision.com\/fr\/produits\/fraisage-cnc-2\/","title":{"rendered":"Fraisage CNC"},"content":{"rendered":"<h2>D\u00e9tails du service de fraisage CNC<\/h2>\n<div class=\"max-width-960 mx-auto fs-16\">\n<p>Soucieux de r\u00e9pondre aux besoins de nos clients avec pr\u00e9cision et excellence, nous disposons d'une gamme compl\u00e8te d'\u00e9quipements de fraisage CNC, y compris des technologies \u00e0 3 axes, 3+2 axes, 4 axes et jusqu'\u00e0 5 axes. Contrairement \u00e0 l'externalisation de la production, nous disposons de notre propre centre de fraisage CNC, ce qui nous permet de contr\u00f4ler l'ensemble du processus, de la conception du prototype \u00e0 la fabrication du produit fini. Ce contr\u00f4le nous permet de fournir des produits de meilleure qualit\u00e9 et de r\u00e9duire les d\u00e9lais de livraison. Choisissez-nous et laissez vos concepts de design devenir r\u00e9alit\u00e9 avec la plus grande efficacit\u00e9 et la meilleure qualit\u00e9.<\/p>\n<figure id=\"attachment_2131\" aria-describedby=\"caption-attachment-2131\" style=\"width: 1024px\" class=\"wp-caption alignnone\"><img fetchpriority=\"high\" decoding=\"async\" class=\"size-full wp-image-2131\" src=\"https:\/\/captecprecision.com\/wp-content\/uploads\/2024\/09\/1-240G2143S0V4.jpg\" alt=\"\" width=\"1024\" height=\"684\" srcset=\"https:\/\/captecprecision.com\/wp-content\/uploads\/2024\/09\/1-240G2143S0V4.jpg 1024w, https:\/\/captecprecision.com\/wp-content\/uploads\/2024\/09\/1-240G2143S0V4-300x200.jpg 300w, https:\/\/captecprecision.com\/wp-content\/uploads\/2024\/09\/1-240G2143S0V4-768x513.jpg 768w, https:\/\/captecprecision.com\/wp-content\/uploads\/2024\/09\/1-240G2143S0V4-600x401.jpg 600w\" sizes=\"(max-width: 1024px) 100vw, 1024px\" \/><figcaption id=\"caption-attachment-2131\" class=\"wp-caption-text\">\u00c9claboussures de liquide de refroidissement sur une fraiseuse CNC. Processus de fabrication de moules et de matrices par centre d'usinage CNC avec m\u00e9thode d'arrosage \u00e0 l'huile.<\/figcaption><\/figure>\n<\/div>","protected":false},"excerpt":{"rendered":"<p>Services de fraisage CNC souples et efficaces, sp\u00e9cialis\u00e9s dans le prototypage rapide et la production de pi\u00e8ces par lots. Fournir rapidement des pi\u00e8ces frais\u00e9es CNC personnalis\u00e9es de haute qualit\u00e9 \u00e0 un prix raisonnable.<\/p>\n<ul>\n<li>Technologie de fraisage de haute pr\u00e9cision<\/li>\n<li>Capacit\u00e9s d'usinage multiaxes<\/li>\n<li>Production \u00e0 r\u00e9ponse rapide<\/li>\n<\/ul>\n<p>Obtenir un devis<\/p>","protected":false},"featured_media":2128,"comment_status":"open","ping_status":"closed","template":"","meta":{"om_disable_all_campaigns":false,"_monsterinsights_skip_tracking":false,"_monsterinsights_sitenote_active":false,"_monsterinsights_sitenote_note":"","_monsterinsights_sitenote_category":0,"site-sidebar-layout":"default","site-content-layout":"","ast-site-content-layout":"default","site-content-style":"default","site-sidebar-style":"default","ast-global-header-display":"","ast-banner-title-visibility":"","ast-main-header-display":"","ast-hfb-above-header-display":"","ast-hfb-below-header-display":"","ast-hfb-mobile-header-display":"","site-post-title":"","ast-breadcrumbs-content":"","ast-featured-img":"","footer-sml-layout":"","theme-transparent-header-meta":"default","adv-header-id-meta":"","stick-header-meta":"","header-above-stick-meta":"","header-main-stick-meta":"","header-below-stick-meta":"","astra-migrate-meta-layouts":"set","ast-page-background-enabled":"default","ast-page-background-meta":{"desktop":{"background-color":"var(--ast-global-color-4)","background-image":"","background-repeat":"repeat","background-position":"center center","background-size":"auto","background-attachment":"scroll","background-type":"","background-media":"","overlay-type":"","overlay-color":"","overlay-opacity":"","overlay-gradient":""},"tablet":{"background-color":"","background-image":"","background-repeat":"repeat","background-position":"center center","background-size":"auto","background-attachment":"scroll","background-type":"","background-media":"","overlay-type":"","overlay-color":"","overlay-opacity":"","overlay-gradient":""},"mobile":{"background-color":"","background-image":"","background-repeat":"repeat","background-position":"center center","background-size":"auto","background-attachment":"scroll","background-type":"","background-media":"","overlay-type":"","overlay-color":"","overlay-opacity":"","overlay-gradient":""}},"ast-content-background-meta":{"desktop":{"background-color":"var(--ast-global-color-5)","background-image":"","background-repeat":"repeat","background-position":"center center","background-size":"auto","background-attachment":"scroll","background-type":"","background-media":"","overlay-type":"","overlay-color":"","overlay-opacity":"","overlay-gradient":""},"tablet":{"background-color":"var(--ast-global-color-5)","background-image":"","background-repeat":"repeat","background-position":"center center","background-size":"auto","background-attachment":"scroll","background-type":"","background-media":"","overlay-type":"","overlay-color":"","overlay-opacity":"","overlay-gradient":""},"mobile":{"background-color":"var(--ast-global-color-5)","background-image":"","background-repeat":"repeat","background-position":"center center","background-size":"auto","background-attachment":"scroll","background-type":"","background-media":"","overlay-type":"","overlay-color":"","overlay-opacity":"","overlay-gradient":""}}},"product_brand":[],"product_cat":[19,26],"product_tag":[],"class_list":{"0":"post-2127","1":"product","2":"type-product","3":"status-publish","4":"has-post-thumbnail","6":"product_cat-cnc-machining","7":"product_cat-cnc-milling","8":"desktop-align-left","9":"tablet-align-left","10":"mobile-align-left","12":"first","13":"instock","14":"shipping-taxable","15":"product-type-simple"},"aioseo_notices":[],"_links":{"self":[{"href":"https:\/\/captecprecision.com\/fr\/wp-json\/wp\/v2\/product\/2127","targetHints":{"allow":["GET"]}}],"collection":[{"href":"https:\/\/captecprecision.com\/fr\/wp-json\/wp\/v2\/product"}],"about":[{"href":"https:\/\/captecprecision.com\/fr\/wp-json\/wp\/v2\/types\/product"}],"replies":[{"embeddable":true,"href":"https:\/\/captecprecision.com\/fr\/wp-json\/wp\/v2\/comments?post=2127"}],"wp:featuredmedia":[{"embeddable":true,"href":"https:\/\/captecprecision.com\/fr\/wp-json\/wp\/v2\/media\/2128"}],"wp:attachment":[{"href":"https:\/\/captecprecision.com\/fr\/wp-json\/wp\/v2\/media?parent=2127"}],"wp:term":[{"taxonomy":"product_brand","embeddable":true,"href":"https:\/\/captecprecision.com\/fr\/wp-json\/wp\/v2\/product_brand?post=2127"},{"taxonomy":"product_cat","embeddable":true,"href":"https:\/\/captecprecision.com\/fr\/wp-json\/wp\/v2\/product_cat?post=2127"},{"taxonomy":"product_tag","embeddable":true,"href":"https:\/\/captecprecision.com\/fr\/wp-json\/wp\/v2\/product_tag?post=2127"}],"curies":[{"name":"wp","href":"https:\/\/api.w.org\/{rel}","templated":true}]}}