{"id":2129,"date":"2024-10-23T07:27:17","date_gmt":"2024-10-23T07:27:17","guid":{"rendered":"https:\/\/captecprecision.com\/?post_type=product&#038;p=2129"},"modified":"2024-10-29T07:38:50","modified_gmt":"2024-10-29T07:38:50","slug":"cnc-turning-2","status":"publish","type":"product","link":"https:\/\/captecprecision.com\/fr\/produits\/tournage-cnc-2\/","title":{"rendered":"Tournage CNC"},"content":{"rendered":"<h2>D\u00e9tails du service de tournage CNC<\/h2>\n<div class=\"max-width-960 mx-auto fs-16\">\n<p>Communication approfondie des exigences et \u00e9valuation de la conception :<\/p>\n<p>Nos services de tournage CNC commencent par une communication individuelle afin de bien comprendre les besoins et les attentes de votre projet. Notre \u00e9quipe technique travaille en \u00e9troite collaboration avec vous, depuis l'\u00e9valuation des dessins CAO jusqu'\u00e0 la d\u00e9termination des solutions d'usinage, en veillant \u00e0 ce que chaque \u00e9tape soit transparente et conforme \u00e0 votre vision.<\/p>\n<p>Usinage pr\u00e9cis et contr\u00f4le strict de la qualit\u00e9 :<\/p>\n<p>Au cours de la phase d'usinage, nous utilisons des tours CNC de pointe et des programmes soigneusement \u00e9labor\u00e9s pour usiner vos pi\u00e8ces avec pr\u00e9cision. Nous mettons en \u0153uvre un processus rigoureux de contr\u00f4le de la qualit\u00e9 pour nous assurer que chaque d\u00e9tail r\u00e9pond aux normes les plus strictes. Nous partageons avec vous les progr\u00e8s et les r\u00e9sultats des inspections en temps r\u00e9el, ce qui vous permet de participer \u00e0 la supervision de la qualit\u00e9 tout au long du processus.<\/p>\n<p>Livraison flexible et soutien continu \u00e0 la client\u00e8le :<\/p>\n<p>Nous nous engageons \u00e0 prendre des dispositions flexibles en mati\u00e8re de livraison afin que vos pi\u00e8ces arrivent \u00e0 temps. Apr\u00e8s la livraison, nous assurons un service d'assistance \u00e0 la client\u00e8le permanent afin de r\u00e9pondre rapidement \u00e0 toutes les questions et \u00e0 tous les besoins que vous pourriez avoir au cours de l'utilisation. Nous consid\u00e9rons vos commentaires comme une ressource pr\u00e9cieuse pour l'am\u00e9lioration de nos services et l'approfondissement de nos relations de coop\u00e9ration.<\/p>\n<\/div>\n<div class=\"max-width-960 mx-auto fs-16\">\n<p>&nbsp;<\/p>\n<\/div>","protected":false},"excerpt":{"rendered":"<p>D\u00e9couvrez nos services de tournage CNC pour l'usinage de pr\u00e9cision rentable d'une vari\u00e9t\u00e9 de pi\u00e8ces axisym\u00e9triques, telles que les bo\u00eetiers de roulements, les manchons d'arbres, les composants de vannes et les engrenages. Nous vous garantissons un devis instantan\u00e9 dans les 24 heures.<\/p>\n<ul>\n<li>Diverses fraiseuses CNC<\/li>\n<li>Ing\u00e9nieurs qualifi\u00e9s et exp\u00e9riment\u00e9s<\/li>\n<li>Livraison rapide en 3 jours<\/li>\n<\/ul>\n<p><a href=\"https:\/\/captecprecision.com\/fr\/contact\/\">Obtenir une Queote<\/a><\/p>","protected":false},"featured_media":2363,"comment_status":"open","ping_status":"closed","template":"","meta":{"om_disable_all_campaigns":false,"_monsterinsights_skip_tracking":false,"_monsterinsights_sitenote_active":false,"_monsterinsights_sitenote_note":"","_monsterinsights_sitenote_category":0,"site-sidebar-layout":"default","site-content-layout":"","ast-site-content-layout":"default","site-content-style":"default","site-sidebar-style":"default","ast-global-header-display":"","ast-banner-title-visibility":"","ast-main-header-display":"","ast-hfb-above-header-display":"","ast-hfb-below-header-display":"","ast-hfb-mobile-header-display":"","site-post-title":"","ast-breadcrumbs-content":"","ast-featured-img":"","footer-sml-layout":"","theme-transparent-header-meta":"default","adv-header-id-meta":"","stick-header-meta":"","header-above-stick-meta":"","header-main-stick-meta":"","header-below-stick-meta":"","astra-migrate-meta-layouts":"set","ast-page-background-enabled":"default","ast-page-background-meta":{"desktop":{"background-color":"var(--ast-global-color-4)","background-image":"","background-repeat":"repeat","background-position":"center center","background-size":"auto","background-attachment":"scroll","background-type":"","background-media":"","overlay-type":"","overlay-color":"","overlay-opacity":"","overlay-gradient":""},"tablet":{"background-color":"","background-image":"","background-repeat":"repeat","background-position":"center center","background-size":"auto","background-attachment":"scroll","background-type":"","background-media":"","overlay-type":"","overlay-color":"","overlay-opacity":"","overlay-gradient":""},"mobile":{"background-color":"","background-image":"","background-repeat":"repeat","background-position":"center center","background-size":"auto","background-attachment":"scroll","background-type":"","background-media":"","overlay-type":"","overlay-color":"","overlay-opacity":"","overlay-gradient":""}},"ast-content-background-meta":{"desktop":{"background-color":"var(--ast-global-color-5)","background-image":"","background-repeat":"repeat","background-position":"center center","background-size":"auto","background-attachment":"scroll","background-type":"","background-media":"","overlay-type":"","overlay-color":"","overlay-opacity":"","overlay-gradient":""},"tablet":{"background-color":"var(--ast-global-color-5)","background-image":"","background-repeat":"repeat","background-position":"center center","background-size":"auto","background-attachment":"scroll","background-type":"","background-media":"","overlay-type":"","overlay-color":"","overlay-opacity":"","overlay-gradient":""},"mobile":{"background-color":"var(--ast-global-color-5)","background-image":"","background-repeat":"repeat","background-position":"center center","background-size":"auto","background-attachment":"scroll","background-type":"","background-media":"","overlay-type":"","overlay-color":"","overlay-opacity":"","overlay-gradient":""}}},"product_brand":[],"product_cat":[19,27],"product_tag":[],"class_list":{"0":"post-2129","1":"product","2":"type-product","3":"status-publish","4":"has-post-thumbnail","6":"product_cat-cnc-machining","7":"product_cat-cnc-turning","8":"desktop-align-left","9":"tablet-align-left","10":"mobile-align-left","12":"first","13":"instock","14":"shipping-taxable","15":"product-type-simple"},"aioseo_notices":[],"_links":{"self":[{"href":"https:\/\/captecprecision.com\/fr\/wp-json\/wp\/v2\/product\/2129","targetHints":{"allow":["GET"]}}],"collection":[{"href":"https:\/\/captecprecision.com\/fr\/wp-json\/wp\/v2\/product"}],"about":[{"href":"https:\/\/captecprecision.com\/fr\/wp-json\/wp\/v2\/types\/product"}],"replies":[{"embeddable":true,"href":"https:\/\/captecprecision.com\/fr\/wp-json\/wp\/v2\/comments?post=2129"}],"wp:featuredmedia":[{"embeddable":true,"href":"https:\/\/captecprecision.com\/fr\/wp-json\/wp\/v2\/media\/2363"}],"wp:attachment":[{"href":"https:\/\/captecprecision.com\/fr\/wp-json\/wp\/v2\/media?parent=2129"}],"wp:term":[{"taxonomy":"product_brand","embeddable":true,"href":"https:\/\/captecprecision.com\/fr\/wp-json\/wp\/v2\/product_brand?post=2129"},{"taxonomy":"product_cat","embeddable":true,"href":"https:\/\/captecprecision.com\/fr\/wp-json\/wp\/v2\/product_cat?post=2129"},{"taxonomy":"product_tag","embeddable":true,"href":"https:\/\/captecprecision.com\/fr\/wp-json\/wp\/v2\/product_tag?post=2129"}],"curies":[{"name":"wp","href":"https:\/\/api.w.org\/{rel}","templated":true}]}}