{"id":2143,"date":"2024-10-23T08:26:14","date_gmt":"2024-10-23T08:26:14","guid":{"rendered":"https:\/\/captecprecision.com\/?post_type=product&#038;p=2143"},"modified":"2024-10-23T08:27:05","modified_gmt":"2024-10-23T08:27:05","slug":"3d-resin-printing","status":"publish","type":"product","link":"https:\/\/captecprecision.com\/fr\/produits\/impression-3d-en-resine\/","title":{"rendered":"Impression 3D de r\u00e9sine"},"content":{"rendered":"<h2>D\u00e9tails du service d'impression 3D en r\u00e9sine<\/h2>\n<div class=\"max-width-960 mx-auto fs-16\">\n<p>Pr\u00e9sentation pr\u00e9cise des d\u00e9tails :<\/p>\n<p>Notre service d'impression 3D de r\u00e9sine s'attache \u00e0 capturer chaque d\u00e9tail de la conception en haute r\u00e9solution, garantissant ainsi des mod\u00e8les imprim\u00e9s d'une pr\u00e9cision et d'une clart\u00e9 irr\u00e9prochables.<\/p>\n<p>Large gamme d'applications :<\/p>\n<p>Qu'il s'agisse de la conception de prototypes, de la cr\u00e9ation artistique ou de la production de pi\u00e8ces complexes, notre technologie d'impression sur r\u00e9sine peut r\u00e9pondre \u00e0 une grande vari\u00e9t\u00e9 d'applications.<\/p>\n<p>It\u00e9ration et livraison rapides :<\/p>\n<p>Notre service permet une it\u00e9ration rapide de la conception, r\u00e9duisant le temps n\u00e9cessaire pour convertir les produits du concept \u00e0 la forme physique, assurant une livraison rapide et acc\u00e9l\u00e9rant le processus de d\u00e9veloppement de votre produit.<\/p>\n<div class=\"col-lg-6 mt-3 mt-40\">\n<div class=\"h-100 px-2\">\n<div class=\"row\">\n<div class=\"col-md-12\">\n<h2 class=\"\">Pourquoi choisir notre service d'impression 3D de r\u00e9sine<\/h2>\n<\/div>\n<\/div>\n<div class=\"row mt-3\">\n<div class=\"col-lg-6 mt-3 mt-40\">\n<div class=\"h-100 px-2\">\n<div class=\"wh-56\"><img decoding=\"async\" class=\"lazy w-100\" src=\"https:\/\/www.captec-machining.com\/uploads\/allimg\/20240710\/1-240G0112ULE.png\" alt=\" R\u00e9ponse rapide et livraison efficace\" \/><\/div>\n<h3 class=\"fs-20 fw-500 mt-4\">R\u00e9ponse rapide et livraison efficace<\/h3>\n<p class=\"mt-2 opacity-8\">Notre engagement en faveur d'une r\u00e9ponse rapide et d'une livraison efficace est la pierre angulaire de notre service. Gr\u00e2ce \u00e0 nos propres processus de fabrication contr\u00f4l\u00e9s, nous pouvons r\u00e9duire les d\u00e9lais de production afin de garantir que vos commandes soient ex\u00e9cut\u00e9es rapidement.<\/p>\n<\/div>\n<\/div>\n<div class=\"col-lg-6 mt-3 mt-40\">\n<div class=\"h-100 px-2\">\n<div class=\"wh-56\"><img decoding=\"async\" class=\"lazy w-100\" src=\"https:\/\/www.captec-machining.com\/uploads\/allimg\/20240710\/1-240G0112ULE.png\" alt=\" Des solutions compl\u00e8tes et personnalis\u00e9es \" \/><\/div>\n<h3 class=\"fs-20 fw-500 mt-4\">Des solutions compl\u00e8tes et personnalis\u00e9es<\/h3>\n<p class=\"mt-2 opacity-8\">Nous offrons une gamme compl\u00e8te de services personnalis\u00e9s, de la consultation en mati\u00e8re de conception \u00e0 la s\u00e9lection des mat\u00e9riaux. Notre \u00e9quipe de professionnels travaillera en \u00e9troite collaboration avec vous pour s'assurer que vos besoins personnalis\u00e9s sont parfaitement satisfaits.<\/p>\n<\/div>\n<\/div>\n<div class=\"col-lg-6 mt-3 mt-40\">\n<div class=\"h-100 px-2\">\n<div class=\"wh-56\"><img decoding=\"async\" class=\"lazy w-100\" src=\"https:\/\/www.captec-machining.com\/uploads\/allimg\/20240710\/1-240G0112ULE.png\" alt=\" Technologie de haute qualit\u00e9\" \/><\/div>\n<h3 class=\"fs-20 fw-500 mt-4\">Technologie de haute qualit\u00e9<\/h3>\n<p class=\"mt-2 opacity-8\">S'appuyant sur des \u00e9quipements CNC de pointe, nos services de fraisage CNC garantissent que chaque processus d'usinage r\u00e9pond \u00e0 des normes \u00e9lev\u00e9es de pr\u00e9cision et de qualit\u00e9, satisfaisant ainsi vos exigences rigoureuses en mati\u00e8re de finesse des produits.<\/p>\n<\/div>\n<\/div>\n<div class=\"col-lg-6 mt-3 mt-40\">\n<div class=\"h-100 px-2\">\n<div class=\"wh-56\"><img decoding=\"async\" class=\"lazy w-100\" src=\"https:\/\/www.captec-machining.com\/uploads\/allimg\/20240710\/1-240G0112ULE.png\" alt=\" Service professionnel personnalis\u00e9\" \/><\/div>\n<h3 class=\"fs-20 fw-500 mt-4\">Service professionnel personnalis\u00e9<\/h3>\n<p class=\"mt-2 opacity-8\">Chaque client peut b\u00e9n\u00e9ficier d'un service professionnel personnalis\u00e9, depuis le lancement du projet jusqu'au service apr\u00e8s-vente. Notre \u00e9quipe vous apportera un soutien continu afin de r\u00e9pondre rapidement \u00e0 vos besoins et \u00e0 vos demandes.<\/p>\n<\/div>\n<\/div>\n<\/div>\n<\/div>\n<\/div>\n<\/div>","protected":false},"excerpt":{"rendered":"<p>Les services d'impression 3D en r\u00e9sine offrent une solution compl\u00e8te pour le prototypage rapide, combinant une technologie innovante avec une s\u00e9lection flexible de mat\u00e9riaux pour r\u00e9pondre aux divers besoins des clients.<\/p>\n<ul>\n<li>Diversit\u00e9 des mat\u00e9riaux<\/li>\n<li>Applications \u00e9tendues<\/li>\n<li>Livraison rapide<\/li>\n<\/ul>\n<p><a href=\"https:\/\/captecprecision.com\/fr\/contact\/\">Obtenir un devis<\/a><\/p>","protected":false},"featured_media":1483,"comment_status":"open","ping_status":"closed","template":"","meta":{"om_disable_all_campaigns":false,"_monsterinsights_skip_tracking":false,"_monsterinsights_sitenote_active":false,"_monsterinsights_sitenote_note":"","_monsterinsights_sitenote_category":0,"site-sidebar-layout":"default","site-content-layout":"","ast-site-content-layout":"default","site-content-style":"default","site-sidebar-style":"default","ast-global-header-display":"","ast-banner-title-visibility":"","ast-main-header-display":"","ast-hfb-above-header-display":"","ast-hfb-below-header-display":"","ast-hfb-mobile-header-display":"","site-post-title":"","ast-breadcrumbs-content":"","ast-featured-img":"","footer-sml-layout":"","theme-transparent-header-meta":"default","adv-header-id-meta":"","stick-header-meta":"","header-above-stick-meta":"","header-main-stick-meta":"","header-below-stick-meta":"","astra-migrate-meta-layouts":"set","ast-page-background-enabled":"default","ast-page-background-meta":{"desktop":{"background-color":"var(--ast-global-color-4)","background-image":"","background-repeat":"repeat","background-position":"center center","background-size":"auto","background-attachment":"scroll","background-type":"","background-media":"","overlay-type":"","overlay-color":"","overlay-opacity":"","overlay-gradient":""},"tablet":{"background-color":"","background-image":"","background-repeat":"repeat","background-position":"center center","background-size":"auto","background-attachment":"scroll","background-type":"","background-media":"","overlay-type":"","overlay-color":"","overlay-opacity":"","overlay-gradient":""},"mobile":{"background-color":"","background-image":"","background-repeat":"repeat","background-position":"center center","background-size":"auto","background-attachment":"scroll","background-type":"","background-media":"","overlay-type":"","overlay-color":"","overlay-opacity":"","overlay-gradient":""}},"ast-content-background-meta":{"desktop":{"background-color":"var(--ast-global-color-5)","background-image":"","background-repeat":"repeat","background-position":"center center","background-size":"auto","background-attachment":"scroll","background-type":"","background-media":"","overlay-type":"","overlay-color":"","overlay-opacity":"","overlay-gradient":""},"tablet":{"background-color":"var(--ast-global-color-5)","background-image":"","background-repeat":"repeat","background-position":"center center","background-size":"auto","background-attachment":"scroll","background-type":"","background-media":"","overlay-type":"","overlay-color":"","overlay-opacity":"","overlay-gradient":""},"mobile":{"background-color":"var(--ast-global-color-5)","background-image":"","background-repeat":"repeat","background-position":"center center","background-size":"auto","background-attachment":"scroll","background-type":"","background-media":"","overlay-type":"","overlay-color":"","overlay-opacity":"","overlay-gradient":""}}},"product_brand":[],"product_cat":[20,36],"product_tag":[],"class_list":{"0":"post-2143","1":"product","2":"type-product","3":"status-publish","4":"has-post-thumbnail","6":"product_cat-3d-printing","7":"product_cat-3d-resin-printing","8":"desktop-align-left","9":"tablet-align-left","10":"mobile-align-left","12":"first","13":"instock","14":"shipping-taxable","15":"product-type-simple"},"aioseo_notices":[],"_links":{"self":[{"href":"https:\/\/captecprecision.com\/fr\/wp-json\/wp\/v2\/product\/2143","targetHints":{"allow":["GET"]}}],"collection":[{"href":"https:\/\/captecprecision.com\/fr\/wp-json\/wp\/v2\/product"}],"about":[{"href":"https:\/\/captecprecision.com\/fr\/wp-json\/wp\/v2\/types\/product"}],"replies":[{"embeddable":true,"href":"https:\/\/captecprecision.com\/fr\/wp-json\/wp\/v2\/comments?post=2143"}],"wp:featuredmedia":[{"embeddable":true,"href":"https:\/\/captecprecision.com\/fr\/wp-json\/wp\/v2\/media\/1483"}],"wp:attachment":[{"href":"https:\/\/captecprecision.com\/fr\/wp-json\/wp\/v2\/media?parent=2143"}],"wp:term":[{"taxonomy":"product_brand","embeddable":true,"href":"https:\/\/captecprecision.com\/fr\/wp-json\/wp\/v2\/product_brand?post=2143"},{"taxonomy":"product_cat","embeddable":true,"href":"https:\/\/captecprecision.com\/fr\/wp-json\/wp\/v2\/product_cat?post=2143"},{"taxonomy":"product_tag","embeddable":true,"href":"https:\/\/captecprecision.com\/fr\/wp-json\/wp\/v2\/product_tag?post=2143"}],"curies":[{"name":"wp","href":"https:\/\/api.w.org\/{rel}","templated":true}]}}