{"id":2144,"date":"2024-10-23T08:28:58","date_gmt":"2024-10-23T08:28:58","guid":{"rendered":"https:\/\/captecprecision.com\/?post_type=product&#038;p=2144"},"modified":"2024-10-23T08:28:58","modified_gmt":"2024-10-23T08:28:58","slug":"metal-3d-printing","status":"publish","type":"product","link":"https:\/\/captecprecision.com\/fr\/produits\/impression-3d-metal\/","title":{"rendered":"Impression 3D de m\u00e9taux"},"content":{"rendered":"<h2>D\u00e9tails du service d'impression 3D sur m\u00e9tal<\/h2>\n<div class=\"max-width-960 mx-auto fs-16\">\n<p>Technologie avanc\u00e9e d'impression sur m\u00e9tal :<\/p>\n<p>Captec utilise une technologie d'impression 3D m\u00e9tallique de pointe, offrant des capacit\u00e9s de fabrication robustes pour imprimer des structures complexes et des pi\u00e8ces m\u00e9talliques de haute performance, r\u00e9pondant aux exigences des applications industrielles haut de gamme.<\/p>\n<p>Des performances m\u00e9caniques exceptionnelles :<\/p>\n<p>Nos services d'impression sur m\u00e9tal garantissent que les pi\u00e8ces imprim\u00e9es poss\u00e8dent des performances m\u00e9caniques et une durabilit\u00e9 exceptionnelles, adapt\u00e9es aux domaines n\u00e9cessitant une grande solidit\u00e9 et une r\u00e9sistance aux temp\u00e9ratures \u00e9lev\u00e9es.<\/p>\n<p>Solutions personnalis\u00e9es :<\/p>\n<p>Nous fournissons des solutions d'impression sur m\u00e9tal personnalis\u00e9es, de la s\u00e9lection des mat\u00e9riaux \u00e0 l'optimisation des param\u00e8tres d'impression, afin de r\u00e9pondre aux besoins individuels des clients et aux exigences sp\u00e9cifiques des applications.<\/p>\n<\/div>","protected":false},"excerpt":{"rendered":"<p>Les services d'impression 3D sur m\u00e9tal, gr\u00e2ce \u00e0 leur technologie d'impression avanc\u00e9e et \u00e0 leurs excellentes propri\u00e9t\u00e9s m\u00e9caniques, fournissent un support de fabrication solide pour les applications industrielles haut de gamme.<\/p>\n<ul>\n<li>Leadership technologique<\/li>\n<li>Des performances sup\u00e9rieures<\/li>\n<li>Services personnalis\u00e9s<\/li>\n<\/ul>\n<p><a href=\"https:\/\/captecprecision.com\/fr\/contact\/\">Obtenir un devis<\/a><\/p>","protected":false},"featured_media":1975,"comment_status":"open","ping_status":"closed","template":"","meta":{"om_disable_all_campaigns":false,"_monsterinsights_skip_tracking":false,"_monsterinsights_sitenote_active":false,"_monsterinsights_sitenote_note":"","_monsterinsights_sitenote_category":0,"site-sidebar-layout":"default","site-content-layout":"","ast-site-content-layout":"default","site-content-style":"default","site-sidebar-style":"default","ast-global-header-display":"","ast-banner-title-visibility":"","ast-main-header-display":"","ast-hfb-above-header-display":"","ast-hfb-below-header-display":"","ast-hfb-mobile-header-display":"","site-post-title":"","ast-breadcrumbs-content":"","ast-featured-img":"","footer-sml-layout":"","theme-transparent-header-meta":"default","adv-header-id-meta":"","stick-header-meta":"","header-above-stick-meta":"","header-main-stick-meta":"","header-below-stick-meta":"","astra-migrate-meta-layouts":"set","ast-page-background-enabled":"default","ast-page-background-meta":{"desktop":{"background-color":"var(--ast-global-color-4)","background-image":"","background-repeat":"repeat","background-position":"center center","background-size":"auto","background-attachment":"scroll","background-type":"","background-media":"","overlay-type":"","overlay-color":"","overlay-opacity":"","overlay-gradient":""},"tablet":{"background-color":"","background-image":"","background-repeat":"repeat","background-position":"center center","background-size":"auto","background-attachment":"scroll","background-type":"","background-media":"","overlay-type":"","overlay-color":"","overlay-opacity":"","overlay-gradient":""},"mobile":{"background-color":"","background-image":"","background-repeat":"repeat","background-position":"center center","background-size":"auto","background-attachment":"scroll","background-type":"","background-media":"","overlay-type":"","overlay-color":"","overlay-opacity":"","overlay-gradient":""}},"ast-content-background-meta":{"desktop":{"background-color":"var(--ast-global-color-5)","background-image":"","background-repeat":"repeat","background-position":"center center","background-size":"auto","background-attachment":"scroll","background-type":"","background-media":"","overlay-type":"","overlay-color":"","overlay-opacity":"","overlay-gradient":""},"tablet":{"background-color":"var(--ast-global-color-5)","background-image":"","background-repeat":"repeat","background-position":"center center","background-size":"auto","background-attachment":"scroll","background-type":"","background-media":"","overlay-type":"","overlay-color":"","overlay-opacity":"","overlay-gradient":""},"mobile":{"background-color":"var(--ast-global-color-5)","background-image":"","background-repeat":"repeat","background-position":"center center","background-size":"auto","background-attachment":"scroll","background-type":"","background-media":"","overlay-type":"","overlay-color":"","overlay-opacity":"","overlay-gradient":""}}},"product_brand":[],"product_cat":[20,37],"product_tag":[],"class_list":{"0":"post-2144","1":"product","2":"type-product","3":"status-publish","4":"has-post-thumbnail","6":"product_cat-3d-printing","7":"product_cat-metal-3d-printing","8":"desktop-align-left","9":"tablet-align-left","10":"mobile-align-left","12":"first","13":"instock","14":"shipping-taxable","15":"product-type-simple"},"aioseo_notices":[],"_links":{"self":[{"href":"https:\/\/captecprecision.com\/fr\/wp-json\/wp\/v2\/product\/2144","targetHints":{"allow":["GET"]}}],"collection":[{"href":"https:\/\/captecprecision.com\/fr\/wp-json\/wp\/v2\/product"}],"about":[{"href":"https:\/\/captecprecision.com\/fr\/wp-json\/wp\/v2\/types\/product"}],"replies":[{"embeddable":true,"href":"https:\/\/captecprecision.com\/fr\/wp-json\/wp\/v2\/comments?post=2144"}],"wp:featuredmedia":[{"embeddable":true,"href":"https:\/\/captecprecision.com\/fr\/wp-json\/wp\/v2\/media\/1975"}],"wp:attachment":[{"href":"https:\/\/captecprecision.com\/fr\/wp-json\/wp\/v2\/media?parent=2144"}],"wp:term":[{"taxonomy":"product_brand","embeddable":true,"href":"https:\/\/captecprecision.com\/fr\/wp-json\/wp\/v2\/product_brand?post=2144"},{"taxonomy":"product_cat","embeddable":true,"href":"https:\/\/captecprecision.com\/fr\/wp-json\/wp\/v2\/product_cat?post=2144"},{"taxonomy":"product_tag","embeddable":true,"href":"https:\/\/captecprecision.com\/fr\/wp-json\/wp\/v2\/product_tag?post=2144"}],"curies":[{"name":"wp","href":"https:\/\/api.w.org\/{rel}","templated":true}]}}