{"id":2147,"date":"2024-10-23T08:37:26","date_gmt":"2024-10-23T08:37:26","guid":{"rendered":"https:\/\/captecprecision.com\/?post_type=product&#038;p=2147"},"modified":"2024-10-23T08:38:19","modified_gmt":"2024-10-23T08:38:19","slug":"sheet-metal-welding","status":"publish","type":"product","link":"https:\/\/captecprecision.com\/fr\/produits\/soudage-de-toles\/","title":{"rendered":"Soudage de t\u00f4les"},"content":{"rendered":"<h2>Soudage de t\u00f4les D\u00e9tails du service<\/h2>\n<div class=\"max-width-960 mx-auto fs-16\">\n<p>Techniques de soudage professionnel :<\/p>\n<p>Les services de soudage de t\u00f4les de Captec utilisent des techniques de soudage sp\u00e9cialis\u00e9es pour assurer des connexions robustes et sans soudure entre les t\u00f4les, r\u00e9pondant aux exigences de r\u00e9sistance structurelle et d'\u00e9tanch\u00e9it\u00e9 \u00e0 l'air.<\/p>\n<p>Diverses m\u00e9thodes de soudage :<\/p>\n<p>Nous proposons une gamme de m\u00e9thodes de soudage, y compris le soudage TIG, MIG et laser, en s\u00e9lectionnant le proc\u00e9d\u00e9 de soudage appropri\u00e9 en fonction des besoins sp\u00e9cifiques de nos clients et des caract\u00e9ristiques des t\u00f4les.<\/p>\n<p>Contr\u00f4le de la qualit\u00e9 et inspection :<\/p>\n<p>Apr\u00e8s chaque t\u00e2che de soudage, une inspection rigoureuse de la qualit\u00e9 est effectu\u00e9e, y compris un examen visuel de la soudure et des essais non destructifs, afin de s'assurer que la qualit\u00e9 du soudage r\u00e9pond aux normes de l'industrie.<\/p>\n<\/div>","protected":false},"excerpt":{"rendered":"<p>Les services de soudage de t\u00f4les se concentrent sur la fourniture de solutions d'assemblage de t\u00f4les de haute qualit\u00e9. Nous utilisons des techniques de soudage professionnelles, combin\u00e9es \u00e0 une vari\u00e9t\u00e9 de m\u00e9thodes de soudage, afin de garantir la solidit\u00e9 et l'esth\u00e9tique des joints soud\u00e9s.<\/p>\n<ul>\n<li>Techniques de soudage professionnel<\/li>\n<li>Diverses m\u00e9thodes de soudage<\/li>\n<li>Contr\u00f4le de la qualit\u00e9 et inspection<\/li>\n<\/ul>\n<p><a href=\"https:\/\/captecprecision.com\/fr\/contact\/\">Obtenir un devis<\/a><\/p>","protected":false},"featured_media":1479,"comment_status":"open","ping_status":"closed","template":"","meta":{"om_disable_all_campaigns":false,"_monsterinsights_skip_tracking":false,"_monsterinsights_sitenote_active":false,"_monsterinsights_sitenote_note":"","_monsterinsights_sitenote_category":0,"site-sidebar-layout":"default","site-content-layout":"","ast-site-content-layout":"default","site-content-style":"default","site-sidebar-style":"default","ast-global-header-display":"","ast-banner-title-visibility":"","ast-main-header-display":"","ast-hfb-above-header-display":"","ast-hfb-below-header-display":"","ast-hfb-mobile-header-display":"","site-post-title":"","ast-breadcrumbs-content":"","ast-featured-img":"","footer-sml-layout":"","theme-transparent-header-meta":"default","adv-header-id-meta":"","stick-header-meta":"","header-above-stick-meta":"","header-main-stick-meta":"","header-below-stick-meta":"","astra-migrate-meta-layouts":"set","ast-page-background-enabled":"default","ast-page-background-meta":{"desktop":{"background-color":"var(--ast-global-color-4)","background-image":"","background-repeat":"repeat","background-position":"center center","background-size":"auto","background-attachment":"scroll","background-type":"","background-media":"","overlay-type":"","overlay-color":"","overlay-opacity":"","overlay-gradient":""},"tablet":{"background-color":"","background-image":"","background-repeat":"repeat","background-position":"center center","background-size":"auto","background-attachment":"scroll","background-type":"","background-media":"","overlay-type":"","overlay-color":"","overlay-opacity":"","overlay-gradient":""},"mobile":{"background-color":"","background-image":"","background-repeat":"repeat","background-position":"center center","background-size":"auto","background-attachment":"scroll","background-type":"","background-media":"","overlay-type":"","overlay-color":"","overlay-opacity":"","overlay-gradient":""}},"ast-content-background-meta":{"desktop":{"background-color":"var(--ast-global-color-5)","background-image":"","background-repeat":"repeat","background-position":"center center","background-size":"auto","background-attachment":"scroll","background-type":"","background-media":"","overlay-type":"","overlay-color":"","overlay-opacity":"","overlay-gradient":""},"tablet":{"background-color":"var(--ast-global-color-5)","background-image":"","background-repeat":"repeat","background-position":"center center","background-size":"auto","background-attachment":"scroll","background-type":"","background-media":"","overlay-type":"","overlay-color":"","overlay-opacity":"","overlay-gradient":""},"mobile":{"background-color":"var(--ast-global-color-5)","background-image":"","background-repeat":"repeat","background-position":"center center","background-size":"auto","background-attachment":"scroll","background-type":"","background-media":"","overlay-type":"","overlay-color":"","overlay-opacity":"","overlay-gradient":""}}},"product_brand":[],"product_cat":[40,21],"product_tag":[],"class_list":{"0":"post-2147","1":"product","2":"type-product","3":"status-publish","4":"has-post-thumbnail","6":"product_cat-metal-welding","7":"product_cat-sheet-metal-fabrication","8":"desktop-align-left","9":"tablet-align-left","10":"mobile-align-left","12":"first","13":"instock","14":"shipping-taxable","15":"product-type-simple"},"aioseo_notices":[],"_links":{"self":[{"href":"https:\/\/captecprecision.com\/fr\/wp-json\/wp\/v2\/product\/2147","targetHints":{"allow":["GET"]}}],"collection":[{"href":"https:\/\/captecprecision.com\/fr\/wp-json\/wp\/v2\/product"}],"about":[{"href":"https:\/\/captecprecision.com\/fr\/wp-json\/wp\/v2\/types\/product"}],"replies":[{"embeddable":true,"href":"https:\/\/captecprecision.com\/fr\/wp-json\/wp\/v2\/comments?post=2147"}],"wp:featuredmedia":[{"embeddable":true,"href":"https:\/\/captecprecision.com\/fr\/wp-json\/wp\/v2\/media\/1479"}],"wp:attachment":[{"href":"https:\/\/captecprecision.com\/fr\/wp-json\/wp\/v2\/media?parent=2147"}],"wp:term":[{"taxonomy":"product_brand","embeddable":true,"href":"https:\/\/captecprecision.com\/fr\/wp-json\/wp\/v2\/product_brand?post=2147"},{"taxonomy":"product_cat","embeddable":true,"href":"https:\/\/captecprecision.com\/fr\/wp-json\/wp\/v2\/product_cat?post=2147"},{"taxonomy":"product_tag","embeddable":true,"href":"https:\/\/captecprecision.com\/fr\/wp-json\/wp\/v2\/product_tag?post=2147"}],"curies":[{"name":"wp","href":"https:\/\/api.w.org\/{rel}","templated":true}]}}