{"id":2158,"date":"2024-10-23T09:25:48","date_gmt":"2024-10-23T09:25:48","guid":{"rendered":"https:\/\/captecprecision.com\/?post_type=product&#038;p=2158"},"modified":"2024-10-23T09:25:48","modified_gmt":"2024-10-23T09:25:48","slug":"screen-printing","status":"publish","type":"product","link":"https:\/\/captecprecision.com\/fr\/produits\/serigraphie\/","title":{"rendered":"S\u00e9rigraphie"},"content":{"rendered":"<h2>D\u00e9tails du service de s\u00e9rigraphie<\/h2>\n<div class=\"max-width-960 mx-auto fs-16\">\n<p>Chez CAPtec, nous sommes sp\u00e9cialis\u00e9s dans la fourniture de services de s\u00e9rigraphie de haute qualit\u00e9 qui r\u00e9pondent aux divers besoins de nos clients. Notre approche est ax\u00e9e sur la pr\u00e9cision, la cr\u00e9ativit\u00e9 et la satisfaction du client. Voici ce qui distingue nos services :<\/p>\n<p>Impression de pr\u00e9cision : Notre \u00e9quipement de pointe et nos artisans qualifi\u00e9s garantissent que chaque impression est ex\u00e9cut\u00e9e avec la plus grande pr\u00e9cision, capturant les d\u00e9tails complexes de votre conception.<\/p>\n<p>Flexibilit\u00e9 cr\u00e9ative : Nous proposons un large \u00e9ventail de couleurs d'encre et de textures, ce qui vous permet de donner vie \u00e0 votre vision de multiples fa\u00e7ons.<\/p>\n<p>Une approche centr\u00e9e sur le client : Nous donnons la priorit\u00e9 \u00e0 vos besoins et travaillons en \u00e9troite collaboration avec vous pour comprendre et d\u00e9passer vos attentes, \u00e0 chaque \u00e9tape du processus.<\/p>\n<p>CAPtec s'engage \u00e0 fournir des services de s\u00e9rigraphie qui non seulement respectent, mais d\u00e9passent les normes de l'industrie, garantissant que vos produits se distinguent par leur impact visuel et leur qualit\u00e9.<\/p>\n<\/div>","protected":false},"excerpt":{"rendered":"<p>La s\u00e9rigraphie est une m\u00e9thode de reproduction graphique polyvalente et durable. Cette technique implique l'utilisation d'un treillis pour soutenir un pochoir d'encrage, qui est ensuite utilis\u00e9 pour appliquer de l'encre sur un substrat. Ce proc\u00e9d\u00e9 permet d'imprimer un large \u00e9ventail de couleurs et de motifs, ce qui en fait un choix id\u00e9al pour des applications allant du textile et de l'habillement \u00e0 la signalisation et \u00e0 l'emballage. Les principaux avantages de la s\u00e9rigraphie sont sa capacit\u00e9 \u00e0 produire des images audacieuses et \u00e9clatantes et son aptitude \u00e0 imprimer sur une grande vari\u00e9t\u00e9 de mat\u00e9riaux, notamment le papier, le plastique, le m\u00e9tal et le tissu. En outre, le processus est hautement reproductible, ce qui garantit l'uniformit\u00e9 des impressions multiples, ce qui est crucial pour l'image de marque et la production de masse.<\/p>\n<ul>\n<li>Impression de pr\u00e9cision<\/li>\n<li>Flexibilit\u00e9 cr\u00e9ative<\/li>\n<li>Approche centr\u00e9e sur le client<\/li>\n<\/ul>\n<p><a href=\"https:\/\/captecprecision.com\/fr\/contact\/\">Obtenir un devis<\/a><\/p>","protected":false},"featured_media":1469,"comment_status":"open","ping_status":"closed","template":"","meta":{"om_disable_all_campaigns":false,"_monsterinsights_skip_tracking":false,"_monsterinsights_sitenote_active":false,"_monsterinsights_sitenote_note":"","_monsterinsights_sitenote_category":0,"site-sidebar-layout":"default","site-content-layout":"","ast-site-content-layout":"default","site-content-style":"default","site-sidebar-style":"default","ast-global-header-display":"","ast-banner-title-visibility":"","ast-main-header-display":"","ast-hfb-above-header-display":"","ast-hfb-below-header-display":"","ast-hfb-mobile-header-display":"","site-post-title":"","ast-breadcrumbs-content":"","ast-featured-img":"","footer-sml-layout":"","theme-transparent-header-meta":"default","adv-header-id-meta":"","stick-header-meta":"","header-above-stick-meta":"","header-main-stick-meta":"","header-below-stick-meta":"","astra-migrate-meta-layouts":"set","ast-page-background-enabled":"default","ast-page-background-meta":{"desktop":{"background-color":"var(--ast-global-color-4)","background-image":"","background-repeat":"repeat","background-position":"center center","background-size":"auto","background-attachment":"scroll","background-type":"","background-media":"","overlay-type":"","overlay-color":"","overlay-opacity":"","overlay-gradient":""},"tablet":{"background-color":"","background-image":"","background-repeat":"repeat","background-position":"center center","background-size":"auto","background-attachment":"scroll","background-type":"","background-media":"","overlay-type":"","overlay-color":"","overlay-opacity":"","overlay-gradient":""},"mobile":{"background-color":"","background-image":"","background-repeat":"repeat","background-position":"center center","background-size":"auto","background-attachment":"scroll","background-type":"","background-media":"","overlay-type":"","overlay-color":"","overlay-opacity":"","overlay-gradient":""}},"ast-content-background-meta":{"desktop":{"background-color":"var(--ast-global-color-5)","background-image":"","background-repeat":"repeat","background-position":"center center","background-size":"auto","background-attachment":"scroll","background-type":"","background-media":"","overlay-type":"","overlay-color":"","overlay-opacity":"","overlay-gradient":""},"tablet":{"background-color":"var(--ast-global-color-5)","background-image":"","background-repeat":"repeat","background-position":"center center","background-size":"auto","background-attachment":"scroll","background-type":"","background-media":"","overlay-type":"","overlay-color":"","overlay-opacity":"","overlay-gradient":""},"mobile":{"background-color":"var(--ast-global-color-5)","background-image":"","background-repeat":"repeat","background-position":"center center","background-size":"auto","background-attachment":"scroll","background-type":"","background-media":"","overlay-type":"","overlay-color":"","overlay-opacity":"","overlay-gradient":""}}},"product_brand":[],"product_cat":[44,24],"product_tag":[],"class_list":{"0":"post-2158","1":"product","2":"type-product","3":"status-publish","4":"has-post-thumbnail","6":"product_cat-screen-printing","7":"product_cat-surface-finishing","8":"desktop-align-left","9":"tablet-align-left","10":"mobile-align-left","12":"first","13":"instock","14":"shipping-taxable","15":"product-type-simple"},"aioseo_notices":[],"_links":{"self":[{"href":"https:\/\/captecprecision.com\/fr\/wp-json\/wp\/v2\/product\/2158","targetHints":{"allow":["GET"]}}],"collection":[{"href":"https:\/\/captecprecision.com\/fr\/wp-json\/wp\/v2\/product"}],"about":[{"href":"https:\/\/captecprecision.com\/fr\/wp-json\/wp\/v2\/types\/product"}],"replies":[{"embeddable":true,"href":"https:\/\/captecprecision.com\/fr\/wp-json\/wp\/v2\/comments?post=2158"}],"wp:featuredmedia":[{"embeddable":true,"href":"https:\/\/captecprecision.com\/fr\/wp-json\/wp\/v2\/media\/1469"}],"wp:attachment":[{"href":"https:\/\/captecprecision.com\/fr\/wp-json\/wp\/v2\/media?parent=2158"}],"wp:term":[{"taxonomy":"product_brand","embeddable":true,"href":"https:\/\/captecprecision.com\/fr\/wp-json\/wp\/v2\/product_brand?post=2158"},{"taxonomy":"product_cat","embeddable":true,"href":"https:\/\/captecprecision.com\/fr\/wp-json\/wp\/v2\/product_cat?post=2158"},{"taxonomy":"product_tag","embeddable":true,"href":"https:\/\/captecprecision.com\/fr\/wp-json\/wp\/v2\/product_tag?post=2158"}],"curies":[{"name":"wp","href":"https:\/\/api.w.org\/{rel}","templated":true}]}}