{"id":2173,"date":"2024-10-24T02:57:27","date_gmt":"2024-10-24T02:57:27","guid":{"rendered":"https:\/\/captecprecision.com\/?post_type=product&#038;p=2173"},"modified":"2024-10-24T02:57:27","modified_gmt":"2024-10-24T02:57:27","slug":"design-solutions-introduction","status":"publish","type":"product","link":"https:\/\/captecprecision.com\/fr\/produits\/solutions-de-conception-introduction\/","title":{"rendered":"Design Solutions Introduction"},"content":{"rendered":"<h2>Design Solutions Introduction D\u00e9tails du service<\/h2>\n<div class=\"max-width-960 mx-auto fs-16\">\n<p>Notre philosophie en mati\u00e8re de conception<\/p>\n<p>L'innovation : Nous croyons qu'il faut repousser les limites de la conception traditionnelle pour cr\u00e9er des produits qui se d\u00e9marquent sur le march\u00e9.<\/p>\n<p>Fonctionnalit\u00e9 : Nos conceptions ne sont pas seulement esth\u00e9tiques, elles sont aussi pratiques et r\u00e9pondent aux exigences de l'utilisation finale.<\/p>\n<p>Durabilit\u00e9 : Nous int\u00e9grons des principes \u00e9cologiques dans nos conceptions afin de minimiser l'impact sur l'environnement et de promouvoir la durabilit\u00e9 \u00e0 long terme.<\/p>\n<p>D\u00e9tails du service :<\/p>\n<p>D\u00e9veloppement du concept : Nous travaillons en \u00e9troite collaboration avec vous pour comprendre vos besoins et les traduire en un concept viable qui constitue la base de la conception.<\/p>\n<p>Services de CAO\/FAO : En utilisant les derniers outils de conception et de fabrication assist\u00e9es par ordinateur, nous cr\u00e9ons des dessins d\u00e9taill\u00e9s et des prototypes pr\u00eats \u00e0 \u00eatre fabriqu\u00e9s.<\/p>\n<p>Processus de conception it\u00e9ratif : Notre processus de conception est flexible et it\u00e9ratif, ce qui nous permet de proc\u00e9der \u00e0 de nombreux ajustements jusqu'\u00e0 ce que le produit final r\u00e9ponde \u00e0 vos sp\u00e9cifications exactes.<\/p>\n<p>CAPtec s'engage \u00e0 fournir des solutions de conception qui ne sont pas seulement cr\u00e9atives et efficaces, mais qui sont \u00e9galement align\u00e9es sur vos objectifs commerciaux et vos capacit\u00e9s de production.<\/p>\n<\/div>","protected":false},"excerpt":{"rendered":"<p>Dans le domaine du d\u00e9veloppement de produits, la phase de conception est la pierre angulaire qui pr\u00e9pare le terrain pour tous les processus ult\u00e9rieurs. Chez CAPtec , nous comprenons l'importance de cr\u00e9er des conceptions innovantes et fonctionnelles qui r\u00e9pondent non seulement \u00e0 la vision du client, mais aussi aux exigences de la fabrication.<\/p>\n<ul>\n<li>Approche personnalis\u00e9e de la conception<\/li>\n<li>Utilisation d'outils de conception avanc\u00e9s<\/li>\n<li>Collaboration centr\u00e9e sur le client<\/li>\n<\/ul>\n<p><a href=\"https:\/\/captecprecision.com\/fr\/contact\/\">Obtenir un devis<\/a><\/p>","protected":false},"featured_media":2113,"comment_status":"open","ping_status":"closed","template":"","meta":{"om_disable_all_campaigns":false,"_monsterinsights_skip_tracking":false,"_monsterinsights_sitenote_active":false,"_monsterinsights_sitenote_note":"","_monsterinsights_sitenote_category":0,"site-sidebar-layout":"default","site-content-layout":"","ast-site-content-layout":"default","site-content-style":"default","site-sidebar-style":"default","ast-global-header-display":"","ast-banner-title-visibility":"","ast-main-header-display":"","ast-hfb-above-header-display":"","ast-hfb-below-header-display":"","ast-hfb-mobile-header-display":"","site-post-title":"","ast-breadcrumbs-content":"","ast-featured-img":"","footer-sml-layout":"","theme-transparent-header-meta":"default","adv-header-id-meta":"","stick-header-meta":"","header-above-stick-meta":"","header-main-stick-meta":"","header-below-stick-meta":"","astra-migrate-meta-layouts":"set","ast-page-background-enabled":"default","ast-page-background-meta":{"desktop":{"background-color":"var(--ast-global-color-4)","background-image":"","background-repeat":"repeat","background-position":"center center","background-size":"auto","background-attachment":"scroll","background-type":"","background-media":"","overlay-type":"","overlay-color":"","overlay-opacity":"","overlay-gradient":""},"tablet":{"background-color":"","background-image":"","background-repeat":"repeat","background-position":"center center","background-size":"auto","background-attachment":"scroll","background-type":"","background-media":"","overlay-type":"","overlay-color":"","overlay-opacity":"","overlay-gradient":""},"mobile":{"background-color":"","background-image":"","background-repeat":"repeat","background-position":"center center","background-size":"auto","background-attachment":"scroll","background-type":"","background-media":"","overlay-type":"","overlay-color":"","overlay-opacity":"","overlay-gradient":""}},"ast-content-background-meta":{"desktop":{"background-color":"var(--ast-global-color-5)","background-image":"","background-repeat":"repeat","background-position":"center center","background-size":"auto","background-attachment":"scroll","background-type":"","background-media":"","overlay-type":"","overlay-color":"","overlay-opacity":"","overlay-gradient":""},"tablet":{"background-color":"var(--ast-global-color-5)","background-image":"","background-repeat":"repeat","background-position":"center center","background-size":"auto","background-attachment":"scroll","background-type":"","background-media":"","overlay-type":"","overlay-color":"","overlay-opacity":"","overlay-gradient":""},"mobile":{"background-color":"var(--ast-global-color-5)","background-image":"","background-repeat":"repeat","background-position":"center center","background-size":"auto","background-attachment":"scroll","background-type":"","background-media":"","overlay-type":"","overlay-color":"","overlay-opacity":"","overlay-gradient":""}}},"product_brand":[],"product_cat":[19],"product_tag":[],"class_list":{"0":"post-2173","1":"product","2":"type-product","3":"status-publish","4":"has-post-thumbnail","6":"product_cat-cnc-machining","7":"desktop-align-left","8":"tablet-align-left","9":"mobile-align-left","11":"first","12":"instock","13":"shipping-taxable","14":"product-type-simple"},"aioseo_notices":[],"_links":{"self":[{"href":"https:\/\/captecprecision.com\/fr\/wp-json\/wp\/v2\/product\/2173","targetHints":{"allow":["GET"]}}],"collection":[{"href":"https:\/\/captecprecision.com\/fr\/wp-json\/wp\/v2\/product"}],"about":[{"href":"https:\/\/captecprecision.com\/fr\/wp-json\/wp\/v2\/types\/product"}],"replies":[{"embeddable":true,"href":"https:\/\/captecprecision.com\/fr\/wp-json\/wp\/v2\/comments?post=2173"}],"wp:featuredmedia":[{"embeddable":true,"href":"https:\/\/captecprecision.com\/fr\/wp-json\/wp\/v2\/media\/2113"}],"wp:attachment":[{"href":"https:\/\/captecprecision.com\/fr\/wp-json\/wp\/v2\/media?parent=2173"}],"wp:term":[{"taxonomy":"product_brand","embeddable":true,"href":"https:\/\/captecprecision.com\/fr\/wp-json\/wp\/v2\/product_brand?post=2173"},{"taxonomy":"product_cat","embeddable":true,"href":"https:\/\/captecprecision.com\/fr\/wp-json\/wp\/v2\/product_cat?post=2173"},{"taxonomy":"product_tag","embeddable":true,"href":"https:\/\/captecprecision.com\/fr\/wp-json\/wp\/v2\/product_tag?post=2173"}],"curies":[{"name":"wp","href":"https:\/\/api.w.org\/{rel}","templated":true}]}}