{"id":2174,"date":"2024-10-24T02:59:17","date_gmt":"2024-10-24T02:59:17","guid":{"rendered":"https:\/\/captecprecision.com\/?post_type=product&#038;p=2174"},"modified":"2024-10-24T02:59:17","modified_gmt":"2024-10-24T02:59:17","slug":"low-volume-manufacturing-introduction","status":"publish","type":"product","link":"https:\/\/captecprecision.com\/fr\/produits\/introduction-de-la-fabrication-en-petites-series\/","title":{"rendered":"Introduction \u00e0 la fabrication en petites s\u00e9ries"},"content":{"rendered":"<h2>Introduction \u00e0 la fabrication de faibles volumes D\u00e9tails du service<\/h2>\n<div class=\"max-width-960 mx-auto fs-16\">\n<p>Personnalisation : Nous proposons des solutions de fabrication sur mesure pour r\u00e9pondre aux exigences sp\u00e9cifiques de votre produit, en veillant \u00e0 ce que chaque unit\u00e9 soit produite selon les normes de qualit\u00e9 les plus \u00e9lev\u00e9es.<\/p>\n<p>D\u00e9lai d'ex\u00e9cution rapide : Nos processus de production agiles permettent la livraison rapide de petits lots, ce qui vous permet de r\u00e9pondre rapidement aux demandes du march\u00e9.<\/p>\n<p>Assurance de la qualit\u00e9 : Des mesures rigoureuses de contr\u00f4le de la qualit\u00e9 sont mises en place \u00e0 chaque \u00e9tape du processus de fabrication, ce qui garantit la constance et la fiabilit\u00e9 des produits.<\/p>\n<p>CAPtec s'engage \u00e0 fournir des services de fabrication \u00e0 faible volume qui allient flexibilit\u00e9, rapidit\u00e9 et qualit\u00e9, vous procurant ainsi l'avantage concurrentiel dont vous avez besoin sur le march\u00e9.<\/p>\n<\/div>","protected":false},"excerpt":{"rendered":"<p>La fabrication de faibles volumes est le processus de production d'un nombre limit\u00e9 d'unit\u00e9s, g\u00e9n\u00e9ralement utilis\u00e9 pour tester le march\u00e9, valider la conception des produits ou r\u00e9pondre aux commandes initiales des clients. Chez CAPtec, nous sommes sp\u00e9cialis\u00e9s dans la fourniture de solutions flexibles et efficaces pour la fabrication de faibles volumes, qui r\u00e9pondent aux besoins uniques des start-ups et des entreprises \u00e9tablies.<\/p>\n<ul>\n<li>Solutions personnalis\u00e9es<\/li>\n<li>Cycle de production rapide<\/li>\n<li>Un contr\u00f4le de qualit\u00e9 rigoureux<\/li>\n<\/ul>\n<p><a href=\"https:\/\/captecprecision.com\/fr\/contact\/\">Obtenir un devis<\/a><\/p>","protected":false},"featured_media":2108,"comment_status":"open","ping_status":"closed","template":"","meta":{"om_disable_all_campaigns":false,"_monsterinsights_skip_tracking":false,"_monsterinsights_sitenote_active":false,"_monsterinsights_sitenote_note":"","_monsterinsights_sitenote_category":0,"site-sidebar-layout":"default","site-content-layout":"","ast-site-content-layout":"default","site-content-style":"default","site-sidebar-style":"default","ast-global-header-display":"","ast-banner-title-visibility":"","ast-main-header-display":"","ast-hfb-above-header-display":"","ast-hfb-below-header-display":"","ast-hfb-mobile-header-display":"","site-post-title":"","ast-breadcrumbs-content":"","ast-featured-img":"","footer-sml-layout":"","theme-transparent-header-meta":"default","adv-header-id-meta":"","stick-header-meta":"","header-above-stick-meta":"","header-main-stick-meta":"","header-below-stick-meta":"","astra-migrate-meta-layouts":"set","ast-page-background-enabled":"default","ast-page-background-meta":{"desktop":{"background-color":"var(--ast-global-color-4)","background-image":"","background-repeat":"repeat","background-position":"center center","background-size":"auto","background-attachment":"scroll","background-type":"","background-media":"","overlay-type":"","overlay-color":"","overlay-opacity":"","overlay-gradient":""},"tablet":{"background-color":"","background-image":"","background-repeat":"repeat","background-position":"center center","background-size":"auto","background-attachment":"scroll","background-type":"","background-media":"","overlay-type":"","overlay-color":"","overlay-opacity":"","overlay-gradient":""},"mobile":{"background-color":"","background-image":"","background-repeat":"repeat","background-position":"center center","background-size":"auto","background-attachment":"scroll","background-type":"","background-media":"","overlay-type":"","overlay-color":"","overlay-opacity":"","overlay-gradient":""}},"ast-content-background-meta":{"desktop":{"background-color":"var(--ast-global-color-5)","background-image":"","background-repeat":"repeat","background-position":"center center","background-size":"auto","background-attachment":"scroll","background-type":"","background-media":"","overlay-type":"","overlay-color":"","overlay-opacity":"","overlay-gradient":""},"tablet":{"background-color":"var(--ast-global-color-5)","background-image":"","background-repeat":"repeat","background-position":"center center","background-size":"auto","background-attachment":"scroll","background-type":"","background-media":"","overlay-type":"","overlay-color":"","overlay-opacity":"","overlay-gradient":""},"mobile":{"background-color":"var(--ast-global-color-5)","background-image":"","background-repeat":"repeat","background-position":"center center","background-size":"auto","background-attachment":"scroll","background-type":"","background-media":"","overlay-type":"","overlay-color":"","overlay-opacity":"","overlay-gradient":""}}},"product_brand":[],"product_cat":[48,25],"product_tag":[],"class_list":{"0":"post-2174","1":"product","2":"type-product","3":"status-publish","4":"has-post-thumbnail","6":"product_cat-flexible-and-faster-low-volume-production","7":"product_cat-solutions-and-services","8":"desktop-align-left","9":"tablet-align-left","10":"mobile-align-left","12":"first","13":"instock","14":"shipping-taxable","15":"product-type-simple"},"aioseo_notices":[],"_links":{"self":[{"href":"https:\/\/captecprecision.com\/fr\/wp-json\/wp\/v2\/product\/2174","targetHints":{"allow":["GET"]}}],"collection":[{"href":"https:\/\/captecprecision.com\/fr\/wp-json\/wp\/v2\/product"}],"about":[{"href":"https:\/\/captecprecision.com\/fr\/wp-json\/wp\/v2\/types\/product"}],"replies":[{"embeddable":true,"href":"https:\/\/captecprecision.com\/fr\/wp-json\/wp\/v2\/comments?post=2174"}],"wp:featuredmedia":[{"embeddable":true,"href":"https:\/\/captecprecision.com\/fr\/wp-json\/wp\/v2\/media\/2108"}],"wp:attachment":[{"href":"https:\/\/captecprecision.com\/fr\/wp-json\/wp\/v2\/media?parent=2174"}],"wp:term":[{"taxonomy":"product_brand","embeddable":true,"href":"https:\/\/captecprecision.com\/fr\/wp-json\/wp\/v2\/product_brand?post=2174"},{"taxonomy":"product_cat","embeddable":true,"href":"https:\/\/captecprecision.com\/fr\/wp-json\/wp\/v2\/product_cat?post=2174"},{"taxonomy":"product_tag","embeddable":true,"href":"https:\/\/captecprecision.com\/fr\/wp-json\/wp\/v2\/product_tag?post=2174"}],"curies":[{"name":"wp","href":"https:\/\/api.w.org\/{rel}","templated":true}]}}