{"id":2175,"date":"2024-10-24T03:00:35","date_gmt":"2024-10-24T03:00:35","guid":{"rendered":"https:\/\/captecprecision.com\/?post_type=product&#038;p=2175"},"modified":"2024-10-24T03:00:35","modified_gmt":"2024-10-24T03:00:35","slug":"high-volume-manufacturing-introduction","status":"publish","type":"product","link":"https:\/\/captecprecision.com\/fr\/produits\/introduction-de-la-fabrication-en-grande-serie\/","title":{"rendered":"Introduction \u00e0 la fabrication en grande s\u00e9rie"},"content":{"rendered":"<h2>Introduction \u00e0 la fabrication en grande s\u00e9rie D\u00e9tails du service<\/h2>\n<div class=\"max-width-960 mx-auto fs-16\">\n<p>\u00c9volutivit\u00e9 : Nos capacit\u00e9s de fabrication sont con\u00e7ues pour augmenter ou diminuer en fonction de vos besoins de production, ce qui permet de g\u00e9rer avec souplesse les commandes importantes.<\/p>\n<p>Rentabilit\u00e9 : Nous optimisons les processus de production pour minimiser les co\u00fbts sans compromettre la qualit\u00e9, ce qui vous permet d'obtenir le meilleur rapport qualit\u00e9-prix pour votre investissement.<\/p>\n<p>Gestion de la cha\u00eene d'approvisionnement : Nous g\u00e9rons une cha\u00eene d'approvisionnement solide afin de garantir l'approvisionnement en temps voulu des mati\u00e8res premi\u00e8res et des composants, ce qui permet un flux de production continu.<\/p>\n<p>CAPtec s'engage \u00e0 fournir des services de fabrication en grande quantit\u00e9 qui sont non seulement \u00e9volutifs et rentables, mais qui respectent \u00e9galement les normes les plus strictes en mati\u00e8re de qualit\u00e9 et de fiabilit\u00e9.<\/p>\n<\/div>","protected":false},"excerpt":{"rendered":"<p>La fabrication en grande s\u00e9rie est le processus de production de grandes quantit\u00e9s de produits, g\u00e9n\u00e9ralement pour des produits \u00e9tablis sur le march\u00e9. Chez CAPtec, nous sommes sp\u00e9cialis\u00e9s dans la fourniture de solutions efficaces et rentables pour la fabrication en grandes quantit\u00e9s, qui garantissent une qualit\u00e9 constante et une livraison dans les d\u00e9lais.<\/p>\n<ul>\n<li>Production modulable<\/li>\n<li>Des solutions rentables<\/li>\n<li>Excellence de la cha\u00eene d'approvisionnement<\/li>\n<\/ul>\n<p><a href=\"https:\/\/captecprecision.com\/fr\/contact\/\">Obtenir un devis<\/a><\/p>","protected":false},"featured_media":2176,"comment_status":"open","ping_status":"closed","template":"","meta":{"om_disable_all_campaigns":false,"_monsterinsights_skip_tracking":false,"_monsterinsights_sitenote_active":false,"_monsterinsights_sitenote_note":"","_monsterinsights_sitenote_category":0,"site-sidebar-layout":"default","site-content-layout":"","ast-site-content-layout":"default","site-content-style":"default","site-sidebar-style":"default","ast-global-header-display":"","ast-banner-title-visibility":"","ast-main-header-display":"","ast-hfb-above-header-display":"","ast-hfb-below-header-display":"","ast-hfb-mobile-header-display":"","site-post-title":"","ast-breadcrumbs-content":"","ast-featured-img":"","footer-sml-layout":"","theme-transparent-header-meta":"default","adv-header-id-meta":"","stick-header-meta":"","header-above-stick-meta":"","header-main-stick-meta":"","header-below-stick-meta":"","astra-migrate-meta-layouts":"set","ast-page-background-enabled":"default","ast-page-background-meta":{"desktop":{"background-color":"var(--ast-global-color-4)","background-image":"","background-repeat":"repeat","background-position":"center center","background-size":"auto","background-attachment":"scroll","background-type":"","background-media":"","overlay-type":"","overlay-color":"","overlay-opacity":"","overlay-gradient":""},"tablet":{"background-color":"","background-image":"","background-repeat":"repeat","background-position":"center center","background-size":"auto","background-attachment":"scroll","background-type":"","background-media":"","overlay-type":"","overlay-color":"","overlay-opacity":"","overlay-gradient":""},"mobile":{"background-color":"","background-image":"","background-repeat":"repeat","background-position":"center center","background-size":"auto","background-attachment":"scroll","background-type":"","background-media":"","overlay-type":"","overlay-color":"","overlay-opacity":"","overlay-gradient":""}},"ast-content-background-meta":{"desktop":{"background-color":"var(--ast-global-color-5)","background-image":"","background-repeat":"repeat","background-position":"center center","background-size":"auto","background-attachment":"scroll","background-type":"","background-media":"","overlay-type":"","overlay-color":"","overlay-opacity":"","overlay-gradient":""},"tablet":{"background-color":"var(--ast-global-color-5)","background-image":"","background-repeat":"repeat","background-position":"center center","background-size":"auto","background-attachment":"scroll","background-type":"","background-media":"","overlay-type":"","overlay-color":"","overlay-opacity":"","overlay-gradient":""},"mobile":{"background-color":"var(--ast-global-color-5)","background-image":"","background-repeat":"repeat","background-position":"center center","background-size":"auto","background-attachment":"scroll","background-type":"","background-media":"","overlay-type":"","overlay-color":"","overlay-opacity":"","overlay-gradient":""}}},"product_brand":[],"product_cat":[51,25],"product_tag":[],"class_list":{"0":"post-2175","1":"product","2":"type-product","3":"status-publish","4":"has-post-thumbnail","6":"product_cat-high-volume-manufacturing-introduction","7":"product_cat-solutions-and-services","8":"desktop-align-left","9":"tablet-align-left","10":"mobile-align-left","12":"first","13":"instock","14":"shipping-taxable","15":"product-type-simple"},"aioseo_notices":[],"_links":{"self":[{"href":"https:\/\/captecprecision.com\/fr\/wp-json\/wp\/v2\/product\/2175","targetHints":{"allow":["GET"]}}],"collection":[{"href":"https:\/\/captecprecision.com\/fr\/wp-json\/wp\/v2\/product"}],"about":[{"href":"https:\/\/captecprecision.com\/fr\/wp-json\/wp\/v2\/types\/product"}],"replies":[{"embeddable":true,"href":"https:\/\/captecprecision.com\/fr\/wp-json\/wp\/v2\/comments?post=2175"}],"wp:featuredmedia":[{"embeddable":true,"href":"https:\/\/captecprecision.com\/fr\/wp-json\/wp\/v2\/media\/2176"}],"wp:attachment":[{"href":"https:\/\/captecprecision.com\/fr\/wp-json\/wp\/v2\/media?parent=2175"}],"wp:term":[{"taxonomy":"product_brand","embeddable":true,"href":"https:\/\/captecprecision.com\/fr\/wp-json\/wp\/v2\/product_brand?post=2175"},{"taxonomy":"product_cat","embeddable":true,"href":"https:\/\/captecprecision.com\/fr\/wp-json\/wp\/v2\/product_cat?post=2175"},{"taxonomy":"product_tag","embeddable":true,"href":"https:\/\/captecprecision.com\/fr\/wp-json\/wp\/v2\/product_tag?post=2175"}],"curies":[{"name":"wp","href":"https:\/\/api.w.org\/{rel}","templated":true}]}}