{"id":2458,"date":"2024-10-31T01:47:22","date_gmt":"2024-10-31T01:47:22","guid":{"rendered":"https:\/\/captecprecision.com\/?post_type=product&#038;p=2458"},"modified":"2025-11-27T07:57:41","modified_gmt":"2025-11-27T07:57:41","slug":"precision-resin","status":"publish","type":"product","link":"https:\/\/captecprecision.com\/fr\/produits\/resine-de-precision\/","title":{"rendered":"R\u00e9sine de pr\u00e9cision"},"content":{"rendered":"<p>Precision Resin Service details<br \/>\nTechnologie d'impression 3D de haute pr\u00e9cision :<\/p>\n<p>Nos services s'appuient sur les technologies d'impression 3D les plus avanc\u00e9es et se concentrent sur l'impression de r\u00e9sine de pr\u00e9cision, garantissant que les d\u00e9tails imprim\u00e9s et la pr\u00e9cision dimensionnelle r\u00e9pondent aux normes les plus strictes.<\/p>\n<p>Transition transparente de la conception \u00e0 l'entit\u00e9 physique :<\/p>\n<p>Nous offrons un service unique, de la consultation en mati\u00e8re de conception au produit imprim\u00e9 final, en aidant nos clients \u00e0 transformer de mani\u00e8re transparente des conceptions cr\u00e9atives en mod\u00e8les physiques, ce qui acc\u00e9l\u00e8re le processus de d\u00e9veloppement des produits.<\/p>\n<p>Personnalis\u00e9 Options de mat\u00e9riaux :<\/p>\n<p>En fonction des besoins sp\u00e9cifiques de nos clients, nous offrons une vari\u00e9t\u00e9 de choix de mat\u00e9riaux en r\u00e9sine, y compris diff\u00e9rents niveaux de duret\u00e9, de transparence et de caract\u00e9ristiques de performance, pour r\u00e9pondre \u00e0 divers sc\u00e9narios d'application.<\/p>","protected":false},"excerpt":{"rendered":"<p>Impression 3D avec Precision Resin Services propose des capacit\u00e9s d'impression de haute pr\u00e9cision, offrant aux clients une solution rapide pour transformer les concepts de conception en mod\u00e8les physiques.<\/p>\n<ul>\n<li>Pr\u00e9cision ultime<\/li>\n<li>Mise en \u0153uvre innovante<\/li>\n<li>Personnalisation des mat\u00e9riaux<\/li>\n<\/ul>\n<p><a href=\"https:\/\/captecprecision.com\/fr\/contact\/\">Obtenir un devis<\/a><\/p>","protected":false},"featured_media":2459,"comment_status":"open","ping_status":"closed","template":"","meta":{"om_disable_all_campaigns":false,"_monsterinsights_skip_tracking":false,"_monsterinsights_sitenote_active":false,"_monsterinsights_sitenote_note":"","_monsterinsights_sitenote_category":0,"site-sidebar-layout":"default","site-content-layout":"","ast-site-content-layout":"default","site-content-style":"default","site-sidebar-style":"default","ast-global-header-display":"","ast-banner-title-visibility":"","ast-main-header-display":"","ast-hfb-above-header-display":"","ast-hfb-below-header-display":"","ast-hfb-mobile-header-display":"","site-post-title":"","ast-breadcrumbs-content":"","ast-featured-img":"","footer-sml-layout":"","theme-transparent-header-meta":"default","adv-header-id-meta":"","stick-header-meta":"","header-above-stick-meta":"","header-main-stick-meta":"","header-below-stick-meta":"","astra-migrate-meta-layouts":"set","ast-page-background-enabled":"default","ast-page-background-meta":{"desktop":{"background-color":"var(--ast-global-color-4)","background-image":"","background-repeat":"repeat","background-position":"center center","background-size":"auto","background-attachment":"scroll","background-type":"","background-media":"","overlay-type":"","overlay-color":"","overlay-opacity":"","overlay-gradient":""},"tablet":{"background-color":"","background-image":"","background-repeat":"repeat","background-position":"center center","background-size":"auto","background-attachment":"scroll","background-type":"","background-media":"","overlay-type":"","overlay-color":"","overlay-opacity":"","overlay-gradient":""},"mobile":{"background-color":"","background-image":"","background-repeat":"repeat","background-position":"center center","background-size":"auto","background-attachment":"scroll","background-type":"","background-media":"","overlay-type":"","overlay-color":"","overlay-opacity":"","overlay-gradient":""}},"ast-content-background-meta":{"desktop":{"background-color":"var(--ast-global-color-5)","background-image":"","background-repeat":"repeat","background-position":"center center","background-size":"auto","background-attachment":"scroll","background-type":"","background-media":"","overlay-type":"","overlay-color":"","overlay-opacity":"","overlay-gradient":""},"tablet":{"background-color":"var(--ast-global-color-5)","background-image":"","background-repeat":"repeat","background-position":"center center","background-size":"auto","background-attachment":"scroll","background-type":"","background-media":"","overlay-type":"","overlay-color":"","overlay-opacity":"","overlay-gradient":""},"mobile":{"background-color":"var(--ast-global-color-5)","background-image":"","background-repeat":"repeat","background-position":"center center","background-size":"auto","background-attachment":"scroll","background-type":"","background-media":"","overlay-type":"","overlay-color":"","overlay-opacity":"","overlay-gradient":""}}},"product_brand":[],"product_cat":[20,35],"product_tag":[],"class_list":{"0":"post-2458","1":"product","2":"type-product","3":"status-publish","4":"has-post-thumbnail","6":"product_cat-3d-printing","7":"product_cat-precision-resin","8":"desktop-align-left","9":"tablet-align-left","10":"mobile-align-left","12":"first","13":"instock","14":"shipping-taxable","15":"product-type-simple"},"aioseo_notices":[],"_links":{"self":[{"href":"https:\/\/captecprecision.com\/fr\/wp-json\/wp\/v2\/product\/2458","targetHints":{"allow":["GET"]}}],"collection":[{"href":"https:\/\/captecprecision.com\/fr\/wp-json\/wp\/v2\/product"}],"about":[{"href":"https:\/\/captecprecision.com\/fr\/wp-json\/wp\/v2\/types\/product"}],"replies":[{"embeddable":true,"href":"https:\/\/captecprecision.com\/fr\/wp-json\/wp\/v2\/comments?post=2458"}],"wp:featuredmedia":[{"embeddable":true,"href":"https:\/\/captecprecision.com\/fr\/wp-json\/wp\/v2\/media\/2459"}],"wp:attachment":[{"href":"https:\/\/captecprecision.com\/fr\/wp-json\/wp\/v2\/media?parent=2458"}],"wp:term":[{"taxonomy":"product_brand","embeddable":true,"href":"https:\/\/captecprecision.com\/fr\/wp-json\/wp\/v2\/product_brand?post=2458"},{"taxonomy":"product_cat","embeddable":true,"href":"https:\/\/captecprecision.com\/fr\/wp-json\/wp\/v2\/product_cat?post=2458"},{"taxonomy":"product_tag","embeddable":true,"href":"https:\/\/captecprecision.com\/fr\/wp-json\/wp\/v2\/product_tag?post=2458"}],"curies":[{"name":"wp","href":"https:\/\/api.w.org\/{rel}","templated":true}]}}