{"id":2460,"date":"2024-10-31T01:59:01","date_gmt":"2024-10-31T01:59:01","guid":{"rendered":"https:\/\/captecprecision.com\/?post_type=product&#038;p=2460"},"modified":"2024-10-31T01:59:01","modified_gmt":"2024-10-31T01:59:01","slug":"cnc-machining","status":"publish","type":"product","link":"https:\/\/captecprecision.com\/fr\/produits\/usinage-cnc\/","title":{"rendered":"Usinage CNC"},"content":{"rendered":"<p>D\u00e9tails du service d'usinage CNC<br \/>\n- Technologie avanc\u00e9e d'usinage CNC :<\/p>\n<p>Captec utilise les derni\u00e8res technologies d'usinage CNC, associ\u00e9es \u00e0 des machines CNC pr\u00e9cises, pour r\u00e9aliser un traitement de haute pr\u00e9cision des mat\u00e9riaux m\u00e9talliques et non m\u00e9talliques, r\u00e9pondant ainsi aux besoins de fabrication de pi\u00e8ces complexes.<\/p>\n<p>- Des capacit\u00e9s d'usinage diversifi\u00e9es :<\/p>\n<p>Nos services d'usinage CNC couvrent tous les domaines, de la fabrication de prototypes \u00e0 la production de masse, et sont capables de traiter des pi\u00e8ces de formes et de tailles diverses, y compris, mais sans s'y limiter, le fraisage, le tournage, le per\u00e7age et le meulage.<\/p>\n<p>- Solutions personnalis\u00e9es :<\/p>\n<p>Captec propose des services d'usinage CNC personnalis\u00e9s, adapt\u00e9s aux dessins de conception et aux exigences sp\u00e9cifiques du client pour une programmation et un traitement personnalis\u00e9s, garantissant que les produits r\u00e9pondent aux besoins particuliers du client.<\/p>","protected":false},"excerpt":{"rendered":"<p>En tant que pierre angulaire de notre activit\u00e9, nous proposons un large \u00e9ventail de services d'usinage CNC adapt\u00e9s \u00e0 vos besoins. Que vous souhaitiez cr\u00e9er un prototype ou produire des pi\u00e8ces, nous sommes \u00e9quip\u00e9s pour traiter des g\u00e9om\u00e9tries complexes, des demandes de mat\u00e9riaux sp\u00e9cialis\u00e9s et des finitions de surface sp\u00e9cifiques avec pr\u00e9cision et expertise.<\/p>\n<p><a href=\"https:\/\/captecprecision.com\/fr\/contact\/\">Obtenir un devis<\/a><\/p>","protected":false},"featured_media":1459,"comment_status":"open","ping_status":"closed","template":"","meta":{"om_disable_all_campaigns":false,"_monsterinsights_skip_tracking":false,"_monsterinsights_sitenote_active":false,"_monsterinsights_sitenote_note":"","_monsterinsights_sitenote_category":0,"site-sidebar-layout":"default","site-content-layout":"","ast-site-content-layout":"default","site-content-style":"default","site-sidebar-style":"default","ast-global-header-display":"","ast-banner-title-visibility":"","ast-main-header-display":"","ast-hfb-above-header-display":"","ast-hfb-below-header-display":"","ast-hfb-mobile-header-display":"","site-post-title":"","ast-breadcrumbs-content":"","ast-featured-img":"","footer-sml-layout":"","theme-transparent-header-meta":"default","adv-header-id-meta":"","stick-header-meta":"","header-above-stick-meta":"","header-main-stick-meta":"","header-below-stick-meta":"","astra-migrate-meta-layouts":"set","ast-page-background-enabled":"default","ast-page-background-meta":{"desktop":{"background-color":"var(--ast-global-color-4)","background-image":"","background-repeat":"repeat","background-position":"center center","background-size":"auto","background-attachment":"scroll","background-type":"","background-media":"","overlay-type":"","overlay-color":"","overlay-opacity":"","overlay-gradient":""},"tablet":{"background-color":"","background-image":"","background-repeat":"repeat","background-position":"center center","background-size":"auto","background-attachment":"scroll","background-type":"","background-media":"","overlay-type":"","overlay-color":"","overlay-opacity":"","overlay-gradient":""},"mobile":{"background-color":"","background-image":"","background-repeat":"repeat","background-position":"center center","background-size":"auto","background-attachment":"scroll","background-type":"","background-media":"","overlay-type":"","overlay-color":"","overlay-opacity":"","overlay-gradient":""}},"ast-content-background-meta":{"desktop":{"background-color":"var(--ast-global-color-5)","background-image":"","background-repeat":"repeat","background-position":"center center","background-size":"auto","background-attachment":"scroll","background-type":"","background-media":"","overlay-type":"","overlay-color":"","overlay-opacity":"","overlay-gradient":""},"tablet":{"background-color":"var(--ast-global-color-5)","background-image":"","background-repeat":"repeat","background-position":"center center","background-size":"auto","background-attachment":"scroll","background-type":"","background-media":"","overlay-type":"","overlay-color":"","overlay-opacity":"","overlay-gradient":""},"mobile":{"background-color":"var(--ast-global-color-5)","background-image":"","background-repeat":"repeat","background-position":"center center","background-size":"auto","background-attachment":"scroll","background-type":"","background-media":"","overlay-type":"","overlay-color":"","overlay-opacity":"","overlay-gradient":""}}},"product_brand":[],"product_cat":[19],"product_tag":[],"class_list":{"0":"post-2460","1":"product","2":"type-product","3":"status-publish","4":"has-post-thumbnail","6":"product_cat-cnc-machining","7":"desktop-align-left","8":"tablet-align-left","9":"mobile-align-left","11":"first","12":"instock","13":"shipping-taxable","14":"product-type-simple"},"aioseo_notices":[],"_links":{"self":[{"href":"https:\/\/captecprecision.com\/fr\/wp-json\/wp\/v2\/product\/2460","targetHints":{"allow":["GET"]}}],"collection":[{"href":"https:\/\/captecprecision.com\/fr\/wp-json\/wp\/v2\/product"}],"about":[{"href":"https:\/\/captecprecision.com\/fr\/wp-json\/wp\/v2\/types\/product"}],"replies":[{"embeddable":true,"href":"https:\/\/captecprecision.com\/fr\/wp-json\/wp\/v2\/comments?post=2460"}],"wp:featuredmedia":[{"embeddable":true,"href":"https:\/\/captecprecision.com\/fr\/wp-json\/wp\/v2\/media\/1459"}],"wp:attachment":[{"href":"https:\/\/captecprecision.com\/fr\/wp-json\/wp\/v2\/media?parent=2460"}],"wp:term":[{"taxonomy":"product_brand","embeddable":true,"href":"https:\/\/captecprecision.com\/fr\/wp-json\/wp\/v2\/product_brand?post=2460"},{"taxonomy":"product_cat","embeddable":true,"href":"https:\/\/captecprecision.com\/fr\/wp-json\/wp\/v2\/product_cat?post=2460"},{"taxonomy":"product_tag","embeddable":true,"href":"https:\/\/captecprecision.com\/fr\/wp-json\/wp\/v2\/product_tag?post=2460"}],"curies":[{"name":"wp","href":"https:\/\/api.w.org\/{rel}","templated":true}]}}