{"id":1653,"date":"2024-10-07T17:41:26","date_gmt":"2024-10-07T17:41:26","guid":{"rendered":"https:\/\/captecprecision.com\/?page_id=1653"},"modified":"2024-10-07T17:42:56","modified_gmt":"2024-10-07T17:42:56","slug":"privacy-policy-2","status":"publish","type":"page","link":"https:\/\/captecprecision.com\/pt\/politica-de-privacidade-2\/","title":{"rendered":"Pol\u00edtica de privacidade"},"content":{"rendered":"<div data-elementor-type=\"wp-page\" data-elementor-id=\"1653\" class=\"elementor elementor-1653\" data-elementor-post-type=\"page\">\n\t\t\t\t<div class=\"elementor-element elementor-element-d65c45d e-flex e-con-boxed e-con e-parent\" data-id=\"d65c45d\" data-element_type=\"container\">\n\t\t\t\t\t<div class=\"e-con-inner\">\n\t\t\t\t<div class=\"elementor-element elementor-element-977f590 elementor-widget elementor-widget-heading\" data-id=\"977f590\" data-element_type=\"widget\" data-widget_type=\"heading.default\">\n\t\t\t\t<div class=\"elementor-widget-container\">\n\t\t\t\t\t<h2 class=\"elementor-heading-title elementor-size-default\">Pol\u00edtica de privacidade<\/h2>\t\t\t\t<\/div>\n\t\t\t\t<\/div>\n\t\t\t\t\t<\/div>\n\t\t\t\t<\/div>\n\t\t<div class=\"elementor-element elementor-element-e227e57 e-flex e-con-boxed e-con e-parent\" data-id=\"e227e57\" data-element_type=\"container\">\n\t\t\t\t\t<div class=\"e-con-inner\">\n\t\t\t\t<div class=\"elementor-element elementor-element-5ff957b elementor-widget elementor-widget-text-editor\" data-id=\"5ff957b\" data-element_type=\"widget\" data-widget_type=\"text-editor.default\">\n\t\t\t\t<div class=\"elementor-widget-container\">\n\t\t\t\t\t\t\t\t\t<p>A presente Pol\u00edtica de Privacidade foi concebida para explicar os princ\u00edpios e pr\u00e1ticas que seguimos no tratamento das suas informa\u00e7\u00f5es pessoais. Leia atentamente esta pol\u00edtica para compreender como recolhemos, utilizamos, armazenamos e protegemos as suas informa\u00e7\u00f5es pessoais.<\/p><p>1. Recolha de informa\u00e7\u00f5es<br \/>Podemos recolher as suas informa\u00e7\u00f5es pessoais quando utiliza o nosso s\u00edtio Web, comunica connosco ou participa nas nossas actividades comerciais, tais como o seu nome, dados de contacto, endere\u00e7o de correio eletr\u00f3nico, nome da empresa, etc. Al\u00e9m disso, podemos tamb\u00e9m recolher informa\u00e7\u00f5es relacionadas com as suas encomendas, transac\u00e7\u00f5es ou pedidos de servi\u00e7os.<\/p><p>2. Utiliza\u00e7\u00e3o da informa\u00e7\u00e3o<br \/>As informa\u00e7\u00f5es pessoais que recolhemos ser\u00e3o utilizadas para os seguintes fins:<br \/>- Para fornecer os produtos ou servi\u00e7os solicitados pelo utilizador;<br \/>- Para processar as suas encomendas e transac\u00e7\u00f5es;<br \/>- Para comunicar com o utilizador e responder \u00e0s suas quest\u00f5es e coment\u00e1rios;<br \/>- Para melhorar os nossos produtos e servi\u00e7os;<br \/>- Efetuar estudos e an\u00e1lises de mercado;<br \/>- Cumprir os requisitos das leis e regulamentos.<\/p><p>3. Partilha de informa\u00e7\u00f5es<br \/>N\u00e3o venderemos, alugaremos ou partilharemos as suas informa\u00e7\u00f5es pessoais com terceiros, exceto nas seguintes circunst\u00e2ncias<br \/>- Com o seu consentimento expl\u00edcito;<br \/>- Para cumprir as nossas obriga\u00e7\u00f5es contratuais para com o utilizador;<br \/>- Cumprir os requisitos das leis e regulamentos;<br \/>- Para cooperar com os nossos parceiros no sentido de fornecer melhores servi\u00e7os, mas garantiremos que esses parceiros cumprem as pol\u00edticas de privacidade relevantes.<\/p><p>4. Armazenamento de informa\u00e7\u00f5es<br \/>Tomaremos medidas de seguran\u00e7a razo\u00e1veis para proteger as suas informa\u00e7\u00f5es pessoais contra perda, utiliza\u00e7\u00e3o incorrecta, acesso n\u00e3o autorizado, divulga\u00e7\u00e3o ou altera\u00e7\u00e3o. Conservaremos as suas informa\u00e7\u00f5es pessoais apenas durante o tempo necess\u00e1rio, de acordo com os requisitos da legisla\u00e7\u00e3o e dos regulamentos.<\/p><p>5. Os seus direitos<br \/>O utilizador tem o direito de aceder, corrigir e apagar as suas informa\u00e7\u00f5es pessoais, bem como de limitar ou opor-se ao processamento das suas informa\u00e7\u00f5es pessoais. Tamb\u00e9m pode retirar o seu consentimento para a nossa utiliza\u00e7\u00e3o das suas informa\u00e7\u00f5es pessoais em qualquer altura. Se tiver quaisquer quest\u00f5es ou pedidos relativos \u00e0s suas informa\u00e7\u00f5es pessoais, contacte a nossa equipa de apoio ao cliente.<\/p><p>6. Liga\u00e7\u00f5es de terceiros<br \/>O nosso s\u00edtio Web pode conter liga\u00e7\u00f5es a s\u00edtios Web de terceiros que n\u00e3o est\u00e3o sob o nosso controlo. N\u00e3o somos respons\u00e1veis pelas pol\u00edticas ou pr\u00e1ticas de privacidade desses s\u00edtios Web de terceiros. Leia atentamente as pol\u00edticas de privacidade desses s\u00edtios Web de terceiros quando os visitar.<\/p><p>7. Actualiza\u00e7\u00f5es da pol\u00edtica de privacidade<br \/>Podemos atualizar esta Pol\u00edtica de Privacidade periodicamente para refletir altera\u00e7\u00f5es na nossa atividade ou os requisitos das leis e regulamentos. Publicaremos a Pol\u00edtica de Privacidade actualizada no nosso s\u00edtio Web e notific\u00e1-lo-emos, se necess\u00e1rio.<\/p><p>8. Contactar-nos<br \/>Se tiver quaisquer perguntas ou coment\u00e1rios sobre esta Pol\u00edtica de Privacidade, contacte-nos utilizando as seguintes informa\u00e7\u00f5es de contacto:<br \/>Correio eletr\u00f3nico: Pei@captec-machining.com<br \/>Telefone:+86 021-68916566<\/p><p>CAPtec Precision Modeling Shanghai Co., Ltd.<\/p>\t\t\t\t\t\t\t\t<\/div>\n\t\t\t\t<\/div>\n\t\t\t\t\t<\/div>\n\t\t\t\t<\/div>\n\t\t\t\t<\/div>","protected":false},"excerpt":{"rendered":"<p>Privacy Policy This Privacy Policy is designed to explain the principles and practices we follow when handling your personal information. Please read this policy carefully to understand how we collect, use, store, and protect your personal information. 1. Information CollectionWe may collect your personal information when you use our website, communicate with us, or participate [&hellip;]<\/p>","protected":false},"author":1,"featured_media":0,"parent":0,"menu_order":0,"comment_status":"closed","ping_status":"closed","template":"","meta":{"om_disable_all_campaigns":false,"_monsterinsights_skip_tracking":false,"_monsterinsights_sitenote_active":false,"_monsterinsights_sitenote_note":"","_monsterinsights_sitenote_category":0,"site-sidebar-layout":"no-sidebar","site-content-layout":"page-builder","ast-site-content-layout":"full-width-container","site-content-style":"default","site-sidebar-style":"default","ast-global-header-display":"","ast-banner-title-visibility":"","ast-main-header-display":"","ast-hfb-above-header-display":"","ast-hfb-below-header-display":"","ast-hfb-mobile-header-display":"","site-post-title":"disabled","ast-breadcrumbs-content":"","ast-featured-img":"disabled","footer-sml-layout":"","theme-transparent-header-meta":"","adv-header-id-meta":"","stick-header-meta":"","header-above-stick-meta":"","header-main-stick-meta":"","header-below-stick-meta":"","astra-migrate-meta-layouts":"set","ast-page-background-enabled":"default","ast-page-background-meta":{"desktop":{"background-color":"var(--ast-global-color-4)","background-image":"","background-repeat":"repeat","background-position":"center center","background-size":"auto","background-attachment":"scroll","background-type":"","background-media":"","overlay-type":"","overlay-color":"","overlay-opacity":"","overlay-gradient":""},"tablet":{"background-color":"","background-image":"","background-repeat":"repeat","background-position":"center center","background-size":"auto","background-attachment":"scroll","background-type":"","background-media":"","overlay-type":"","overlay-color":"","overlay-opacity":"","overlay-gradient":""},"mobile":{"background-color":"","background-image":"","background-repeat":"repeat","background-position":"center center","background-size":"auto","background-attachment":"scroll","background-type":"","background-media":"","overlay-type":"","overlay-color":"","overlay-opacity":"","overlay-gradient":""}},"ast-content-background-meta":{"desktop":{"background-color":"var(--ast-global-color-5)","background-image":"","background-repeat":"repeat","background-position":"center center","background-size":"auto","background-attachment":"scroll","background-type":"","background-media":"","overlay-type":"","overlay-color":"","overlay-opacity":"","overlay-gradient":""},"tablet":{"background-color":"var(--ast-global-color-5)","background-image":"","background-repeat":"repeat","background-position":"center center","background-size":"auto","background-attachment":"scroll","background-type":"","background-media":"","overlay-type":"","overlay-color":"","overlay-opacity":"","overlay-gradient":""},"mobile":{"background-color":"var(--ast-global-color-5)","background-image":"","background-repeat":"repeat","background-position":"center center","background-size":"auto","background-attachment":"scroll","background-type":"","background-media":"","overlay-type":"","overlay-color":"","overlay-opacity":"","overlay-gradient":""}},"footnotes":""},"class_list":["post-1653","page","type-page","status-publish","hentry"],"aioseo_notices":[],"_links":{"self":[{"href":"https:\/\/captecprecision.com\/pt\/wp-json\/wp\/v2\/pages\/1653","targetHints":{"allow":["GET"]}}],"collection":[{"href":"https:\/\/captecprecision.com\/pt\/wp-json\/wp\/v2\/pages"}],"about":[{"href":"https:\/\/captecprecision.com\/pt\/wp-json\/wp\/v2\/types\/page"}],"author":[{"embeddable":true,"href":"https:\/\/captecprecision.com\/pt\/wp-json\/wp\/v2\/users\/1"}],"replies":[{"embeddable":true,"href":"https:\/\/captecprecision.com\/pt\/wp-json\/wp\/v2\/comments?post=1653"}],"version-history":[{"count":10,"href":"https:\/\/captecprecision.com\/pt\/wp-json\/wp\/v2\/pages\/1653\/revisions"}],"predecessor-version":[{"id":1663,"href":"https:\/\/captecprecision.com\/pt\/wp-json\/wp\/v2\/pages\/1653\/revisions\/1663"}],"wp:attachment":[{"href":"https:\/\/captecprecision.com\/pt\/wp-json\/wp\/v2\/media?parent=1653"}],"curies":[{"name":"wp","href":"https:\/\/api.w.org\/{rel}","templated":true}]}}