{"id":1447,"date":"2024-09-24T00:36:05","date_gmt":"2024-09-24T00:36:05","guid":{"rendered":"https:\/\/captecprecision.com\/?post_type=product&#038;p=1447"},"modified":"2024-10-23T08:23:12","modified_gmt":"2024-10-23T08:23:12","slug":"5-axis-cnc-machining","status":"publish","type":"product","link":"https:\/\/captecprecision.com\/pt\/produtos\/maquinacao-cnc-de-5-eixos\/","title":{"rendered":"Maquina\u00e7\u00e3o de engrenagens"},"content":{"rendered":"<h2>Maquina\u00e7\u00e3o de engrenagens Detalhes do servi\u00e7o<\/h2>\n<div class=\"max-width-960 mx-auto fs-16\">\n<p>Conhecimentos t\u00e9cnicos especializados:<\/p>\n<p>Os nossos servi\u00e7os de maquina\u00e7\u00e3o de engrenagens baseiam-se numa tecnologia avan\u00e7ada e numa t\u00e9cnica artesanal requintada. Controlamos rigorosamente todos os processos de fabrico de engrenagens para garantir que cumprem os mais elevados padr\u00f5es de precis\u00e3o industrial.<\/p>\n<p>Solu\u00e7\u00f5es personalizadas:<\/p>\n<p>A nossa equipa de engenharia trabalha em estreita colabora\u00e7\u00e3o com os clientes desde a fase de conce\u00e7\u00e3o, oferecendo servi\u00e7os de consultoria personalizados para garantir que as solu\u00e7\u00f5es de maquina\u00e7\u00e3o de engrenagens satisfazem as necessidades espec\u00edficas de aplica\u00e7\u00e3o dos nossos clientes.<\/p>\n<p>Entrega r\u00e1pida:<\/p>\n<p>Compreendemos a import\u00e2ncia do tempo na produ\u00e7\u00e3o e estamos empenhados em otimizar o processo de produ\u00e7\u00e3o para conseguir uma entrega r\u00e1pida, apoiando os calend\u00e1rios dos projectos dos nossos clientes e a velocidade de resposta do mercado.<\/p>\n<h2 class=\"\">Porqu\u00ea escolher o nosso servi\u00e7o de maquina\u00e7\u00e3o de engrenagens<\/h2>\n<p>Resposta r\u00e1pida e entrega eficiente<br \/>\nO nosso compromisso de resposta r\u00e1pida e entrega eficiente \u00e9 uma pedra angular do nosso servi\u00e7o. Com os nossos pr\u00f3prios processos de fabrico controlados, podemos reduzir os tempos de produ\u00e7\u00e3o para garantir que as suas encomendas s\u00e3o conclu\u00eddas rapidamente.<\/p>\n<p>Solu\u00e7\u00f5es personalizadas abrangentes<br \/>\nOferecemos uma gama completa de servi\u00e7os personalizados, desde a consulta de design \u00e0 sele\u00e7\u00e3o de materiais. A nossa equipa de profissionais trabalhar\u00e1 em estreita colabora\u00e7\u00e3o consigo para garantir que as suas necessidades personalizadas s\u00e3o perfeitamente satisfeitas.<\/p>\n<p>Tecnologia de alta qualidade<br \/>\nAproveitando o equipamento CNC de ponta, os nossos servi\u00e7os de fresagem CNC garantem que todos os processos de maquinagem cumprem elevados padr\u00f5es de precis\u00e3o e qualidade, satisfazendo os seus requisitos rigorosos em termos de finura do produto.<\/p>\n<p>Servi\u00e7o profissional individual<br \/>\nCada cliente pode usufruir do nosso servi\u00e7o profissional individualizado, desde o in\u00edcio do projeto at\u00e9 ao servi\u00e7o p\u00f3s-venda. A nossa equipa prestar\u00e1 apoio cont\u00ednuo para garantir que as suas necessidades e quest\u00f5es s\u00e3o prontamente atendidas.<\/p>\n<h2 class=\"\"><\/h2>\n<\/div>","protected":false},"excerpt":{"rendered":"<p>Os servi\u00e7os de maquina\u00e7\u00e3o de engrenagens integram tr\u00eas pontos fortes: precis\u00e3o artesanal, servi\u00e7os personalizados e capacidades de produ\u00e7\u00e3o r\u00e1pida. Utilizamos equipamento de ponta e uma equipa profissional para garantir a precis\u00e3o perfeita de cada engrenagem, ao mesmo tempo que fornecemos solu\u00e7\u00f5es \u00e0 medida para satisfazer as necessidades personalizadas dos nossos clientes. A nossa capacidade de produ\u00e7\u00e3o r\u00e1pida garante que os projectos podem responder ao mercado em tempo \u00fatil, acelerando o desenvolvimento do neg\u00f3cio dos nossos clientes.<\/p>\n<ul>\n<li>Fabrico de alta precis\u00e3o<\/li>\n<li>Servi\u00e7os personalizados<\/li>\n<li>Produ\u00e7\u00e3o de resposta r\u00e1pida<\/li>\n<\/ul>\n<p><a href=\"https:\/\/captecprecision.com\/pt\/contacto\/\">Obter um or\u00e7amento<\/a><\/p>","protected":false},"featured_media":2142,"comment_status":"open","ping_status":"closed","template":"","meta":{"om_disable_all_campaigns":false,"_monsterinsights_skip_tracking":false,"_monsterinsights_sitenote_active":false,"_monsterinsights_sitenote_note":"","_monsterinsights_sitenote_category":0,"site-sidebar-layout":"default","site-content-layout":"","ast-site-content-layout":"default","site-content-style":"default","site-sidebar-style":"default","ast-global-header-display":"","ast-banner-title-visibility":"","ast-main-header-display":"","ast-hfb-above-header-display":"","ast-hfb-below-header-display":"","ast-hfb-mobile-header-display":"","site-post-title":"","ast-breadcrumbs-content":"","ast-featured-img":"","footer-sml-layout":"","theme-transparent-header-meta":"default","adv-header-id-meta":"","stick-header-meta":"","header-above-stick-meta":"","header-main-stick-meta":"","header-below-stick-meta":"","astra-migrate-meta-layouts":"set","ast-page-background-enabled":"default","ast-page-background-meta":{"desktop":{"background-color":"var(--ast-global-color-4)","background-image":"","background-repeat":"repeat","background-position":"center center","background-size":"auto","background-attachment":"scroll","background-type":"","background-media":"","overlay-type":"","overlay-color":"","overlay-opacity":"","overlay-gradient":""},"tablet":{"background-color":"","background-image":"","background-repeat":"repeat","background-position":"center center","background-size":"auto","background-attachment":"scroll","background-type":"","background-media":"","overlay-type":"","overlay-color":"","overlay-opacity":"","overlay-gradient":""},"mobile":{"background-color":"","background-image":"","background-repeat":"repeat","background-position":"center center","background-size":"auto","background-attachment":"scroll","background-type":"","background-media":"","overlay-type":"","overlay-color":"","overlay-opacity":"","overlay-gradient":""}},"ast-content-background-meta":{"desktop":{"background-color":"var(--ast-global-color-5)","background-image":"","background-repeat":"repeat","background-position":"center center","background-size":"auto","background-attachment":"scroll","background-type":"","background-media":"","overlay-type":"","overlay-color":"","overlay-opacity":"","overlay-gradient":""},"tablet":{"background-color":"var(--ast-global-color-5)","background-image":"","background-repeat":"repeat","background-position":"center center","background-size":"auto","background-attachment":"scroll","background-type":"","background-media":"","overlay-type":"","overlay-color":"","overlay-opacity":"","overlay-gradient":""},"mobile":{"background-color":"var(--ast-global-color-5)","background-image":"","background-repeat":"repeat","background-position":"center center","background-size":"auto","background-attachment":"scroll","background-type":"","background-media":"","overlay-type":"","overlay-color":"","overlay-opacity":"","overlay-gradient":""}}},"product_brand":[],"product_cat":[19,28],"product_tag":[],"class_list":{"0":"post-1447","1":"product","2":"type-product","3":"status-publish","4":"has-post-thumbnail","6":"product_cat-cnc-machining","7":"product_cat-gear-machining","8":"desktop-align-left","9":"tablet-align-left","10":"mobile-align-left","12":"first","13":"instock","14":"shipping-taxable","15":"product-type-simple"},"aioseo_notices":[],"_links":{"self":[{"href":"https:\/\/captecprecision.com\/pt\/wp-json\/wp\/v2\/product\/1447","targetHints":{"allow":["GET"]}}],"collection":[{"href":"https:\/\/captecprecision.com\/pt\/wp-json\/wp\/v2\/product"}],"about":[{"href":"https:\/\/captecprecision.com\/pt\/wp-json\/wp\/v2\/types\/product"}],"replies":[{"embeddable":true,"href":"https:\/\/captecprecision.com\/pt\/wp-json\/wp\/v2\/comments?post=1447"}],"wp:featuredmedia":[{"embeddable":true,"href":"https:\/\/captecprecision.com\/pt\/wp-json\/wp\/v2\/media\/2142"}],"wp:attachment":[{"href":"https:\/\/captecprecision.com\/pt\/wp-json\/wp\/v2\/media?parent=1447"}],"wp:term":[{"taxonomy":"product_brand","embeddable":true,"href":"https:\/\/captecprecision.com\/pt\/wp-json\/wp\/v2\/product_brand?post=1447"},{"taxonomy":"product_cat","embeddable":true,"href":"https:\/\/captecprecision.com\/pt\/wp-json\/wp\/v2\/product_cat?post=1447"},{"taxonomy":"product_tag","embeddable":true,"href":"https:\/\/captecprecision.com\/pt\/wp-json\/wp\/v2\/product_tag?post=1447"}],"curies":[{"name":"wp","href":"https:\/\/api.w.org\/{rel}","templated":true}]}}