{"id":2129,"date":"2024-10-23T07:27:17","date_gmt":"2024-10-23T07:27:17","guid":{"rendered":"https:\/\/captecprecision.com\/?post_type=product&#038;p=2129"},"modified":"2024-10-29T07:38:50","modified_gmt":"2024-10-29T07:38:50","slug":"cnc-turning-2","status":"publish","type":"product","link":"https:\/\/captecprecision.com\/pt\/produtos\/torneamento-cnc-2\/","title":{"rendered":"Torneamento CNC"},"content":{"rendered":"<h2>Detalhes do servi\u00e7o de torneamento CNC<\/h2>\n<div class=\"max-width-960 mx-auto fs-16\">\n<p>Comunica\u00e7\u00e3o aprofundada dos requisitos e avalia\u00e7\u00e3o da conce\u00e7\u00e3o:<\/p>\n<p>Os nossos servi\u00e7os de torneamento CNC come\u00e7am com uma comunica\u00e7\u00e3o individual para compreender profundamente as necessidades e expectativas do seu projeto. A nossa equipa t\u00e9cnica trabalha em estreita colabora\u00e7\u00e3o consigo, desde a avalia\u00e7\u00e3o dos desenhos CAD at\u00e9 \u00e0 determina\u00e7\u00e3o das solu\u00e7\u00f5es de maquina\u00e7\u00e3o, assegurando que cada passo \u00e9 transparente e est\u00e1 alinhado com a sua vis\u00e3o.<\/p>\n<p>Maquina\u00e7\u00e3o precisa e controlo de qualidade rigoroso:<\/p>\n<p>Durante a fase de maquina\u00e7\u00e3o, utilizamos tornos CNC avan\u00e7ados e programas cuidadosamente elaborados para maquinar com precis\u00e3o as suas pe\u00e7as. Implementamos um rigoroso processo de controlo de qualidade para garantir que todos os detalhes cumprem os mais elevados padr\u00f5es e partilhamos consigo o progresso e os resultados da inspe\u00e7\u00e3o em tempo real, permitindo-lhe estar envolvido na supervis\u00e3o da qualidade ao longo do processo.<\/p>\n<p>Entrega flex\u00edvel e apoio cont\u00ednuo ao cliente:<\/p>\n<p>Comprometemo-nos com acordos de entrega flex\u00edveis para garantir que as suas pe\u00e7as chegam a tempo. Ap\u00f3s a entrega, prestamos apoio cont\u00ednuo ao cliente para garantir que quaisquer quest\u00f5es ou necessidades que tenha durante a utiliza\u00e7\u00e3o s\u00e3o respondidas prontamente. Valorizamos o seu feedback como um recurso precioso para melhorar os nossos servi\u00e7os e aprofundar a nossa rela\u00e7\u00e3o de coopera\u00e7\u00e3o.<\/p>\n<\/div>\n<div class=\"max-width-960 mx-auto fs-16\">\n<p>&nbsp;<\/p>\n<\/div>","protected":false},"excerpt":{"rendered":"<p>Explore os nossos servi\u00e7os de torneamento CNC para uma maquina\u00e7\u00e3o de precis\u00e3o rent\u00e1vel de uma variedade de pe\u00e7as axissim\u00e9tricas, tais como caixas de rolamentos, mangas de eixo, componentes de v\u00e1lvulas e engrenagens. Garantimos a apresenta\u00e7\u00e3o de um or\u00e7amento imediato no prazo de 24 horas.<\/p>\n<ul>\n<li>Diversas fresadoras CNC<\/li>\n<li>Engenheiros qualificados e experientes<\/li>\n<li>Entrega r\u00e1pida em apenas 3 dias<\/li>\n<\/ul>\n<p><a href=\"https:\/\/captecprecision.com\/pt\/contacto\/\">Obter um Queote<\/a><\/p>","protected":false},"featured_media":2363,"comment_status":"open","ping_status":"closed","template":"","meta":{"om_disable_all_campaigns":false,"_monsterinsights_skip_tracking":false,"_monsterinsights_sitenote_active":false,"_monsterinsights_sitenote_note":"","_monsterinsights_sitenote_category":0,"site-sidebar-layout":"default","site-content-layout":"","ast-site-content-layout":"default","site-content-style":"default","site-sidebar-style":"default","ast-global-header-display":"","ast-banner-title-visibility":"","ast-main-header-display":"","ast-hfb-above-header-display":"","ast-hfb-below-header-display":"","ast-hfb-mobile-header-display":"","site-post-title":"","ast-breadcrumbs-content":"","ast-featured-img":"","footer-sml-layout":"","theme-transparent-header-meta":"default","adv-header-id-meta":"","stick-header-meta":"","header-above-stick-meta":"","header-main-stick-meta":"","header-below-stick-meta":"","astra-migrate-meta-layouts":"set","ast-page-background-enabled":"default","ast-page-background-meta":{"desktop":{"background-color":"var(--ast-global-color-4)","background-image":"","background-repeat":"repeat","background-position":"center center","background-size":"auto","background-attachment":"scroll","background-type":"","background-media":"","overlay-type":"","overlay-color":"","overlay-opacity":"","overlay-gradient":""},"tablet":{"background-color":"","background-image":"","background-repeat":"repeat","background-position":"center center","background-size":"auto","background-attachment":"scroll","background-type":"","background-media":"","overlay-type":"","overlay-color":"","overlay-opacity":"","overlay-gradient":""},"mobile":{"background-color":"","background-image":"","background-repeat":"repeat","background-position":"center center","background-size":"auto","background-attachment":"scroll","background-type":"","background-media":"","overlay-type":"","overlay-color":"","overlay-opacity":"","overlay-gradient":""}},"ast-content-background-meta":{"desktop":{"background-color":"var(--ast-global-color-5)","background-image":"","background-repeat":"repeat","background-position":"center center","background-size":"auto","background-attachment":"scroll","background-type":"","background-media":"","overlay-type":"","overlay-color":"","overlay-opacity":"","overlay-gradient":""},"tablet":{"background-color":"var(--ast-global-color-5)","background-image":"","background-repeat":"repeat","background-position":"center center","background-size":"auto","background-attachment":"scroll","background-type":"","background-media":"","overlay-type":"","overlay-color":"","overlay-opacity":"","overlay-gradient":""},"mobile":{"background-color":"var(--ast-global-color-5)","background-image":"","background-repeat":"repeat","background-position":"center center","background-size":"auto","background-attachment":"scroll","background-type":"","background-media":"","overlay-type":"","overlay-color":"","overlay-opacity":"","overlay-gradient":""}}},"product_brand":[],"product_cat":[19,27],"product_tag":[],"class_list":{"0":"post-2129","1":"product","2":"type-product","3":"status-publish","4":"has-post-thumbnail","6":"product_cat-cnc-machining","7":"product_cat-cnc-turning","8":"desktop-align-left","9":"tablet-align-left","10":"mobile-align-left","12":"first","13":"instock","14":"shipping-taxable","15":"product-type-simple"},"aioseo_notices":[],"_links":{"self":[{"href":"https:\/\/captecprecision.com\/pt\/wp-json\/wp\/v2\/product\/2129","targetHints":{"allow":["GET"]}}],"collection":[{"href":"https:\/\/captecprecision.com\/pt\/wp-json\/wp\/v2\/product"}],"about":[{"href":"https:\/\/captecprecision.com\/pt\/wp-json\/wp\/v2\/types\/product"}],"replies":[{"embeddable":true,"href":"https:\/\/captecprecision.com\/pt\/wp-json\/wp\/v2\/comments?post=2129"}],"wp:featuredmedia":[{"embeddable":true,"href":"https:\/\/captecprecision.com\/pt\/wp-json\/wp\/v2\/media\/2363"}],"wp:attachment":[{"href":"https:\/\/captecprecision.com\/pt\/wp-json\/wp\/v2\/media?parent=2129"}],"wp:term":[{"taxonomy":"product_brand","embeddable":true,"href":"https:\/\/captecprecision.com\/pt\/wp-json\/wp\/v2\/product_brand?post=2129"},{"taxonomy":"product_cat","embeddable":true,"href":"https:\/\/captecprecision.com\/pt\/wp-json\/wp\/v2\/product_cat?post=2129"},{"taxonomy":"product_tag","embeddable":true,"href":"https:\/\/captecprecision.com\/pt\/wp-json\/wp\/v2\/product_tag?post=2129"}],"curies":[{"name":"wp","href":"https:\/\/api.w.org\/{rel}","templated":true}]}}