{"id":2143,"date":"2024-10-23T08:26:14","date_gmt":"2024-10-23T08:26:14","guid":{"rendered":"https:\/\/captecprecision.com\/?post_type=product&#038;p=2143"},"modified":"2024-10-23T08:27:05","modified_gmt":"2024-10-23T08:27:05","slug":"3d-resin-printing","status":"publish","type":"product","link":"https:\/\/captecprecision.com\/pt\/produtos\/3d-resin-printing\/","title":{"rendered":"Impress\u00e3o em resina 3D"},"content":{"rendered":"<h2>3D Resin Printing Service details<\/h2>\n<div class=\"max-width-960 mx-auto fs-16\">\n<p>Precise Detail Presentation:<\/p>\n<p>Our resin 3D printing service focuses on capturing every detail of the design with high resolution, ensuring that the printed models are impeccable in precision and clarity.<\/p>\n<p>Extensive Application Range:<\/p>\n<p>Whether it&#8217;s prototype design, artistic creation, or the production of complex parts, our resin printing technology can meet a variety of application needs.<\/p>\n<p>Rapid Iteration and Delivery:<\/p>\n<p>Our service supports rapid design iteration, reducing the time it takes to convert products from concept to physical form, achieving fast delivery, and accelerating your product development process.<\/p>\n<div class=\"col-lg-6 mt-3 mt-40\">\n<div class=\"h-100 px-2\">\n<div class=\"row\">\n<div class=\"col-md-12\">\n<h2 class=\"\">Why choose our 3D Resin Printing Service<\/h2>\n<\/div>\n<\/div>\n<div class=\"row mt-3\">\n<div class=\"col-lg-6 mt-3 mt-40\">\n<div class=\"h-100 px-2\">\n<div class=\"wh-56\"><img decoding=\"async\" class=\"lazy w-100\" src=\"https:\/\/www.captec-machining.com\/uploads\/allimg\/20240710\/1-240G0112ULE.png\" alt=\" Resposta r\u00e1pida e entrega eficiente\" \/><\/div>\n<h3 class=\"fs-20 fw-500 mt-4\">Resposta r\u00e1pida e entrega eficiente<\/h3>\n<p class=\"mt-2 opacity-8\">O nosso compromisso de resposta r\u00e1pida e entrega eficiente \u00e9 uma pedra angular do nosso servi\u00e7o. Com os nossos pr\u00f3prios processos de fabrico controlados, podemos reduzir os tempos de produ\u00e7\u00e3o para garantir que as suas encomendas s\u00e3o conclu\u00eddas rapidamente.<\/p>\n<\/div>\n<\/div>\n<div class=\"col-lg-6 mt-3 mt-40\">\n<div class=\"h-100 px-2\">\n<div class=\"wh-56\"><img decoding=\"async\" class=\"lazy w-100\" src=\"https:\/\/www.captec-machining.com\/uploads\/allimg\/20240710\/1-240G0112ULE.png\" alt=\" Solu\u00e7\u00f5es personalizadas abrangentes \" \/><\/div>\n<h3 class=\"fs-20 fw-500 mt-4\">Solu\u00e7\u00f5es personalizadas abrangentes<\/h3>\n<p class=\"mt-2 opacity-8\">Oferecemos uma gama completa de servi\u00e7os personalizados, desde a consulta de design \u00e0 sele\u00e7\u00e3o de materiais. A nossa equipa de profissionais trabalhar\u00e1 em estreita colabora\u00e7\u00e3o consigo para garantir que as suas necessidades personalizadas s\u00e3o perfeitamente satisfeitas.<\/p>\n<\/div>\n<\/div>\n<div class=\"col-lg-6 mt-3 mt-40\">\n<div class=\"h-100 px-2\">\n<div class=\"wh-56\"><img decoding=\"async\" class=\"lazy w-100\" src=\"https:\/\/www.captec-machining.com\/uploads\/allimg\/20240710\/1-240G0112ULE.png\" alt=\" Tecnologia de alta qualidade\" \/><\/div>\n<h3 class=\"fs-20 fw-500 mt-4\">Tecnologia de alta qualidade<\/h3>\n<p class=\"mt-2 opacity-8\">Aproveitando o equipamento CNC de ponta, os nossos servi\u00e7os de fresagem CNC garantem que todos os processos de maquinagem cumprem elevados padr\u00f5es de precis\u00e3o e qualidade, satisfazendo os seus requisitos rigorosos em termos de finura do produto.<\/p>\n<\/div>\n<\/div>\n<div class=\"col-lg-6 mt-3 mt-40\">\n<div class=\"h-100 px-2\">\n<div class=\"wh-56\"><img decoding=\"async\" class=\"lazy w-100\" src=\"https:\/\/www.captec-machining.com\/uploads\/allimg\/20240710\/1-240G0112ULE.png\" alt=\" Servi\u00e7o profissional individual\" \/><\/div>\n<h3 class=\"fs-20 fw-500 mt-4\">Servi\u00e7o profissional individual<\/h3>\n<p class=\"mt-2 opacity-8\">Cada cliente pode usufruir do nosso servi\u00e7o profissional individualizado, desde o in\u00edcio do projeto at\u00e9 ao servi\u00e7o p\u00f3s-venda. A nossa equipa prestar\u00e1 apoio cont\u00ednuo para garantir que as suas necessidades e quest\u00f5es s\u00e3o prontamente atendidas.<\/p>\n<\/div>\n<\/div>\n<\/div>\n<\/div>\n<\/div>\n<\/div>","protected":false},"excerpt":{"rendered":"<p>3D Resin Printing Services offer a comprehensive solution for rapid prototyping, combining innovative technology with a flexible selection of materials to meet diverse client needs.<\/p>\n<ul>\n<li>Diverse Materials<\/li>\n<li>Wide Applications<\/li>\n<li>Rapid Delivery<\/li>\n<\/ul>\n<p><a href=\"https:\/\/captecprecision.com\/pt\/contacto\/\">Obter um or\u00e7amento<\/a><\/p>","protected":false},"featured_media":1483,"comment_status":"open","ping_status":"closed","template":"","meta":{"om_disable_all_campaigns":false,"_monsterinsights_skip_tracking":false,"_monsterinsights_sitenote_active":false,"_monsterinsights_sitenote_note":"","_monsterinsights_sitenote_category":0,"site-sidebar-layout":"default","site-content-layout":"","ast-site-content-layout":"default","site-content-style":"default","site-sidebar-style":"default","ast-global-header-display":"","ast-banner-title-visibility":"","ast-main-header-display":"","ast-hfb-above-header-display":"","ast-hfb-below-header-display":"","ast-hfb-mobile-header-display":"","site-post-title":"","ast-breadcrumbs-content":"","ast-featured-img":"","footer-sml-layout":"","theme-transparent-header-meta":"default","adv-header-id-meta":"","stick-header-meta":"","header-above-stick-meta":"","header-main-stick-meta":"","header-below-stick-meta":"","astra-migrate-meta-layouts":"set","ast-page-background-enabled":"default","ast-page-background-meta":{"desktop":{"background-color":"var(--ast-global-color-4)","background-image":"","background-repeat":"repeat","background-position":"center center","background-size":"auto","background-attachment":"scroll","background-type":"","background-media":"","overlay-type":"","overlay-color":"","overlay-opacity":"","overlay-gradient":""},"tablet":{"background-color":"","background-image":"","background-repeat":"repeat","background-position":"center center","background-size":"auto","background-attachment":"scroll","background-type":"","background-media":"","overlay-type":"","overlay-color":"","overlay-opacity":"","overlay-gradient":""},"mobile":{"background-color":"","background-image":"","background-repeat":"repeat","background-position":"center center","background-size":"auto","background-attachment":"scroll","background-type":"","background-media":"","overlay-type":"","overlay-color":"","overlay-opacity":"","overlay-gradient":""}},"ast-content-background-meta":{"desktop":{"background-color":"var(--ast-global-color-5)","background-image":"","background-repeat":"repeat","background-position":"center center","background-size":"auto","background-attachment":"scroll","background-type":"","background-media":"","overlay-type":"","overlay-color":"","overlay-opacity":"","overlay-gradient":""},"tablet":{"background-color":"var(--ast-global-color-5)","background-image":"","background-repeat":"repeat","background-position":"center center","background-size":"auto","background-attachment":"scroll","background-type":"","background-media":"","overlay-type":"","overlay-color":"","overlay-opacity":"","overlay-gradient":""},"mobile":{"background-color":"var(--ast-global-color-5)","background-image":"","background-repeat":"repeat","background-position":"center center","background-size":"auto","background-attachment":"scroll","background-type":"","background-media":"","overlay-type":"","overlay-color":"","overlay-opacity":"","overlay-gradient":""}}},"product_brand":[],"product_cat":[20,36],"product_tag":[],"class_list":{"0":"post-2143","1":"product","2":"type-product","3":"status-publish","4":"has-post-thumbnail","6":"product_cat-3d-printing","7":"product_cat-3d-resin-printing","8":"desktop-align-left","9":"tablet-align-left","10":"mobile-align-left","12":"first","13":"instock","14":"shipping-taxable","15":"product-type-simple"},"aioseo_notices":[],"_links":{"self":[{"href":"https:\/\/captecprecision.com\/pt\/wp-json\/wp\/v2\/product\/2143","targetHints":{"allow":["GET"]}}],"collection":[{"href":"https:\/\/captecprecision.com\/pt\/wp-json\/wp\/v2\/product"}],"about":[{"href":"https:\/\/captecprecision.com\/pt\/wp-json\/wp\/v2\/types\/product"}],"replies":[{"embeddable":true,"href":"https:\/\/captecprecision.com\/pt\/wp-json\/wp\/v2\/comments?post=2143"}],"wp:featuredmedia":[{"embeddable":true,"href":"https:\/\/captecprecision.com\/pt\/wp-json\/wp\/v2\/media\/1483"}],"wp:attachment":[{"href":"https:\/\/captecprecision.com\/pt\/wp-json\/wp\/v2\/media?parent=2143"}],"wp:term":[{"taxonomy":"product_brand","embeddable":true,"href":"https:\/\/captecprecision.com\/pt\/wp-json\/wp\/v2\/product_brand?post=2143"},{"taxonomy":"product_cat","embeddable":true,"href":"https:\/\/captecprecision.com\/pt\/wp-json\/wp\/v2\/product_cat?post=2143"},{"taxonomy":"product_tag","embeddable":true,"href":"https:\/\/captecprecision.com\/pt\/wp-json\/wp\/v2\/product_tag?post=2143"}],"curies":[{"name":"wp","href":"https:\/\/api.w.org\/{rel}","templated":true}]}}