{"id":2147,"date":"2024-10-23T08:37:26","date_gmt":"2024-10-23T08:37:26","guid":{"rendered":"https:\/\/captecprecision.com\/?post_type=product&#038;p=2147"},"modified":"2024-10-23T08:38:19","modified_gmt":"2024-10-23T08:38:19","slug":"sheet-metal-welding","status":"publish","type":"product","link":"https:\/\/captecprecision.com\/pt\/produtos\/soldadura-de-chapas-metalicas\/","title":{"rendered":"Soldadura de chapas met\u00e1licas"},"content":{"rendered":"<h2>Soldadura de chapa Detalhes do servi\u00e7o<\/h2>\n<div class=\"max-width-960 mx-auto fs-16\">\n<p>T\u00e9cnicas profissionais de soldadura:<\/p>\n<p>Os servi\u00e7os de soldadura de chapas met\u00e1licas da Captec empregam t\u00e9cnicas de soldadura especializadas para garantir liga\u00e7\u00f5es robustas e sem costuras entre chapas met\u00e1licas, cumprindo os requisitos de resist\u00eancia estrutural e estanquidade ao ar.<\/p>\n<p>Diversos m\u00e9todos de soldadura:<\/p>\n<p>Oferecemos uma gama de m\u00e9todos de soldadura, incluindo a soldadura TIG, MIG e laser, selecionando o processo de soldadura adequado com base nas necessidades espec\u00edficas dos nossos clientes e nas carater\u00edsticas das chapas met\u00e1licas.<\/p>\n<p>Controlo de qualidade e inspe\u00e7\u00e3o:<\/p>\n<p>Ap\u00f3s a conclus\u00e3o de cada tarefa de soldadura, \u00e9 realizada uma rigorosa inspe\u00e7\u00e3o de qualidade, incluindo um exame visual da soldadura e ensaios n\u00e3o destrutivos, para garantir que a qualidade da soldadura cumpre as normas da ind\u00fastria.<\/p>\n<\/div>","protected":false},"excerpt":{"rendered":"<p>Os servi\u00e7os de soldadura de chapa met\u00e1lica centram-se no fornecimento de solu\u00e7\u00f5es de liga\u00e7\u00e3o de chapa met\u00e1lica de alta qualidade. Utilizamos t\u00e9cnicas de soldadura profissionais, combinadas com uma variedade de m\u00e9todos de soldadura, para garantir a resist\u00eancia e a est\u00e9tica das juntas soldadas.<\/p>\n<ul>\n<li>T\u00e9cnicas profissionais de soldadura<\/li>\n<li>Diversos m\u00e9todos de soldadura<\/li>\n<li>Controlo de qualidade e inspe\u00e7\u00e3o<\/li>\n<\/ul>\n<p><a href=\"https:\/\/captecprecision.com\/pt\/contacto\/\">Obter um or\u00e7amento<\/a><\/p>","protected":false},"featured_media":1479,"comment_status":"open","ping_status":"closed","template":"","meta":{"om_disable_all_campaigns":false,"_monsterinsights_skip_tracking":false,"_monsterinsights_sitenote_active":false,"_monsterinsights_sitenote_note":"","_monsterinsights_sitenote_category":0,"site-sidebar-layout":"default","site-content-layout":"","ast-site-content-layout":"default","site-content-style":"default","site-sidebar-style":"default","ast-global-header-display":"","ast-banner-title-visibility":"","ast-main-header-display":"","ast-hfb-above-header-display":"","ast-hfb-below-header-display":"","ast-hfb-mobile-header-display":"","site-post-title":"","ast-breadcrumbs-content":"","ast-featured-img":"","footer-sml-layout":"","theme-transparent-header-meta":"default","adv-header-id-meta":"","stick-header-meta":"","header-above-stick-meta":"","header-main-stick-meta":"","header-below-stick-meta":"","astra-migrate-meta-layouts":"set","ast-page-background-enabled":"default","ast-page-background-meta":{"desktop":{"background-color":"var(--ast-global-color-4)","background-image":"","background-repeat":"repeat","background-position":"center center","background-size":"auto","background-attachment":"scroll","background-type":"","background-media":"","overlay-type":"","overlay-color":"","overlay-opacity":"","overlay-gradient":""},"tablet":{"background-color":"","background-image":"","background-repeat":"repeat","background-position":"center center","background-size":"auto","background-attachment":"scroll","background-type":"","background-media":"","overlay-type":"","overlay-color":"","overlay-opacity":"","overlay-gradient":""},"mobile":{"background-color":"","background-image":"","background-repeat":"repeat","background-position":"center center","background-size":"auto","background-attachment":"scroll","background-type":"","background-media":"","overlay-type":"","overlay-color":"","overlay-opacity":"","overlay-gradient":""}},"ast-content-background-meta":{"desktop":{"background-color":"var(--ast-global-color-5)","background-image":"","background-repeat":"repeat","background-position":"center center","background-size":"auto","background-attachment":"scroll","background-type":"","background-media":"","overlay-type":"","overlay-color":"","overlay-opacity":"","overlay-gradient":""},"tablet":{"background-color":"var(--ast-global-color-5)","background-image":"","background-repeat":"repeat","background-position":"center center","background-size":"auto","background-attachment":"scroll","background-type":"","background-media":"","overlay-type":"","overlay-color":"","overlay-opacity":"","overlay-gradient":""},"mobile":{"background-color":"var(--ast-global-color-5)","background-image":"","background-repeat":"repeat","background-position":"center center","background-size":"auto","background-attachment":"scroll","background-type":"","background-media":"","overlay-type":"","overlay-color":"","overlay-opacity":"","overlay-gradient":""}}},"product_brand":[],"product_cat":[40,21],"product_tag":[],"class_list":{"0":"post-2147","1":"product","2":"type-product","3":"status-publish","4":"has-post-thumbnail","6":"product_cat-metal-welding","7":"product_cat-sheet-metal-fabrication","8":"desktop-align-left","9":"tablet-align-left","10":"mobile-align-left","12":"first","13":"instock","14":"shipping-taxable","15":"product-type-simple"},"aioseo_notices":[],"_links":{"self":[{"href":"https:\/\/captecprecision.com\/pt\/wp-json\/wp\/v2\/product\/2147","targetHints":{"allow":["GET"]}}],"collection":[{"href":"https:\/\/captecprecision.com\/pt\/wp-json\/wp\/v2\/product"}],"about":[{"href":"https:\/\/captecprecision.com\/pt\/wp-json\/wp\/v2\/types\/product"}],"replies":[{"embeddable":true,"href":"https:\/\/captecprecision.com\/pt\/wp-json\/wp\/v2\/comments?post=2147"}],"wp:featuredmedia":[{"embeddable":true,"href":"https:\/\/captecprecision.com\/pt\/wp-json\/wp\/v2\/media\/1479"}],"wp:attachment":[{"href":"https:\/\/captecprecision.com\/pt\/wp-json\/wp\/v2\/media?parent=2147"}],"wp:term":[{"taxonomy":"product_brand","embeddable":true,"href":"https:\/\/captecprecision.com\/pt\/wp-json\/wp\/v2\/product_brand?post=2147"},{"taxonomy":"product_cat","embeddable":true,"href":"https:\/\/captecprecision.com\/pt\/wp-json\/wp\/v2\/product_cat?post=2147"},{"taxonomy":"product_tag","embeddable":true,"href":"https:\/\/captecprecision.com\/pt\/wp-json\/wp\/v2\/product_tag?post=2147"}],"curies":[{"name":"wp","href":"https:\/\/api.w.org\/{rel}","templated":true}]}}