{"id":2174,"date":"2024-10-24T02:59:17","date_gmt":"2024-10-24T02:59:17","guid":{"rendered":"https:\/\/captecprecision.com\/?post_type=product&#038;p=2174"},"modified":"2024-10-24T02:59:17","modified_gmt":"2024-10-24T02:59:17","slug":"low-volume-manufacturing-introduction","status":"publish","type":"product","link":"https:\/\/captecprecision.com\/pt\/produtos\/introducao-ao-fabrico-de-baixo-volume\/","title":{"rendered":"Introdu\u00e7\u00e3o ao fabrico de baixo volume"},"content":{"rendered":"<h2>Detalhes do servi\u00e7o de introdu\u00e7\u00e3o ao fabrico de baixo volume<\/h2>\n<div class=\"max-width-960 mx-auto fs-16\">\n<p>Personaliza\u00e7\u00e3o: Oferecemos solu\u00e7\u00f5es de fabrico \u00e0 medida para satisfazer os requisitos espec\u00edficos do seu produto, assegurando que cada unidade \u00e9 produzida de acordo com os mais elevados padr\u00f5es de qualidade.<\/p>\n<p>R\u00e1pida rota\u00e7\u00e3o: Os nossos processos de produ\u00e7\u00e3o \u00e1geis permitem a entrega r\u00e1pida de pequenos lotes, assegurando que pode responder rapidamente \u00e0s exig\u00eancias do mercado.<\/p>\n<p>Garantia de qualidade: Est\u00e3o em vigor medidas rigorosas de controlo de qualidade em todas as fases do processo de fabrico, garantindo uma produ\u00e7\u00e3o consistente e fi\u00e1vel.<\/p>\n<p>A CAPtec est\u00e1 empenhada em fornecer servi\u00e7os de fabrico de baixo volume que combinam flexibilidade, velocidade e qualidade, proporcionando-lhe a vantagem competitiva de que necessita no mercado.<\/p>\n<\/div>","protected":false},"excerpt":{"rendered":"<p>O fabrico de baixo volume \u00e9 o processo de produ\u00e7\u00e3o de um n\u00famero limitado de unidades, tipicamente utilizado para testar o mercado, validar projectos de produtos ou satisfazer encomendas iniciais de clientes. Na CAPtec, especializamo-nos em fornecer solu\u00e7\u00f5es flex\u00edveis e eficientes de fabrico de baixo volume que satisfazem as necessidades \u00fanicas de empresas em fase de arranque e de empresas j\u00e1 estabelecidas.<\/p>\n<ul>\n<li>Solu\u00e7\u00f5es personalizadas<\/li>\n<li>Ciclo de produ\u00e7\u00e3o r\u00e1pido<\/li>\n<li>Controlo de qualidade robusto<\/li>\n<\/ul>\n<p><a href=\"https:\/\/captecprecision.com\/pt\/contacto\/\">Obter um or\u00e7amento<\/a><\/p>","protected":false},"featured_media":2108,"comment_status":"open","ping_status":"closed","template":"","meta":{"om_disable_all_campaigns":false,"_monsterinsights_skip_tracking":false,"_monsterinsights_sitenote_active":false,"_monsterinsights_sitenote_note":"","_monsterinsights_sitenote_category":0,"site-sidebar-layout":"default","site-content-layout":"","ast-site-content-layout":"default","site-content-style":"default","site-sidebar-style":"default","ast-global-header-display":"","ast-banner-title-visibility":"","ast-main-header-display":"","ast-hfb-above-header-display":"","ast-hfb-below-header-display":"","ast-hfb-mobile-header-display":"","site-post-title":"","ast-breadcrumbs-content":"","ast-featured-img":"","footer-sml-layout":"","theme-transparent-header-meta":"default","adv-header-id-meta":"","stick-header-meta":"","header-above-stick-meta":"","header-main-stick-meta":"","header-below-stick-meta":"","astra-migrate-meta-layouts":"set","ast-page-background-enabled":"default","ast-page-background-meta":{"desktop":{"background-color":"var(--ast-global-color-4)","background-image":"","background-repeat":"repeat","background-position":"center center","background-size":"auto","background-attachment":"scroll","background-type":"","background-media":"","overlay-type":"","overlay-color":"","overlay-opacity":"","overlay-gradient":""},"tablet":{"background-color":"","background-image":"","background-repeat":"repeat","background-position":"center center","background-size":"auto","background-attachment":"scroll","background-type":"","background-media":"","overlay-type":"","overlay-color":"","overlay-opacity":"","overlay-gradient":""},"mobile":{"background-color":"","background-image":"","background-repeat":"repeat","background-position":"center center","background-size":"auto","background-attachment":"scroll","background-type":"","background-media":"","overlay-type":"","overlay-color":"","overlay-opacity":"","overlay-gradient":""}},"ast-content-background-meta":{"desktop":{"background-color":"var(--ast-global-color-5)","background-image":"","background-repeat":"repeat","background-position":"center center","background-size":"auto","background-attachment":"scroll","background-type":"","background-media":"","overlay-type":"","overlay-color":"","overlay-opacity":"","overlay-gradient":""},"tablet":{"background-color":"var(--ast-global-color-5)","background-image":"","background-repeat":"repeat","background-position":"center center","background-size":"auto","background-attachment":"scroll","background-type":"","background-media":"","overlay-type":"","overlay-color":"","overlay-opacity":"","overlay-gradient":""},"mobile":{"background-color":"var(--ast-global-color-5)","background-image":"","background-repeat":"repeat","background-position":"center center","background-size":"auto","background-attachment":"scroll","background-type":"","background-media":"","overlay-type":"","overlay-color":"","overlay-opacity":"","overlay-gradient":""}}},"product_brand":[],"product_cat":[48,25],"product_tag":[],"class_list":{"0":"post-2174","1":"product","2":"type-product","3":"status-publish","4":"has-post-thumbnail","6":"product_cat-flexible-and-faster-low-volume-production","7":"product_cat-solutions-and-services","8":"desktop-align-left","9":"tablet-align-left","10":"mobile-align-left","12":"first","13":"instock","14":"shipping-taxable","15":"product-type-simple"},"aioseo_notices":[],"_links":{"self":[{"href":"https:\/\/captecprecision.com\/pt\/wp-json\/wp\/v2\/product\/2174","targetHints":{"allow":["GET"]}}],"collection":[{"href":"https:\/\/captecprecision.com\/pt\/wp-json\/wp\/v2\/product"}],"about":[{"href":"https:\/\/captecprecision.com\/pt\/wp-json\/wp\/v2\/types\/product"}],"replies":[{"embeddable":true,"href":"https:\/\/captecprecision.com\/pt\/wp-json\/wp\/v2\/comments?post=2174"}],"wp:featuredmedia":[{"embeddable":true,"href":"https:\/\/captecprecision.com\/pt\/wp-json\/wp\/v2\/media\/2108"}],"wp:attachment":[{"href":"https:\/\/captecprecision.com\/pt\/wp-json\/wp\/v2\/media?parent=2174"}],"wp:term":[{"taxonomy":"product_brand","embeddable":true,"href":"https:\/\/captecprecision.com\/pt\/wp-json\/wp\/v2\/product_brand?post=2174"},{"taxonomy":"product_cat","embeddable":true,"href":"https:\/\/captecprecision.com\/pt\/wp-json\/wp\/v2\/product_cat?post=2174"},{"taxonomy":"product_tag","embeddable":true,"href":"https:\/\/captecprecision.com\/pt\/wp-json\/wp\/v2\/product_tag?post=2174"}],"curies":[{"name":"wp","href":"https:\/\/api.w.org\/{rel}","templated":true}]}}