{"id":2460,"date":"2024-10-31T01:59:01","date_gmt":"2024-10-31T01:59:01","guid":{"rendered":"https:\/\/captecprecision.com\/?post_type=product&#038;p=2460"},"modified":"2024-10-31T01:59:01","modified_gmt":"2024-10-31T01:59:01","slug":"cnc-machining","status":"publish","type":"product","link":"https:\/\/captecprecision.com\/pt\/produtos\/maquinagem-cnc\/","title":{"rendered":"Maquina\u00e7\u00e3o CNC"},"content":{"rendered":"<p>Detalhes do servi\u00e7o de maquinagem CNC<br \/>\n- Tecnologia avan\u00e7ada de maquinagem CNC:<\/p>\n<p>A Captec utiliza a mais recente tecnologia de maquinagem CNC, combinada com m\u00e1quinas CNC precisas, para obter um processamento de alta precis\u00e3o de materiais met\u00e1licos e n\u00e3o met\u00e1licos, satisfazendo as necessidades de fabrico de pe\u00e7as complexas.<\/p>\n<p>- Capacidades de maquina\u00e7\u00e3o diversificadas:<\/p>\n<p>Os nossos servi\u00e7os de maquinagem CNC abrangem tudo, desde o fabrico de prot\u00f3tipos \u00e0 produ\u00e7\u00e3o em massa, capazes de lidar com v\u00e1rias formas e tamanhos de processamento de pe\u00e7as, incluindo, mas n\u00e3o se limitando a, fresagem, torneamento, perfura\u00e7\u00e3o e retifica\u00e7\u00e3o.<\/p>\n<p>- Solu\u00e7\u00f5es personalizadas:<\/p>\n<p>A Captec oferece servi\u00e7os de maquina\u00e7\u00e3o CNC personalizados, adaptados aos desenhos de projeto do cliente e aos requisitos espec\u00edficos para programa\u00e7\u00e3o e processamento individualizados, garantindo que os produtos satisfazem as necessidades particulares do cliente.<\/p>","protected":false},"excerpt":{"rendered":"<p>Como pedra angular da nossa atividade, oferecemos uma vasta gama de servi\u00e7os de maquinagem CNC adaptados \u00e0s suas necessidades. Quer pretenda criar um prot\u00f3tipo ou produzir pe\u00e7as, estamos equipados para lidar com geometrias complexas, exig\u00eancias de materiais especializados e acabamentos de superf\u00edcie espec\u00edficos com precis\u00e3o e experi\u00eancia.<\/p>\n<p><a href=\"https:\/\/captecprecision.com\/pt\/contacto\/\">Obter um or\u00e7amento<\/a><\/p>","protected":false},"featured_media":1459,"comment_status":"open","ping_status":"closed","template":"","meta":{"om_disable_all_campaigns":false,"_monsterinsights_skip_tracking":false,"_monsterinsights_sitenote_active":false,"_monsterinsights_sitenote_note":"","_monsterinsights_sitenote_category":0,"site-sidebar-layout":"default","site-content-layout":"","ast-site-content-layout":"default","site-content-style":"default","site-sidebar-style":"default","ast-global-header-display":"","ast-banner-title-visibility":"","ast-main-header-display":"","ast-hfb-above-header-display":"","ast-hfb-below-header-display":"","ast-hfb-mobile-header-display":"","site-post-title":"","ast-breadcrumbs-content":"","ast-featured-img":"","footer-sml-layout":"","theme-transparent-header-meta":"default","adv-header-id-meta":"","stick-header-meta":"","header-above-stick-meta":"","header-main-stick-meta":"","header-below-stick-meta":"","astra-migrate-meta-layouts":"set","ast-page-background-enabled":"default","ast-page-background-meta":{"desktop":{"background-color":"var(--ast-global-color-4)","background-image":"","background-repeat":"repeat","background-position":"center center","background-size":"auto","background-attachment":"scroll","background-type":"","background-media":"","overlay-type":"","overlay-color":"","overlay-opacity":"","overlay-gradient":""},"tablet":{"background-color":"","background-image":"","background-repeat":"repeat","background-position":"center center","background-size":"auto","background-attachment":"scroll","background-type":"","background-media":"","overlay-type":"","overlay-color":"","overlay-opacity":"","overlay-gradient":""},"mobile":{"background-color":"","background-image":"","background-repeat":"repeat","background-position":"center center","background-size":"auto","background-attachment":"scroll","background-type":"","background-media":"","overlay-type":"","overlay-color":"","overlay-opacity":"","overlay-gradient":""}},"ast-content-background-meta":{"desktop":{"background-color":"var(--ast-global-color-5)","background-image":"","background-repeat":"repeat","background-position":"center center","background-size":"auto","background-attachment":"scroll","background-type":"","background-media":"","overlay-type":"","overlay-color":"","overlay-opacity":"","overlay-gradient":""},"tablet":{"background-color":"var(--ast-global-color-5)","background-image":"","background-repeat":"repeat","background-position":"center center","background-size":"auto","background-attachment":"scroll","background-type":"","background-media":"","overlay-type":"","overlay-color":"","overlay-opacity":"","overlay-gradient":""},"mobile":{"background-color":"var(--ast-global-color-5)","background-image":"","background-repeat":"repeat","background-position":"center center","background-size":"auto","background-attachment":"scroll","background-type":"","background-media":"","overlay-type":"","overlay-color":"","overlay-opacity":"","overlay-gradient":""}}},"product_brand":[],"product_cat":[19],"product_tag":[],"class_list":{"0":"post-2460","1":"product","2":"type-product","3":"status-publish","4":"has-post-thumbnail","6":"product_cat-cnc-machining","7":"desktop-align-left","8":"tablet-align-left","9":"mobile-align-left","11":"first","12":"instock","13":"shipping-taxable","14":"product-type-simple"},"aioseo_notices":[],"_links":{"self":[{"href":"https:\/\/captecprecision.com\/pt\/wp-json\/wp\/v2\/product\/2460","targetHints":{"allow":["GET"]}}],"collection":[{"href":"https:\/\/captecprecision.com\/pt\/wp-json\/wp\/v2\/product"}],"about":[{"href":"https:\/\/captecprecision.com\/pt\/wp-json\/wp\/v2\/types\/product"}],"replies":[{"embeddable":true,"href":"https:\/\/captecprecision.com\/pt\/wp-json\/wp\/v2\/comments?post=2460"}],"wp:featuredmedia":[{"embeddable":true,"href":"https:\/\/captecprecision.com\/pt\/wp-json\/wp\/v2\/media\/1459"}],"wp:attachment":[{"href":"https:\/\/captecprecision.com\/pt\/wp-json\/wp\/v2\/media?parent=2460"}],"wp:term":[{"taxonomy":"product_brand","embeddable":true,"href":"https:\/\/captecprecision.com\/pt\/wp-json\/wp\/v2\/product_brand?post=2460"},{"taxonomy":"product_cat","embeddable":true,"href":"https:\/\/captecprecision.com\/pt\/wp-json\/wp\/v2\/product_cat?post=2460"},{"taxonomy":"product_tag","embeddable":true,"href":"https:\/\/captecprecision.com\/pt\/wp-json\/wp\/v2\/product_tag?post=2460"}],"curies":[{"name":"wp","href":"https:\/\/api.w.org\/{rel}","templated":true}]}}